{"id":597,"date":"2007-12-03T08:56:08","date_gmt":"2007-12-03T06:56:08","guid":{"rendered":"http:\/\/www.theglade.com\/toleblog\/?page_id=597"},"modified":"2007-12-03T08:58:48","modified_gmt":"2007-12-03T06:58:48","slug":"vote-the-dubbl","status":"publish","type":"page","link":"https:\/\/www.theglade.com\/toleblog\/?page_id=597","title":{"rendered":"Vote the Dubbl!"},"content":{"rendered":"<p>Willkommen bei Vote the Dubbl! Hier wird jeden Monat der Dubbl des Monats gew\u00e4hlt (<a href=\"https:\/\/www.theglade.com\/toleblog\/?page_id=594\">Spielregeln<\/a>).<\/p>\n<ul>\n<li><a href=\"https:\/\/www.theglade.com\/toleblog\/?page_id=592\">Wahl zum Dubbl des Monats November 2007<\/a><\/li>\n<li><a href=\"https:\/\/www.theglade.com\/toleblog\/?page_id=595\">Vorschl\u00e4ge zum Dubbl des Monats Dezember 2007<\/a><\/li>\n<\/ul>\n<p>Archiv:<\/p>\n<ul>\n<li><a href=\"https:\/\/www.theglade.com\/toleblog\/?page_id=578\">Nominierungen f\u00fcr den Dubbl 11\/07<\/a><\/li>\n<\/ul>\n<div style=\"text-align:center;\">\n<table style=\"margin:auto;\">\n<tr>\n<td><img decoding=\"async\" src=\"https:\/\/www.theglade.com\/toleblog\/votethedubbl_kl.gif\" alt=\"Vote the Dubbl!\" title=\"Vote the Dubbl!\"><\/td>\n<td style=\"padding-left: 5px;\">is inspired by <a href=\"http:\/\/www.dubbl.de\">Dubbl.de<\/a><\/td>\n<\/tr>\n<\/table>\n<\/div>\n","protected":false},"excerpt":{"rendered":"<p>Willkommen bei Vote the Dubbl! Hier wird jeden Monat der Dubbl des Monats gew\u00e4hlt (Spielregeln). Wahl zum Dubbl des Monats November 2007 Vorschl\u00e4ge zum Dubbl des Monats Dezember 2007 Archiv: Nominierungen f\u00fcr den Dubbl 11\/07 is inspired by Dubbl.de<\/p>\n","protected":false},"author":1,"featured_media":0,"parent":0,"menu_order":0,"comment_status":"open","ping_status":"open","template":"","meta":{"footnotes":""},"class_list":["post-597","page","type-page","status-publish","hentry"],"_links":{"self":[{"href":"https:\/\/www.theglade.com\/toleblog\/index.php?rest_route=\/wp\/v2\/pages\/597","targetHints":{"allow":["GET"]}}],"collection":[{"href":"https:\/\/www.theglade.com\/toleblog\/index.php?rest_route=\/wp\/v2\/pages"}],"about":[{"href":"https:\/\/www.theglade.com\/toleblog\/index.php?rest_route=\/wp\/v2\/types\/page"}],"author":[{"embeddable":true,"href":"https:\/\/www.theglade.com\/toleblog\/index.php?rest_route=\/wp\/v2\/users\/1"}],"replies":[{"embeddable":true,"href":"https:\/\/www.theglade.com\/toleblog\/index.php?rest_route=%2Fwp%2Fv2%2Fcomments&post=597"}],"version-history":[{"count":0,"href":"https:\/\/www.theglade.com\/toleblog\/index.php?rest_route=\/wp\/v2\/pages\/597\/revisions"}],"wp:attachment":[{"href":"https:\/\/www.theglade.com\/toleblog\/index.php?rest_route=%2Fwp%2Fv2%2Fmedia&parent=597"}],"curies":[{"name":"wp","href":"https:\/\/api.w.org\/{rel}","templated":true}]}}