{"id":595,"date":"2007-12-03T08:48:20","date_gmt":"2007-12-03T06:48:20","guid":{"rendered":"http:\/\/www.theglade.com\/toleblog\/?page_id=595"},"modified":"2007-12-03T08:54:00","modified_gmt":"2007-12-03T06:54:00","slug":"vote-the-dubbl-nominierungen-1207","status":"publish","type":"page","link":"https:\/\/www.theglade.com\/toleblog\/?page_id=595","title":{"rendered":"Vote the Dubbl! &#8211; Nominierungen 12\/07"},"content":{"rendered":"<p>Hier bitte Vorschl\u00e4ge f\u00fcr die Wahl zum Dubbl des Monats <strong>Dezember 2007<\/strong> mit Begr\u00fcndungen.<\/p>\n<div style=\"margin: 10px; padding:10px; border: 1px solid #222222; background-color: #DDDDDD; text-align:left;\">\n<strong>Spielregeln:<\/strong><\/p>\n<ol>\n<li>Berechtigt f\u00fcr eine Nominierung sind Menschen, Tiere, Sachen und aktuelle Geschehnisse.<\/li>\n<li>Grund f\u00fcr eine Nominierung ist prim\u00e4r dubbeliges Verhalten, besonders im Extremfall (z.B. wenn jemand am gleichen Tag mehrmals in den gleichen Blitzer f\u00e4hrt etc.)<\/li>\n<li>Grund f\u00fcr eine Nominierung kann nat\u00fcrlich auch ein dubbeliger Ausspruch sein.<\/li>\n<li><strong>Nominierungs-Begr\u00fcndungen d\u00fcrfen nicht beleidigend sein!<\/strong> Kommentare wie &#8222;xxx wird nominiert, weil er ein so bescheuertes A****loch ist&#8220; werden umgehend gel\u00f6scht.<\/li>\n<li>Ein Vorschlag f\u00fchrt nicht automatisch zur Nominierung. Der Nominierungsausschuss entscheidet \u00fcber die Nominierungen und kann diese ohne Angabe von Gr\u00fcnden zulassen oder verweigern.<\/li>\n<li>Personen k\u00f6nnen f\u00fcr die Nominierung teilweise anonymisiert werden (Tobias S. aus E.a.R.)<\/li>\n<li>Die Wahl zum &#8222;Dubbl des Monats&#8220; findet immer im darauf folgenden Monat statt. Zur Auswahl stehen alle Kandidaten aus der Vorschlagliste, deren Nominierung vom Nominierungsausschuss zugelassen wurde.<\/li>\n<li>Gibt es in einem Monat nur eine Nominierung, findet keine Wahl statt.<\/li>\n<li>Bei h\u00e4ufigem Missbrauch oder Verst\u00f6\u00dfen gegen diese Spielregeln wird &#8222;Vote the Dubbl!&#8220; eingestellt.<\/li>\n<li>Wem diese Spielregeln nicht passen ist selber ein Dubbl!<\/li>\n<\/ol>\n<\/div>\n<div style=\"text-align:center;\">\n<table style=\"margin:auto;\">\n<tr>\n<td><img decoding=\"async\" src=\"https:\/\/www.theglade.com\/toleblog\/votethedubbl_kl.gif\" alt=\"Vote the Dubbl!\" title=\"Vote the Dubbl!\"><\/td>\n<td style=\"padding-left: 5px;\">is inspired by <a href=\"http:\/\/www.dubbl.de\">Dubbl.de<\/a><\/td>\n<\/tr>\n<\/table>\n<\/div>\n","protected":false},"excerpt":{"rendered":"<p>Hier bitte Vorschl\u00e4ge f\u00fcr die Wahl zum Dubbl des Monats Dezember 2007 mit Begr\u00fcndungen. Spielregeln: Berechtigt f\u00fcr eine Nominierung sind Menschen, Tiere, Sachen und aktuelle Geschehnisse. Grund f\u00fcr eine Nominierung ist prim\u00e4r dubbeliges Verhalten, besonders im Extremfall (z.B. wenn jemand am gleichen Tag mehrmals in den gleichen Blitzer f\u00e4hrt etc.) Grund f\u00fcr eine Nominierung kann <a class=\"more-link\" href=\"https:\/\/www.theglade.com\/toleblog\/?page_id=595\">weiterlesen&#8230;<\/a><\/p>\n","protected":false},"author":1,"featured_media":0,"parent":0,"menu_order":0,"comment_status":"open","ping_status":"closed","template":"","meta":{"footnotes":""},"class_list":["post-595","page","type-page","status-publish","hentry"],"_links":{"self":[{"href":"https:\/\/www.theglade.com\/toleblog\/index.php?rest_route=\/wp\/v2\/pages\/595","targetHints":{"allow":["GET"]}}],"collection":[{"href":"https:\/\/www.theglade.com\/toleblog\/index.php?rest_route=\/wp\/v2\/pages"}],"about":[{"href":"https:\/\/www.theglade.com\/toleblog\/index.php?rest_route=\/wp\/v2\/types\/page"}],"author":[{"embeddable":true,"href":"https:\/\/www.theglade.com\/toleblog\/index.php?rest_route=\/wp\/v2\/users\/1"}],"replies":[{"embeddable":true,"href":"https:\/\/www.theglade.com\/toleblog\/index.php?rest_route=%2Fwp%2Fv2%2Fcomments&post=595"}],"version-history":[{"count":0,"href":"https:\/\/www.theglade.com\/toleblog\/index.php?rest_route=\/wp\/v2\/pages\/595\/revisions"}],"wp:attachment":[{"href":"https:\/\/www.theglade.com\/toleblog\/index.php?rest_route=%2Fwp%2Fv2%2Fmedia&parent=595"}],"curies":[{"name":"wp","href":"https:\/\/api.w.org\/{rel}","templated":true}]}}