{"id":108,"date":"2006-06-09T22:49:32","date_gmt":"2006-06-09T21:49:32","guid":{"rendered":"http:\/\/www.theglade.com\/toleblog\/?page_id=108"},"modified":"2006-07-10T09:07:17","modified_gmt":"2006-07-10T07:07:17","slug":"tobis-wm-tipp","status":"publish","type":"page","link":"https:\/\/www.theglade.com\/toleblog\/?page_id=108","title":{"rendered":"Tobis WM-Tipp"},"content":{"rendered":"<p>Das gro\u00dfe Zosse-Posse-WM-Tippspiel funktioniert folgenderma\u00dfen: Die Vorrunde wird als Ganzes getippt, danach jede Runde einzeln. Genaue \u00dcbereinstimmungen bringen 3 Punkte, Tendenz\u00fcbereinstimmungen 1 Punkt.<\/p>\n<table width=100%>\n<tr>\n<td><center><strong>Gruppe A<\/strong><\/center><\/p>\n<table style=\"font-size: 80%\">\n<tr>\n<td> <\/td>\n<td>Tipp<\/td>\n<td>Erg.<\/td>\n<td>P.<\/td>\n<\/tr>\n<tr>\n<td>Deutschland : Costa Rica <\/td>\n<td>3:0 <\/td>\n<td>4:2 <\/td>\n<td>1 <\/td>\n<\/tr>\n<tr>\n<td>Polen : Equador<\/td>\n<td>1:1 <\/td>\n<td>0:2 <\/td>\n<td>0 <\/td>\n<\/tr>\n<tr>\n<td>Deutschland : Polen<\/td>\n<td>2:1 <\/td>\n<td>1:0<\/td>\n<td>1<\/td>\n<\/tr>\n<tr>\n<td>Equador : Costa Rica<\/td>\n<td>1:2 <\/td>\n<td>3:0<\/td>\n<td>0<\/td>\n<\/tr>\n<tr>\n<td>Equador : Deutschland<\/td>\n<td>0:1 <\/td>\n<td>0:3<\/td>\n<td>1<\/td>\n<\/tr>\n<tr>\n<td>Costa Rica : Polen<\/td>\n<td>1:1 <\/td>\n<td>1:2<\/td>\n<td>0<\/td>\n<\/tr>\n<\/table>\n<p>Gesamtpunkte Gruppe A: 3<\/td>\n<td> <\/td>\n<td align=right><center><strong>Gruppe B<\/strong><\/center><\/p>\n<table style=\"font-size: 80%\">\n<tr>\n<td> <\/td>\n<td>Tipp<\/td>\n<td>Erg.<\/td>\n<td>P.<\/td>\n<\/tr>\n<tr>\n<td>Englang : Paraguay<\/td>\n<td>2:1 <\/td>\n<td>1:0 <\/td>\n<td>1<\/td>\n<\/tr>\n<tr>\n<td>Trin.u.Tob. : Schweden<\/td>\n<td>0:1<\/td>\n<td>0:0 <\/td>\n<td>0<\/td>\n<\/tr>\n<tr>\n<td>England : Trin.u.Tob.<\/td>\n<td>1:0<\/td>\n<td>2:0<\/td>\n<td>1<\/td>\n<\/tr>\n<tr>\n<td>Schweden : Paraguay<\/td>\n<td>2:0<\/td>\n<td>1:0<\/td>\n<td>1<\/td>\n<\/tr>\n<tr>\n<td>Schweden : England<\/td>\n<td>2:2<\/td>\n<td>2:2<\/td>\n<td>3<\/td>\n<\/tr>\n<tr>\n<td>Paraguay : Trin.u.Tob.<\/td>\n<td>1:1<\/td>\n<td>1:0<\/td>\n<td>0<\/td>\n<\/tr>\n<\/table>\n<p> Gesamtpunkte Gruppe B: 6<\/td>\n<\/tr>\n<\/table>\n<p>&nbsp;<\/p>\n<table width=100%>\n<tr>\n<td><center><strong>Gruppe C<\/strong><\/center><\/p>\n<table style=\"font-size: 80%\">\n<tr>\n<td> <\/td>\n<td>Tipp<\/td>\n<td>Erg.<\/td>\n<td>P.<\/td>\n<\/tr>\n<tr>\n<td>Argentinien : Elfenbeink.<\/td>\n<td>3:0<\/td>\n<td>2:1<\/td>\n<td>1<\/td>\n<\/tr>\n<tr>\n<td>Serb.-Mont. : Niederlande<\/td>\n<td>1:2 <\/td>\n<td>0:1<\/td>\n<td>1<\/td>\n<\/tr>\n<tr>\n<td>Argentinien : Serb.-Mont.<\/td>\n<td>3:0<\/td>\n<td>6:0<\/td>\n<td>1<\/td>\n<\/tr>\n<tr>\n<td>Niederlande : Elfenbeink.<\/td>\n<td>1:2<\/td>\n<td>2:1<\/td>\n<td>0<\/td>\n<\/tr>\n<tr>\n<td>Niederlande : Argentinien<\/td>\n<td>1:1<\/td>\n<td>0:0<\/td>\n<td>1<\/td>\n<\/tr>\n<tr>\n<td>Elfenbeink. : Serb.-Mont.<\/td>\n<td>0:1<\/td>\n<td>3:2<\/td>\n<td>0<\/td>\n<\/tr>\n<\/table>\n<p>Gesamtpunkte Gruppe C: 4<\/td>\n<td> <\/td>\n<td align=right><center><strong>Gruppe D<\/strong><\/center><\/p>\n<table style=\"font-size: 80%\">\n<tr>\n<td> <\/td>\n<td>Tipp<\/td>\n<td>Erg.<\/td>\n<td>P.<\/td>\n<\/tr>\n<tr>\n<td>Mexico : Iran<\/td>\n<td>2:0<\/td>\n<td>3:1<\/td>\n<td>1<\/td>\n<\/tr>\n<tr>\n<td>Angola : Portugal<\/td>\n<td>0:1<\/td>\n<td>0:1<\/td>\n<td>3<\/td>\n<\/tr>\n<tr>\n<td>Mexico : Angola<\/td>\n<td>1:1<\/td>\n<td>0:0<\/td>\n<td>1<\/td>\n<\/tr>\n<tr>\n<td>Portugal : Iran<\/td>\n<td>3:0<\/td>\n<td>2:0<\/td>\n<td>1<\/td>\n<\/tr>\n<tr>\n<td>Portugal : Mexico<\/td>\n<td>1:2<\/td>\n<td>2:1<\/td>\n<td>0<\/td>\n<\/tr>\n<tr>\n<td>Iran : Angola<\/td>\n<td>0:1<\/td>\n<td>1:1<\/td>\n<td>0<\/td>\n<\/tr>\n<\/table>\n<p>Gesamtpunkte Gruppe D: 6<\/td>\n<\/tr>\n<\/table>\n<p>&nbsp;<\/p>\n<table width=100%>\n<tr>\n<td><center><strong>Gruppe E<\/strong><\/center><\/p>\n<table style=\"font-size: 80%\">\n<tr>\n<td> <\/td>\n<td>Tipp<\/td>\n<td>Erg.<\/td>\n<td>P.<\/td>\n<\/tr>\n<tr>\n<td>Italien : Ghana<\/td>\n<td>1:1<\/td>\n<td>2:0<\/td>\n<td>0<\/td>\n<\/tr>\n<tr>\n<td>USA : Tschechien<\/td>\n<td>1:1<\/td>\n<td>0:3<\/td>\n<td>0<\/td>\n<\/tr>\n<tr>\n<td>Italien : USA<\/td>\n<td>3:0<\/td>\n<td>1:1<\/td>\n<td>0<\/td>\n<\/tr>\n<tr>\n<td>Tschechien : Ghana<\/td>\n<td>0:2<\/td>\n<td>0:2<\/td>\n<td>3<\/td>\n<\/tr>\n<tr>\n<td>Tschechien : Italien<\/td>\n<td>1:2<\/td>\n<td>0:2<\/td>\n<td>1<\/td>\n<\/tr>\n<tr>\n<td>Ghana : USA<\/td>\n<td>0:0<\/td>\n<td>2:1<\/td>\n<td>0<\/td>\n<\/tr>\n<\/table>\n<p>Gesamtpunkte Gruppe E: 4<\/td>\n<td> <\/td>\n<td align=right><center><strong>Gruppe F<\/strong><\/center><\/p>\n<table style=\"font-size: 80%\">\n<tr>\n<td> <\/td>\n<td>Tipp<\/td>\n<td>Erg.<\/td>\n<td>P.<\/td>\n<\/tr>\n<tr>\n<td>Australien : Japan<\/td>\n<td>1:1<\/td>\n<td>3:1<\/td>\n<td>0<\/td>\n<\/tr>\n<tr>\n<td>Brasilien : Kroatien<\/td>\n<td>4:1<\/td>\n<td>1:0<\/td>\n<td>1<\/td>\n<\/tr>\n<tr>\n<td>Brasilien : Australien<\/td>\n<td>2:0<\/td>\n<td>2:0<\/td>\n<td>3<\/td>\n<\/tr>\n<tr>\n<td>Japan : Kroatien<\/td>\n<td>1:1<\/td>\n<td>0:0<\/td>\n<td>1<\/td>\n<\/tr>\n<tr>\n<td>Japan : Brasilien<\/td>\n<td>0:3<\/td>\n<td>1:4<\/td>\n<td>1<\/td>\n<\/tr>\n<tr>\n<td>Kroatien : Australien<\/td>\n<td>2:1<\/td>\n<td>2:2<\/td>\n<td>0<\/td>\n<\/tr>\n<\/table>\n<p>Gesamtpunkte Gruppe F: 6<\/td>\n<\/tr>\n<\/table>\n<p>&nbsp;<\/p>\n<table width=100%>\n<tr>\n<td><center><strong>Gruppe G<\/strong><\/center><\/p>\n<table style=\"font-size: 80%\">\n<tr>\n<td> <\/td>\n<td>Tipp<\/td>\n<td>Erg.<\/td>\n<td>P.<\/td>\n<\/tr>\n<tr>\n<td>Frankreich : Schweiz<\/td>\n<td>2:1<\/td>\n<td>0:0<\/td>\n<td>0<\/td>\n<\/tr>\n<tr>\n<td>S\u00fcdkorea : Togo<\/td>\n<td>2:2<\/td>\n<td>2:1<\/td>\n<td>0<\/td>\n<\/tr>\n<tr>\n<td>Frankreich : S\u00fcdkorea<\/td>\n<td>0:1<\/td>\n<td>1:1<\/td>\n<td>0<\/td>\n<\/tr>\n<tr>\n<td>Togo : Schweiz<\/td>\n<td>1:1<\/td>\n<td>0:2<\/td>\n<td>0<\/td>\n<\/tr>\n<tr>\n<td>Togo : Frankreich<\/td>\n<td>0:1<\/td>\n<td>0:2<\/td>\n<td>1<\/td>\n<\/tr>\n<tr>\n<td>Schweiz : S\u00fcdkorea<\/td>\n<td>0:2<\/td>\n<td>2:0<\/td>\n<td>0<\/td>\n<\/tr>\n<\/table>\n<p>Gesamtpunkte Gruppe G: 1<\/td>\n<td> <\/td>\n<td align=right><center><strong>Gruppe H<\/strong><\/center><\/p>\n<table style=\"font-size: 80%;\">\n<tr>\n<td> <\/td>\n<td>Tipp<\/td>\n<td>Erg.<\/td>\n<td>P.<\/td>\n<\/tr>\n<tr>\n<td>Spanien : Ukraine<\/td>\n<td>1:0<\/td>\n<td>4:0<\/td>\n<td>1<\/td>\n<\/tr>\n<tr>\n<td>Tunesien : Saudi-Arab.<\/td>\n<td>2:1<\/td>\n<td>2:2<\/td>\n<td>0<\/td>\n<\/tr>\n<tr>\n<td>Spanien : Tunesien<\/td>\n<td>1:1<\/td>\n<td>3:1<\/td>\n<td>0<\/td>\n<\/tr>\n<tr>\n<td>Saudi-Arab. : Ukraine<\/td>\n<td>0:2<\/td>\n<td>0:4<\/td>\n<td>1<\/td>\n<\/tr>\n<tr>\n<td>Saudi-Arab. : Spanien<\/td>\n<td>0:5<\/td>\n<td>0:1<\/td>\n<td>1<\/td>\n<\/tr>\n<tr>\n<td>Ukraine : Tunesien<\/td>\n<td>1:2<\/td>\n<td>1:0<\/td>\n<td>0<\/td>\n<\/tr>\n<\/table>\n<p>Gesamtpunkte Gruppe H: 3<\/td>\n<\/tr>\n<\/table>\n<p>Da es nach der Vorrunde bei mir sehr schlecht aussieht, muss ich jetzt gegen den Mainstream tippen, um noch ne Chance zu haben:<\/p>\n<p><center><strong>Achtelfinale<\/strong><\/center><\/p>\n<table style=\"font-size: 80%;\">\n<tr>\n<td> <\/td>\n<td>Tipp<\/td>\n<td>Ergebniss<\/td>\n<td>Punkte<\/td>\n<\/tr>\n<tr>\n<td>Deutschland : Schweden<\/td>\n<td>2:0<\/td>\n<td>2:0<\/td>\n<td>3<\/td>\n<\/tr>\n<tr>\n<td>Argentinien : Mexico<\/td>\n<td>3:1<\/td>\n<td>2:1<\/td>\n<td>1<\/td>\n<\/tr>\n<tr>\n<td>England : Equador<\/td>\n<td>1:2<\/td>\n<td>1:0<\/td>\n<td>1<\/td>\n<\/tr>\n<tr>\n<td>Portugal : Niederlande<\/td>\n<td>5:4<\/td>\n<td>1:0<\/td>\n<td>1<\/td>\n<\/tr>\n<tr>\n<td>Italien : Australien<\/td>\n<td>5:6<\/td>\n<td>1:0<\/td>\n<td>0<\/td>\n<\/tr>\n<tr>\n<td>Brasilien : Ghana<\/td>\n<td>2:3<\/td>\n<td>3:0<\/td>\n<td>0<\/td>\n<\/tr>\n<tr>\n<td>Spanien : Frankreich<\/td>\n<td>2:1<\/td>\n<td>1:3<\/td>\n<td>0<\/td>\n<\/tr>\n<tr>\n<td>Ukraine : Schweiz<\/td>\n<td>0:1<\/td>\n<td>3:0<\/td>\n<td>0<\/td>\n<\/tr>\n<\/table>\n<p>Gesamtpunkte Achtelfinale: 5<\/p>\n<p><center><strong>Viertelfinale<\/strong><\/center><\/p>\n<table style=\"font-size: 80%;\">\n<tr>\n<td> <\/td>\n<td>Tipp<\/td>\n<td>Ergebniss<\/td>\n<td>Punkte<\/td>\n<\/tr>\n<tr>\n<td>Deutschland : Argentinien<\/td>\n<td>3:1<\/td>\n<td>5:3<\/td>\n<td>1<\/td>\n<\/tr>\n<tr>\n<td>Italien : Ukraine<\/td>\n<td>2:0<\/td>\n<td>3:0<\/td>\n<td>1<\/td>\n<\/tr>\n<tr>\n<td>England : Portugal<\/td>\n<td>4:5<\/td>\n<td>1:3<\/td>\n<td>1<\/td>\n<\/tr>\n<tr>\n<td>Brasilien : Frankreich<\/td>\n<td>2:1<\/td>\n<td>0:1<\/td>\n<td>0<\/td>\n<\/tr>\n<\/table>\n<p>Gesamtpunkte Viertelfinale: 3<\/p>\n<p><center><strong>Halbfinale<\/strong><\/center><\/p>\n<table style=\"font-size: 80%;\">\n<tr>\n<td> <\/td>\n<td>Tipp<\/td>\n<td>Ergebniss<\/td>\n<td>Punkte<\/td>\n<\/tr>\n<tr>\n<td>Deutschland : Italien<\/td>\n<td>2:1<\/td>\n<td>0:2<\/td>\n<td>0<\/td>\n<\/tr>\n<tr>\n<td>Portugal : Frankreich<\/td>\n<td>0:1<\/td>\n<td>0:1<\/td>\n<td>3<\/td>\n<\/tr>\n<\/table>\n<p>Gesamtpunkte Halbfinale: 3<\/p>\n<p><center><strong>Spiel um Platz 3<\/strong><\/center><\/p>\n<table style=\"font-size: 80%;\">\n<tr>\n<td> <\/td>\n<td>Tipp<\/td>\n<td>Ergebniss<\/td>\n<td>Punkte<\/td>\n<\/tr>\n<tr>\n<td>Deutschland : Portugal<\/td>\n<td>2:1<\/td>\n<td>3:1<\/td>\n<td>1<\/td>\n<\/tr>\n<\/table>\n<p><center><strong>Finale<\/strong><\/center><\/p>\n<table style=\"font-size: 80%;\">\n<tr>\n<td> <\/td>\n<td>Tipp<\/td>\n<td>Ergebniss<\/td>\n<td>Punkte<\/td>\n<\/tr>\n<tr>\n<td>Frankreich : Italien<\/td>\n<td>2:1<\/td>\n<td>4:6<\/td>\n<td>0<\/td>\n<\/tr>\n<\/table>\n<p>Gesamtpunkte Finalrunde: 1<\/p>\n","protected":false},"excerpt":{"rendered":"<p>Das gro\u00dfe Zosse-Posse-WM-Tippspiel funktioniert folgenderma\u00dfen: Die Vorrunde wird als Ganzes getippt, danach jede Runde einzeln. Genaue \u00dcbereinstimmungen bringen 3 Punkte, Tendenz\u00fcbereinstimmungen 1 Punkt. Gruppe A Tipp Erg. P. Deutschland : Costa Rica 3:0 4:2 1 Polen : Equador 1:1 0:2 0 Deutschland : Polen 2:1 1:0 1 Equador : Costa Rica 1:2 3:0 0 Equador <a class=\"more-link\" href=\"https:\/\/www.theglade.com\/toleblog\/?page_id=108\">weiterlesen&#8230;<\/a><\/p>\n","protected":false},"author":1,"featured_media":0,"parent":0,"menu_order":0,"comment_status":"open","ping_status":"open","template":"","meta":{"footnotes":""},"class_list":["post-108","page","type-page","status-publish","hentry"],"_links":{"self":[{"href":"https:\/\/www.theglade.com\/toleblog\/index.php?rest_route=\/wp\/v2\/pages\/108","targetHints":{"allow":["GET"]}}],"collection":[{"href":"https:\/\/www.theglade.com\/toleblog\/index.php?rest_route=\/wp\/v2\/pages"}],"about":[{"href":"https:\/\/www.theglade.com\/toleblog\/index.php?rest_route=\/wp\/v2\/types\/page"}],"author":[{"embeddable":true,"href":"https:\/\/www.theglade.com\/toleblog\/index.php?rest_route=\/wp\/v2\/users\/1"}],"replies":[{"embeddable":true,"href":"https:\/\/www.theglade.com\/toleblog\/index.php?rest_route=%2Fwp%2Fv2%2Fcomments&post=108"}],"version-history":[{"count":0,"href":"https:\/\/www.theglade.com\/toleblog\/index.php?rest_route=\/wp\/v2\/pages\/108\/revisions"}],"wp:attachment":[{"href":"https:\/\/www.theglade.com\/toleblog\/index.php?rest_route=%2Fwp%2Fv2%2Fmedia&parent=108"}],"curies":[{"name":"wp","href":"https:\/\/api.w.org\/{rel}","templated":true}]}}