{"id":944,"date":"2021-03-09T16:26:57","date_gmt":"2021-03-09T15:26:57","guid":{"rendered":"https:\/\/www.theglade.com\/?page_id=944"},"modified":"2021-03-11T23:24:41","modified_gmt":"2021-03-11T22:24:41","slug":"stuttgart-21","status":"publish","type":"page","link":"https:\/\/www.theglade.com\/?page_id=944","title":{"rendered":"Stuttgart 21"},"content":{"rendered":"\n<p>Aus einer spontanen Idee entstand im Herbst 2010 die Grafik &#8222;Juchti und der Grubenlurch&#8220; um f\u00fcr mehr Verst\u00e4ndnis im Konflikt werben. Daraus entwickelte sich die Figur Super-Juchti, sp\u00e4ter weitere Cartoon wie die Beschimpfungsratten oder Juchtiwelt (auch in <a rel=\"noreferrer noopener\" href=\"http:\/\/www.theglade.com\/cms\/upload\/sonstige\/juchtiwelt-doof-hd.png\" target=\"_blank\">h\u00f6herer Aufl\u00f6sung <\/a>verf\u00fcgbar). &nbsp; <\/p>\n\n\n<div class=\"foogallery foogallery-container foogallery-justified foogallery-lightbox-foobox fg-justified fg-light fg-shadow-outline fg-loading-default fg-loaded-fade-in fg-caption-always fg-hover-fade fg-hover-zoom2 fg-ready\" id=\"foogallery-gallery-947\" data-foogallery=\"{&quot;item&quot;:{&quot;showCaptionTitle&quot;:true,&quot;showCaptionDescription&quot;:false},&quot;lazy&quot;:true,&quot;src&quot;:&quot;data-src-fg&quot;,&quot;srcset&quot;:&quot;data-srcset-fg&quot;,&quot;template&quot;:{&quot;rowHeight&quot;:200,&quot;maxRowHeight&quot;:&quot;150%&quot;,&quot;margins&quot;:20,&quot;lastRow&quot;:&quot;nojustify&quot;}}\" data-fg-common-fields=\"1\" >\r\n\t<div class=\"fg-item\"><figure class=\"fg-item-inner\"><a href=\"https:\/\/www.theglade.com\/wp-content\/uploads\/2021\/03\/00juchtiwelt-doof1200.png\" data-attachment-id=\"402\" class=\"fg-thumb\"><span class=\"fg-image-wrap\"><img height=\"250\" width=\"318\" data-src-fg=\"https:\/\/www.theglade.com\/wp-content\/uploads\/cache\/2021\/03\/00juchtiwelt-doof1200\/4170607004.png\" class=\"fg-image\" \/><\/span><\/a><figcaption class=\"fg-caption\"><div class=\"fg-caption-inner\"><\/div><\/figcaption><\/figure><div class=\"fg-loader\"><\/div><\/div><div class=\"fg-item\"><figure class=\"fg-item-inner\"><a href=\"https:\/\/www.theglade.com\/wp-content\/uploads\/2021\/03\/000wirkaefer1000.png\" data-attachment-id=\"401\" class=\"fg-thumb\"><span class=\"fg-image-wrap\"><img height=\"250\" width=\"191\" data-src-fg=\"https:\/\/www.theglade.com\/wp-content\/uploads\/cache\/2021\/03\/000wirkaefer1000\/3359882148.png\" class=\"fg-image\" \/><\/span><\/a><figcaption class=\"fg-caption\"><div class=\"fg-caption-inner\"><\/div><\/figcaption><\/figure><div class=\"fg-loader\"><\/div><\/div><div class=\"fg-item\"><figure class=\"fg-item-inner\"><a href=\"https:\/\/www.theglade.com\/wp-content\/uploads\/2021\/03\/wahljuchti1000.png\" data-attachment-id=\"399\" class=\"fg-thumb\"><span class=\"fg-image-wrap\"><img height=\"250\" width=\"214\" data-src-fg=\"https:\/\/www.theglade.com\/wp-content\/uploads\/cache\/2021\/03\/wahljuchti1000\/73216121.png\" class=\"fg-image\" \/><\/span><\/a><figcaption class=\"fg-caption\"><div class=\"fg-caption-inner\"><\/div><\/figcaption><\/figure><div class=\"fg-loader\"><\/div><\/div><div class=\"fg-item\"><figure class=\"fg-item-inner\"><a href=\"https:\/\/www.theglade.com\/wp-content\/uploads\/2021\/03\/weihnachtsjuchti1000.png\" data-attachment-id=\"400\" class=\"fg-thumb\"><span class=\"fg-image-wrap\"><img height=\"250\" width=\"291\" data-src-fg=\"https:\/\/www.theglade.com\/wp-content\/uploads\/cache\/2021\/03\/weihnachtsjuchti1000\/175573743.png\" class=\"fg-image\" \/><\/span><\/a><figcaption class=\"fg-caption\"><div class=\"fg-caption-inner\"><\/div><\/figcaption><\/figure><div class=\"fg-loader\"><\/div><\/div><div class=\"fg-item\"><figure class=\"fg-item-inner\"><a href=\"https:\/\/www.theglade.com\/wp-content\/uploads\/2021\/03\/stresstest_gesamt1400.png\" data-attachment-id=\"394\" class=\"fg-thumb\"><span class=\"fg-image-wrap\"><img height=\"250\" width=\"761\" data-src-fg=\"https:\/\/www.theglade.com\/wp-content\/uploads\/cache\/2021\/03\/stresstest_gesamt1400\/2065044820.png\" class=\"fg-image\" \/><\/span><\/a><figcaption class=\"fg-caption\"><div class=\"fg-caption-inner\"><\/div><\/figcaption><\/figure><div class=\"fg-loader\"><\/div><\/div><div class=\"fg-item\"><figure class=\"fg-item-inner\"><a href=\"https:\/\/www.theglade.com\/wp-content\/uploads\/2021\/03\/stresstest_fertig1200.png\" data-attachment-id=\"393\" class=\"fg-thumb\"><span class=\"fg-image-wrap\"><img height=\"250\" width=\"479\" data-src-fg=\"https:\/\/www.theglade.com\/wp-content\/uploads\/cache\/2021\/03\/stresstest_fertig1200\/3042434939.png\" class=\"fg-image\" \/><\/span><\/a><figcaption class=\"fg-caption\"><div class=\"fg-caption-inner\"><\/div><\/figcaption><\/figure><div class=\"fg-loader\"><\/div><\/div><div class=\"fg-item\"><figure class=\"fg-item-inner\"><a href=\"https:\/\/www.theglade.com\/wp-content\/uploads\/2021\/03\/stresstest2_fertig1200.png\" data-attachment-id=\"395\" class=\"fg-thumb\"><span class=\"fg-image-wrap\"><img height=\"250\" width=\"382\" data-src-fg=\"https:\/\/www.theglade.com\/wp-content\/uploads\/cache\/2021\/03\/stresstest2_fertig1200\/3899140999.png\" class=\"fg-image\" \/><\/span><\/a><figcaption class=\"fg-caption\"><div class=\"fg-caption-inner\"><\/div><\/figcaption><\/figure><div class=\"fg-loader\"><\/div><\/div><div class=\"fg-item\"><figure class=\"fg-item-inner\"><a href=\"https:\/\/www.theglade.com\/wp-content\/uploads\/2021\/03\/superjuchti-rede1000.png\" data-attachment-id=\"396\" class=\"fg-thumb\"><span class=\"fg-image-wrap\"><img height=\"250\" width=\"246\" data-src-fg=\"https:\/\/www.theglade.com\/wp-content\/uploads\/cache\/2021\/03\/superjuchti-rede1000\/1643162586.png\" class=\"fg-image\" \/><\/span><\/a><figcaption class=\"fg-caption\"><div class=\"fg-caption-inner\"><\/div><\/figcaption><\/figure><div class=\"fg-loader\"><\/div><\/div><div class=\"fg-item\"><figure class=\"fg-item-inner\"><a href=\"https:\/\/www.theglade.com\/wp-content\/uploads\/2021\/03\/superjuchti1200.png\" data-attachment-id=\"397\" class=\"fg-thumb\"><span class=\"fg-image-wrap\"><img height=\"250\" width=\"260\" data-src-fg=\"https:\/\/www.theglade.com\/wp-content\/uploads\/cache\/2021\/03\/superjuchti1200\/3762729053.png\" class=\"fg-image\" \/><\/span><\/a><figcaption class=\"fg-caption\"><div class=\"fg-caption-inner\"><\/div><\/figcaption><\/figure><div class=\"fg-loader\"><\/div><\/div><div class=\"fg-item\"><figure class=\"fg-item-inner\"><a href=\"https:\/\/www.theglade.com\/wp-content\/uploads\/2021\/03\/sardellen-fertig1200.png\" data-attachment-id=\"392\" class=\"fg-thumb\"><span class=\"fg-image-wrap\"><img height=\"250\" width=\"192\" data-src-fg=\"https:\/\/www.theglade.com\/wp-content\/uploads\/cache\/2021\/03\/sardellen-fertig1200\/2770384715.png\" class=\"fg-image\" \/><\/span><\/a><figcaption class=\"fg-caption\"><div class=\"fg-caption-inner\"><\/div><\/figcaption><\/figure><div class=\"fg-loader\"><\/div><\/div><div class=\"fg-item\"><figure class=\"fg-item-inner\"><a href=\"https:\/\/www.theglade.com\/wp-content\/uploads\/2021\/03\/ratten1000.png\" data-attachment-id=\"391\" class=\"fg-thumb\"><span class=\"fg-image-wrap\"><img height=\"250\" width=\"418\" data-src-fg=\"https:\/\/www.theglade.com\/wp-content\/uploads\/cache\/2021\/03\/ratten1000\/3233976348.png\" class=\"fg-image\" \/><\/span><\/a><figcaption class=\"fg-caption\"><div class=\"fg-caption-inner\"><\/div><\/figcaption><\/figure><div class=\"fg-loader\"><\/div><\/div><div class=\"fg-item\"><figure class=\"fg-item-inner\"><a href=\"https:\/\/www.theglade.com\/wp-content\/uploads\/2021\/03\/parkschtzeralarm1200.png\" data-attachment-id=\"390\" class=\"fg-thumb\"><span class=\"fg-image-wrap\"><img height=\"250\" width=\"304\" data-src-fg=\"https:\/\/www.theglade.com\/wp-content\/uploads\/cache\/2021\/03\/parkschtzeralarm1200\/1247573394.png\" class=\"fg-image\" \/><\/span><\/a><figcaption class=\"fg-caption\"><div class=\"fg-caption-inner\"><\/div><\/figcaption><\/figure><div class=\"fg-loader\"><\/div><\/div><div class=\"fg-item\"><figure class=\"fg-item-inner\"><a href=\"https:\/\/www.theglade.com\/wp-content\/uploads\/2021\/03\/paradoxer-juchti1200.png\" data-attachment-id=\"389\" class=\"fg-thumb\"><span class=\"fg-image-wrap\"><img height=\"250\" width=\"314\" data-src-fg=\"https:\/\/www.theglade.com\/wp-content\/uploads\/cache\/2021\/03\/paradoxer-juchti1200\/171951692.png\" class=\"fg-image\" \/><\/span><\/a><figcaption class=\"fg-caption\"><div class=\"fg-caption-inner\"><\/div><\/figcaption><\/figure><div class=\"fg-loader\"><\/div><\/div><div class=\"fg-item\"><figure class=\"fg-item-inner\"><a href=\"https:\/\/www.theglade.com\/wp-content\/uploads\/2021\/03\/machojuchti1000.png\" data-attachment-id=\"388\" class=\"fg-thumb\"><span class=\"fg-image-wrap\"><img height=\"250\" width=\"392\" data-src-fg=\"https:\/\/www.theglade.com\/wp-content\/uploads\/cache\/2021\/03\/machojuchti1000\/3584904036.png\" class=\"fg-image\" \/><\/span><\/a><figcaption class=\"fg-caption\"><div class=\"fg-caption-inner\"><\/div><\/figcaption><\/figure><div class=\"fg-loader\"><\/div><\/div><div class=\"fg-item\"><figure class=\"fg-item-inner\"><a href=\"https:\/\/www.theglade.com\/wp-content\/uploads\/2021\/03\/00pessimismus21.png\" data-attachment-id=\"379\" class=\"fg-thumb\"><span class=\"fg-image-wrap\"><img height=\"250\" width=\"236\" data-src-fg=\"https:\/\/www.theglade.com\/wp-content\/uploads\/cache\/2021\/03\/00pessimismus21\/1085845250.png\" class=\"fg-image\" \/><\/span><\/a><figcaption class=\"fg-caption\"><div class=\"fg-caption-inner\"><\/div><\/figcaption><\/figure><div class=\"fg-loader\"><\/div><\/div><div class=\"fg-item\"><figure class=\"fg-item-inner\"><a href=\"https:\/\/www.theglade.com\/wp-content\/uploads\/2021\/03\/juchti-und-grubenlurch1200.png\" data-attachment-id=\"387\" class=\"fg-thumb\"><span class=\"fg-image-wrap\"><img height=\"250\" width=\"363\" data-src-fg=\"https:\/\/www.theglade.com\/wp-content\/uploads\/cache\/2021\/03\/juchti-und-grubenlurch1200\/1335546332.png\" class=\"fg-image\" \/><\/span><\/a><figcaption class=\"fg-caption\"><div class=\"fg-caption-inner\"><\/div><\/figcaption><\/figure><div class=\"fg-loader\"><\/div><\/div><div class=\"fg-item\"><figure class=\"fg-item-inner\"><a href=\"https:\/\/www.theglade.com\/wp-content\/uploads\/2021\/03\/Juchti-Schiri-rot1000.png\" data-attachment-id=\"386\" class=\"fg-thumb\"><span class=\"fg-image-wrap\"><img height=\"250\" width=\"233\" data-src-fg=\"https:\/\/www.theglade.com\/wp-content\/uploads\/cache\/2021\/03\/Juchti-Schiri-rot1000\/2794252040.png\" class=\"fg-image\" \/><\/span><\/a><figcaption class=\"fg-caption\"><div class=\"fg-caption-inner\"><\/div><\/figcaption><\/figure><div class=\"fg-loader\"><\/div><\/div><div class=\"fg-item\"><figure class=\"fg-item-inner\"><a href=\"https:\/\/www.theglade.com\/wp-content\/uploads\/2021\/03\/Juchti-Schiri-gelb1000.png\" data-attachment-id=\"385\" class=\"fg-thumb\"><span class=\"fg-image-wrap\"><img height=\"250\" width=\"233\" data-src-fg=\"https:\/\/www.theglade.com\/wp-content\/uploads\/cache\/2021\/03\/Juchti-Schiri-gelb1000\/3168823949.png\" class=\"fg-image\" \/><\/span><\/a><figcaption class=\"fg-caption\"><div class=\"fg-caption-inner\"><\/div><\/figcaption><\/figure><div class=\"fg-loader\"><\/div><\/div><div class=\"fg-item\"><figure class=\"fg-item-inner\"><a href=\"https:\/\/www.theglade.com\/wp-content\/uploads\/2021\/03\/anti-riot-juchti1000.png\" data-attachment-id=\"380\" class=\"fg-thumb\"><span class=\"fg-image-wrap\"><img height=\"250\" width=\"220\" data-src-fg=\"https:\/\/www.theglade.com\/wp-content\/uploads\/cache\/2021\/03\/anti-riot-juchti1000\/219080720.png\" class=\"fg-image\" \/><\/span><\/a><figcaption class=\"fg-caption\"><div class=\"fg-caption-inner\"><\/div><\/figcaption><\/figure><div class=\"fg-loader\"><\/div><\/div><div class=\"fg-item\"><figure class=\"fg-item-inner\"><a href=\"https:\/\/www.theglade.com\/wp-content\/uploads\/2021\/03\/grubenlurchine1000.png\" data-attachment-id=\"383\" class=\"fg-thumb\"><span class=\"fg-image-wrap\"><img height=\"250\" width=\"163\" data-src-fg=\"https:\/\/www.theglade.com\/wp-content\/uploads\/cache\/2021\/03\/grubenlurchine1000\/1312804250.png\" class=\"fg-image\" \/><\/span><\/a><figcaption class=\"fg-caption\"><div class=\"fg-caption-inner\"><\/div><\/figcaption><\/figure><div class=\"fg-loader\"><\/div><\/div><div class=\"fg-item\"><figure class=\"fg-item-inner\"><a href=\"https:\/\/www.theglade.com\/wp-content\/uploads\/2021\/03\/grubenlurchprofil.png\" data-attachment-id=\"384\" class=\"fg-thumb\"><span class=\"fg-image-wrap\"><img height=\"250\" width=\"256\" data-src-fg=\"https:\/\/www.theglade.com\/wp-content\/uploads\/cache\/2021\/03\/grubenlurchprofil\/3834326361.png\" class=\"fg-image\" \/><\/span><\/a><figcaption class=\"fg-caption\"><div class=\"fg-caption-inner\"><\/div><\/figcaption><\/figure><div class=\"fg-loader\"><\/div><\/div><div class=\"fg-item\"><figure class=\"fg-item-inner\"><a href=\"https:\/\/www.theglade.com\/wp-content\/uploads\/2021\/03\/grubenjuchti1200.png\" data-attachment-id=\"382\" class=\"fg-thumb\"><span class=\"fg-image-wrap\"><img height=\"250\" width=\"308\" data-src-fg=\"https:\/\/www.theglade.com\/wp-content\/uploads\/cache\/2021\/03\/grubenjuchti1200\/969906007.png\" class=\"fg-image\" \/><\/span><\/a><figcaption class=\"fg-caption\"><div class=\"fg-caption-inner\"><\/div><\/figcaption><\/figure><div class=\"fg-loader\"><\/div><\/div><div class=\"fg-item\"><figure class=\"fg-item-inner\"><a href=\"https:\/\/www.theglade.com\/wp-content\/uploads\/2021\/03\/Grotti1200.png\" data-attachment-id=\"381\" class=\"fg-thumb\"><span class=\"fg-image-wrap\"><img height=\"250\" width=\"362\" data-src-fg=\"https:\/\/www.theglade.com\/wp-content\/uploads\/cache\/2021\/03\/Grotti1200\/800044213.png\" class=\"fg-image\" \/><\/span><\/a><figcaption class=\"fg-caption\"><div class=\"fg-caption-inner\"><\/div><\/figcaption><\/figure><div class=\"fg-loader\"><\/div><\/div><div class=\"fg-item\"><figure class=\"fg-item-inner\"><a href=\"https:\/\/www.theglade.com\/wp-content\/uploads\/2021\/03\/trolllurch2-1200.png\" data-attachment-id=\"398\" class=\"fg-thumb\"><span class=\"fg-image-wrap\"><img height=\"250\" width=\"321\" data-src-fg=\"https:\/\/www.theglade.com\/wp-content\/uploads\/cache\/2021\/03\/trolllurch2-1200\/2581342065.png\" class=\"fg-image\" \/><\/span><\/a><figcaption class=\"fg-caption\"><div class=\"fg-caption-inner\"><\/div><\/figcaption><\/figure><div class=\"fg-loader\"><\/div><\/div><\/div>\r\n","protected":false},"excerpt":{"rendered":"<p>Aus einer spontanen Idee entstand im Herbst 2010 die Grafik &#8222;Juchti und der Grubenlurch&#8220; um f\u00fcr mehr Verst\u00e4ndnis im Konflikt werben. Daraus entwickelte sich die Figur Super-Juchti, sp\u00e4ter weitere Cartoon wie die Beschimpfungsratten oder Juchtiwelt (auch in h\u00f6herer Aufl\u00f6sung verf\u00fcgbar). &nbsp;<\/p>\n","protected":false},"author":1,"featured_media":1089,"parent":689,"menu_order":0,"comment_status":"closed","ping_status":"closed","template":"","meta":{"footnotes":""},"class_list":["post-944","page","type-page","status-publish","has-post-thumbnail","hentry"],"_links":{"self":[{"href":"https:\/\/www.theglade.com\/index.php?rest_route=\/wp\/v2\/pages\/944","targetHints":{"allow":["GET"]}}],"collection":[{"href":"https:\/\/www.theglade.com\/index.php?rest_route=\/wp\/v2\/pages"}],"about":[{"href":"https:\/\/www.theglade.com\/index.php?rest_route=\/wp\/v2\/types\/page"}],"author":[{"embeddable":true,"href":"https:\/\/www.theglade.com\/index.php?rest_route=\/wp\/v2\/users\/1"}],"replies":[{"embeddable":true,"href":"https:\/\/www.theglade.com\/index.php?rest_route=%2Fwp%2Fv2%2Fcomments&post=944"}],"version-history":[{"count":4,"href":"https:\/\/www.theglade.com\/index.php?rest_route=\/wp\/v2\/pages\/944\/revisions"}],"predecessor-version":[{"id":1280,"href":"https:\/\/www.theglade.com\/index.php?rest_route=\/wp\/v2\/pages\/944\/revisions\/1280"}],"up":[{"embeddable":true,"href":"https:\/\/www.theglade.com\/index.php?rest_route=\/wp\/v2\/pages\/689"}],"wp:featuredmedia":[{"embeddable":true,"href":"https:\/\/www.theglade.com\/index.php?rest_route=\/wp\/v2\/media\/1089"}],"wp:attachment":[{"href":"https:\/\/www.theglade.com\/index.php?rest_route=%2Fwp%2Fv2%2Fmedia&parent=944"}],"curies":[{"name":"wp","href":"https:\/\/api.w.org\/{rel}","templated":true}]}}