{"id":871,"date":"2021-03-09T09:59:41","date_gmt":"2021-03-09T08:59:41","guid":{"rendered":"https:\/\/www.theglade.com\/?page_id=871"},"modified":"2021-03-11T23:28:26","modified_gmt":"2021-03-11T22:28:26","slug":"theo-leo-kids","status":"publish","type":"page","link":"https:\/\/www.theglade.com\/?page_id=871","title":{"rendered":"Theo-Leo &#038; Kids"},"content":{"rendered":"\n<p>Die folgenden Cartoons entstanden f\u00fcr das Kommentierte Vorlesungsverzeichnis (KVV) im Sommersemester 2006 in Kiel. Sie wurden zus\u00e4tzlich ver\u00f6ffentlicht im Mobo 1\/2006, dem Informationszeitung des Landeskonvents der Theologiestudierenden der kurhessischen Landeskirche.<\/p>\n\n\n\n<p>Insbesondere die Grafik zur Ethik ist sehr erfolgreich und hat es sogar in mehrere Religions- und Ethikschulb\u00fccher geschafft.<\/p>\n\n\n<div class=\"foogallery foogallery-container foogallery-justified foogallery-lightbox-foobox fg-justified fg-light fg-shadow-outline fg-loading-default fg-loaded-fade-in fg-caption-always fg-hover-fade fg-hover-zoom2 fg-ready\" id=\"foogallery-gallery-843\" data-foogallery=\"{&quot;item&quot;:{&quot;showCaptionTitle&quot;:true,&quot;showCaptionDescription&quot;:false},&quot;lazy&quot;:true,&quot;src&quot;:&quot;data-src-fg&quot;,&quot;srcset&quot;:&quot;data-srcset-fg&quot;,&quot;template&quot;:{&quot;rowHeight&quot;:200,&quot;maxRowHeight&quot;:&quot;150%&quot;,&quot;margins&quot;:20,&quot;lastRow&quot;:&quot;justify&quot;}}\" data-fg-common-fields=\"1\" >\r\n\t<div class=\"fg-item\"><figure class=\"fg-item-inner\"><a href=\"https:\/\/www.theglade.com\/wp-content\/uploads\/2021\/03\/bibelstunde1_web.gif\" data-attachment-id=\"468\" class=\"fg-thumb\"><span class=\"fg-image-wrap\"><img height=\"350\" width=\"526\" data-src-fg=\"https:\/\/www.theglade.com\/wp-content\/uploads\/cache\/2021\/03\/bibelstunde1_web\/2801668629.png\" class=\"fg-image\" \/><\/span><\/a><figcaption class=\"fg-caption\"><div class=\"fg-caption-inner\"><\/div><\/figcaption><\/figure><div class=\"fg-loader\"><\/div><\/div><div class=\"fg-item\"><figure class=\"fg-item-inner\"><a href=\"https:\/\/www.theglade.com\/wp-content\/uploads\/2021\/03\/bibelstunde2_web.gif\" data-attachment-id=\"469\" class=\"fg-thumb\"><span class=\"fg-image-wrap\"><img height=\"350\" width=\"511\" data-src-fg=\"https:\/\/www.theglade.com\/wp-content\/uploads\/cache\/2021\/03\/bibelstunde2_web\/3684964872.png\" class=\"fg-image\" \/><\/span><\/a><figcaption class=\"fg-caption\"><div class=\"fg-caption-inner\"><\/div><\/figcaption><\/figure><div class=\"fg-loader\"><\/div><\/div><div class=\"fg-item\"><figure class=\"fg-item-inner\"><a href=\"https:\/\/www.theglade.com\/wp-content\/uploads\/2021\/03\/bibelstunde3_web.gif\" data-attachment-id=\"470\" class=\"fg-thumb\"><span class=\"fg-image-wrap\"><img height=\"350\" width=\"510\" data-src-fg=\"https:\/\/www.theglade.com\/wp-content\/uploads\/cache\/2021\/03\/bibelstunde3_web\/3260154365.png\" class=\"fg-image\" \/><\/span><\/a><figcaption class=\"fg-caption\"><div class=\"fg-caption-inner\"><\/div><\/figcaption><\/figure><div class=\"fg-loader\"><\/div><\/div><div class=\"fg-item\"><figure class=\"fg-item-inner\"><a href=\"https:\/\/www.theglade.com\/wp-content\/uploads\/2021\/03\/gerasa_web.gif\" data-attachment-id=\"459\" class=\"fg-thumb\"><span class=\"fg-image-wrap\"><img height=\"350\" width=\"532\" data-src-fg=\"https:\/\/www.theglade.com\/wp-content\/uploads\/cache\/2021\/03\/gerasa_web\/3582219030.png\" class=\"fg-image\" \/><\/span><\/a><figcaption class=\"fg-caption\"><div class=\"fg-caption-inner\"><\/div><\/figcaption><\/figure><div class=\"fg-loader\"><\/div><\/div><div class=\"fg-item\"><figure class=\"fg-item-inner\"><a href=\"https:\/\/www.theglade.com\/wp-content\/uploads\/2021\/03\/ethik_web.gif\" data-attachment-id=\"458\" class=\"fg-thumb\"><span class=\"fg-image-wrap\"><img height=\"350\" width=\"494\" data-src-fg=\"https:\/\/www.theglade.com\/wp-content\/uploads\/cache\/2021\/03\/ethik_web\/2381265929.png\" class=\"fg-image\" \/><\/span><\/a><figcaption class=\"fg-caption\"><div class=\"fg-caption-inner\"><\/div><\/figcaption><\/figure><div class=\"fg-loader\"><\/div><\/div><div class=\"fg-item\"><figure class=\"fg-item-inner\"><a href=\"https:\/\/www.theglade.com\/wp-content\/uploads\/2021\/03\/luther_web.gif\" data-attachment-id=\"462\" class=\"fg-thumb\"><span class=\"fg-image-wrap\"><img height=\"350\" width=\"534\" data-src-fg=\"https:\/\/www.theglade.com\/wp-content\/uploads\/cache\/2021\/03\/luther_web\/667649176.png\" class=\"fg-image\" \/><\/span><\/a><figcaption class=\"fg-caption\"><div class=\"fg-caption-inner\"><\/div><\/figcaption><\/figure><div class=\"fg-loader\"><\/div><\/div><div class=\"fg-item\"><figure class=\"fg-item-inner\"><a href=\"https:\/\/www.theglade.com\/wp-content\/uploads\/2021\/03\/gruppentherapie1_web.gif\" data-attachment-id=\"460\" class=\"fg-thumb\"><span class=\"fg-image-wrap\"><img height=\"350\" width=\"484\" data-src-fg=\"https:\/\/www.theglade.com\/wp-content\/uploads\/cache\/2021\/03\/gruppentherapie1_web\/854729993.png\" class=\"fg-image\" \/><\/span><\/a><figcaption class=\"fg-caption\"><div class=\"fg-caption-inner\"><\/div><\/figcaption><\/figure><div class=\"fg-loader\"><\/div><\/div><div class=\"fg-item\"><figure class=\"fg-item-inner\"><a href=\"https:\/\/www.theglade.com\/wp-content\/uploads\/2021\/03\/gruppentherapie2_web.gif\" data-attachment-id=\"461\" class=\"fg-thumb\"><span class=\"fg-image-wrap\"><img height=\"350\" width=\"811.59420289855\" data-src-fg=\"https:\/\/www.theglade.com\/wp-content\/uploads\/2021\/03\/gruppentherapie2_web.gif\" class=\"fg-image\" \/><\/span><\/a><figcaption class=\"fg-caption\"><div class=\"fg-caption-inner\"><\/div><\/figcaption><\/figure><div class=\"fg-loader\"><\/div><\/div><div class=\"fg-item\"><figure class=\"fg-item-inner\"><a href=\"https:\/\/www.theglade.com\/wp-content\/uploads\/2021\/03\/markus_web.gif\" data-attachment-id=\"463\" class=\"fg-thumb\"><span class=\"fg-image-wrap\"><img height=\"350\" width=\"745\" data-src-fg=\"https:\/\/www.theglade.com\/wp-content\/uploads\/cache\/2021\/03\/markus_web\/1020416969.png\" class=\"fg-image\" \/><\/span><\/a><figcaption class=\"fg-caption\"><div class=\"fg-caption-inner\"><\/div><\/figcaption><\/figure><div class=\"fg-loader\"><\/div><\/div><div class=\"fg-item\"><figure class=\"fg-item-inner\"><a href=\"https:\/\/www.theglade.com\/wp-content\/uploads\/2021\/03\/erntedank_web.gif\" data-attachment-id=\"471\" class=\"fg-thumb\"><span class=\"fg-image-wrap\"><img height=\"350\" width=\"678\" data-src-fg=\"https:\/\/www.theglade.com\/wp-content\/uploads\/cache\/2021\/03\/erntedank_web\/3205363239.png\" class=\"fg-image\" \/><\/span><\/a><figcaption class=\"fg-caption\"><div class=\"fg-caption-inner\"><\/div><\/figcaption><\/figure><div class=\"fg-loader\"><\/div><\/div><div class=\"fg-item\"><figure class=\"fg-item-inner\"><a href=\"https:\/\/www.theglade.com\/wp-content\/uploads\/2021\/03\/aslan_web.gif\" data-attachment-id=\"467\" class=\"fg-thumb\"><span class=\"fg-image-wrap\"><img height=\"350\" width=\"811.59420289855\" data-src-fg=\"https:\/\/www.theglade.com\/wp-content\/uploads\/2021\/03\/aslan_web.gif\" class=\"fg-image\" \/><\/span><\/a><figcaption class=\"fg-caption\"><div class=\"fg-caption-inner\"><\/div><\/figcaption><\/figure><div class=\"fg-loader\"><\/div><\/div><div class=\"fg-item\"><figure class=\"fg-item-inner\"><a href=\"https:\/\/www.theglade.com\/wp-content\/uploads\/2021\/03\/missionar_web.gif\" data-attachment-id=\"464\" class=\"fg-thumb\"><span class=\"fg-image-wrap\"><img height=\"350\" width=\"519\" data-src-fg=\"https:\/\/www.theglade.com\/wp-content\/uploads\/cache\/2021\/03\/missionar_web\/67038466.png\" class=\"fg-image\" \/><\/span><\/a><figcaption class=\"fg-caption\"><div class=\"fg-caption-inner\"><\/div><\/figcaption><\/figure><div class=\"fg-loader\"><\/div><\/div><\/div>\r\n","protected":false},"excerpt":{"rendered":"<p>Die folgenden Cartoons entstanden f\u00fcr das Kommentierte Vorlesungsverzeichnis (KVV) im Sommersemester 2006 in Kiel. Sie wurden zus\u00e4tzlich ver\u00f6ffentlicht im Mobo 1\/2006, dem Informationszeitung des Landeskonvents der Theologiestudierenden der kurhessischen Landeskirche. Insbesondere die Grafik zur Ethik ist sehr erfolgreich und hat es sogar in mehrere Religions- und Ethikschulb\u00fccher geschafft.<\/p>\n","protected":false},"author":1,"featured_media":458,"parent":863,"menu_order":0,"comment_status":"closed","ping_status":"closed","template":"","meta":{"footnotes":""},"class_list":["post-871","page","type-page","status-publish","has-post-thumbnail","hentry"],"_links":{"self":[{"href":"https:\/\/www.theglade.com\/index.php?rest_route=\/wp\/v2\/pages\/871","targetHints":{"allow":["GET"]}}],"collection":[{"href":"https:\/\/www.theglade.com\/index.php?rest_route=\/wp\/v2\/pages"}],"about":[{"href":"https:\/\/www.theglade.com\/index.php?rest_route=\/wp\/v2\/types\/page"}],"author":[{"embeddable":true,"href":"https:\/\/www.theglade.com\/index.php?rest_route=\/wp\/v2\/users\/1"}],"replies":[{"embeddable":true,"href":"https:\/\/www.theglade.com\/index.php?rest_route=%2Fwp%2Fv2%2Fcomments&post=871"}],"version-history":[{"count":1,"href":"https:\/\/www.theglade.com\/index.php?rest_route=\/wp\/v2\/pages\/871\/revisions"}],"predecessor-version":[{"id":872,"href":"https:\/\/www.theglade.com\/index.php?rest_route=\/wp\/v2\/pages\/871\/revisions\/872"}],"up":[{"embeddable":true,"href":"https:\/\/www.theglade.com\/index.php?rest_route=\/wp\/v2\/pages\/863"}],"wp:featuredmedia":[{"embeddable":true,"href":"https:\/\/www.theglade.com\/index.php?rest_route=\/wp\/v2\/media\/458"}],"wp:attachment":[{"href":"https:\/\/www.theglade.com\/index.php?rest_route=%2Fwp%2Fv2%2Fmedia&parent=871"}],"curies":[{"name":"wp","href":"https:\/\/api.w.org\/{rel}","templated":true}]}}