{"id":863,"date":"2021-03-09T09:48:21","date_gmt":"2021-03-09T08:48:21","guid":{"rendered":"https:\/\/www.theglade.com\/?page_id=863"},"modified":"2021-03-11T23:27:52","modified_gmt":"2021-03-11T22:27:52","slug":"theologische-comics","status":"publish","type":"page","link":"https:\/\/www.theglade.com\/?page_id=863","title":{"rendered":"Theologische Comics"},"content":{"rendered":"\n<p>In dieser Rubrik befinden sich Cartoons mit &#8222;theologischem&#8220; Inhalt. Dazu geh\u00f6ren Zeichnungen, die im Studium zur Illustration f\u00fcr Kommentierte Vorlesungsverzeichnisse entstanden sind. Daneben gibt es auch Einzelzeichnungen, die auf <a href=\"https:\/\/www.theglade.com\/toleblog\" data-type=\"URL\" data-id=\"https:\/\/www.theglade.com\/toleblog\">ToLeBlog <\/a>ver\u00f6ffentlicht wurden.<\/p>\n\n\n\n<section id=\"section-c304f3b2-5a0f-46df-99ee-6d5c565219ec\" class=\"wp-block-gutentor-divider section-c304f3b2-5a0f-46df-99ee-6d5c565219ec gutentor-element gutentor-section gutentor-divider text-center\"><div class=\"grid-container\"><div class=\"gutentor-divider-box\"><span><svg xmlns=\"http:\/\/www.w3.org\/2000\/svg\" viewBox=\"0 0 240 40\" preserveAspectRatio=\"none\"><path d=\"M56.2 20c5.3-.1 10.6-.2 16-.3l16-.2c10.6-.1 21.3-.1 31.9-.2 10.6.1 21.3 0 31.9.1l16 .2c5.3.1 10.6.2 16 .3-5.3.1-10.6.2-16 .3l-16 .2c-10.6.1-21.3.1-31.9.1-10.6-.1-21.3 0-31.9-.2l-16-.2c-5.4.1-10.7 0-16-.1z\"><\/path><\/svg><\/span><\/div><\/div><\/section>\n\n\n\n<p><strong>Comic-Sets:<\/strong><\/p>\n\n\n\n<section id=\"gmfcee04c\" class=\"wp-block-gutentor-m2 section-gmfcee04c gutentor-module gutentor-dynamic-columns gutentor-equal-column-height\"><div class=\"grid-container\"><div class=\"grid-row\">\n<div id=\"col-gma1cdfe\" class=\"wp-block-gutentor-m2-col col-gma1cdfe gutentor-module gutentor-dynamic-single-column grid-lg-4 grid-md-4 grid-12\"><div id=\"section-gma1cdfe\" class=\"section-gma1cdfe gutentor-single-col\">\n<p class=\"has-text-align-center\"><a href=\"https:\/\/www.theglade.com\/?page_id=871\" data-type=\"page\" data-id=\"871\">Set: Theo-Leo &amp; Kids<\/a> (12)<\/p>\n\n\n\n<div id=\"section-g7dc25a\" class=\"wp-block-gutentor-e6 section-g7dc25a gutentor-element gutentor-element-image\"><div class=\"gutentor-element-image-box\"><a class=\"gutentor-element-image-link\" href=\"https:\/\/www.theglade.com\/?page_id=871\"><div class=\"gutentor-image-thumb\"><img decoding=\"async\" class=\"normal-image\" src=\"https:\/\/www.theglade.com\/wp-content\/uploads\/2021\/03\/ethik_web.gif\"\/><\/div><\/a><\/div><\/div>\n<\/div><\/div>\n\n\n\n<div id=\"col-gma91590\" class=\"wp-block-gutentor-m2-col col-gma91590 gutentor-module gutentor-dynamic-single-column grid-lg-4 grid-md-4 grid-12\"><div id=\"section-gma91590\" class=\"section-gma91590 gutentor-single-col\">\n<p class=\"has-text-align-center\"><a href=\"https:\/\/www.theglade.com\/?page_id=873\" data-type=\"page\" data-id=\"873\">Set: Synode mit Erkl\u00e4rtext<\/a> (14)<\/p>\n\n\n\n<div id=\"section-g40060b\" class=\"wp-block-gutentor-e6 section-g40060b gutentor-element gutentor-element-image\"><div class=\"gutentor-element-image-box\"><a class=\"gutentor-element-image-link\" href=\"https:\/\/www.theglade.com\/?page_id=873\"><div class=\"gutentor-image-thumb\"><img decoding=\"async\" class=\"normal-image\" src=\"https:\/\/www.theglade.com\/wp-content\/uploads\/2021\/03\/Synode-3-Oekumenische-Konzilien_2000.png\"\/><\/div><\/a><\/div><\/div>\n<\/div><\/div>\n\n\n\n<div id=\"col-gmb8c7af\" class=\"wp-block-gutentor-m2-col col-gmb8c7af gutentor-module gutentor-dynamic-single-column grid-lg-4 grid-md-4 grid-12\"><div id=\"section-gmb8c7af\" class=\"section-gmb8c7af gutentor-single-col\"><\/div><\/div>\n<\/div><\/div><\/section>\n\n\n\n<section id=\"section-2be61abc-c706-4f78-b430-7444c80b4e81\" class=\"wp-block-gutentor-divider section-2be61abc-c706-4f78-b430-7444c80b4e81 gutentor-element gutentor-section gutentor-divider text-center\"><div class=\"grid-container\"><div class=\"gutentor-divider-box\"><span><svg xmlns=\"http:\/\/www.w3.org\/2000\/svg\" viewBox=\"0 0 240 40\" preserveAspectRatio=\"none\"><path d=\"M56.2 20c5.3-.1 10.6-.2 16-.3l16-.2c10.6-.1 21.3-.1 31.9-.2 10.6.1 21.3 0 31.9.1l16 .2c5.3.1 10.6.2 16 .3-5.3.1-10.6.2-16 .3l-16 .2c-10.6.1-21.3.1-31.9.1-10.6-.1-21.3 0-31.9-.2l-16-.2c-5.4.1-10.7 0-16-.1z\"><\/path><\/svg><\/span><\/div><\/div><\/section>\n\n\n\n<p><strong>Diverse theologische Comics:<\/strong><\/p>\n\n\n<div class=\"foogallery foogallery-container foogallery-justified foogallery-lightbox-foobox fg-justified fg-light fg-shadow-outline fg-loading-default fg-loaded-fade-in fg-caption-always fg-hover-fade fg-hover-zoom2 fg-ready\" id=\"foogallery-gallery-842\" data-foogallery=\"{&quot;item&quot;:{&quot;showCaptionTitle&quot;:true,&quot;showCaptionDescription&quot;:false},&quot;lazy&quot;:true,&quot;src&quot;:&quot;data-src-fg&quot;,&quot;srcset&quot;:&quot;data-srcset-fg&quot;,&quot;template&quot;:{&quot;rowHeight&quot;:200,&quot;maxRowHeight&quot;:&quot;150%&quot;,&quot;margins&quot;:20,&quot;lastRow&quot;:&quot;nojustify&quot;}}\" data-fg-common-fields=\"1\" >\r\n\t<div class=\"fg-item\"><figure class=\"fg-item-inner\"><a href=\"https:\/\/www.theglade.com\/wp-content\/uploads\/2021\/03\/dsgvo1200.png\" data-attachment-id=\"837\" class=\"fg-thumb\"><span class=\"fg-image-wrap\"><img height=\"250\" width=\"328\" data-src-fg=\"https:\/\/www.theglade.com\/wp-content\/uploads\/cache\/2021\/03\/dsgvo1200\/3509305739.png\" class=\"fg-image\" \/><\/span><\/a><figcaption class=\"fg-caption\"><div class=\"fg-caption-inner\"><\/div><\/figcaption><\/figure><div class=\"fg-loader\"><\/div><\/div><div class=\"fg-item\"><figure class=\"fg-item-inner\"><a href=\"https:\/\/www.theglade.com\/wp-content\/uploads\/2021\/03\/jesusverunsichert1000-1.png\" data-attachment-id=\"869\" class=\"fg-thumb\"><span class=\"fg-image-wrap\"><img height=\"250\" width=\"269\" data-src-fg=\"https:\/\/www.theglade.com\/wp-content\/uploads\/cache\/2021\/03\/jesusverunsichert1000-1\/2003946259.png\" class=\"fg-image\" \/><\/span><\/a><figcaption class=\"fg-caption\"><div class=\"fg-caption-inner\"><\/div><\/figcaption><\/figure><div class=\"fg-loader\"><\/div><\/div><div class=\"fg-item\"><figure class=\"fg-item-inner\"><a href=\"https:\/\/www.theglade.com\/wp-content\/uploads\/2021\/03\/ingunswetrust.png\" data-attachment-id=\"870\" class=\"fg-thumb\"><span class=\"fg-image-wrap\"><img height=\"250\" width=\"258\" data-src-fg=\"https:\/\/www.theglade.com\/wp-content\/uploads\/cache\/2021\/03\/ingunswetrust\/3045729180.png\" class=\"fg-image\" \/><\/span><\/a><figcaption class=\"fg-caption\"><div class=\"fg-caption-inner\"><\/div><\/figcaption><\/figure><div class=\"fg-loader\"><\/div><\/div><div class=\"fg-item\"><figure class=\"fg-item-inner\"><a href=\"https:\/\/www.theglade.com\/wp-content\/uploads\/2021\/03\/jesus-not-available-1000-1.png\" data-attachment-id=\"868\" class=\"fg-thumb\"><span class=\"fg-image-wrap\"><img height=\"250\" width=\"347\" data-src-fg=\"https:\/\/www.theglade.com\/wp-content\/uploads\/cache\/2021\/03\/jesus-not-available-1000-1\/2132379575.png\" class=\"fg-image\" \/><\/span><\/a><figcaption class=\"fg-caption\"><div class=\"fg-caption-inner\"><\/div><\/figcaption><\/figure><div class=\"fg-loader\"><\/div><\/div><div class=\"fg-item\"><figure class=\"fg-item-inner\"><a href=\"https:\/\/www.theglade.com\/wp-content\/uploads\/2021\/03\/KennedenUnterschied_Koerperhaltung1000.jpg\" data-attachment-id=\"841\" class=\"fg-thumb\"><span class=\"fg-image-wrap\"><img height=\"250\" width=\"285\" data-src-fg=\"https:\/\/www.theglade.com\/wp-content\/uploads\/cache\/2021\/03\/KennedenUnterschied_Koerperhaltung1000\/2611349294.jpg\" class=\"fg-image\" \/><\/span><\/a><figcaption class=\"fg-caption\"><div class=\"fg-caption-inner\"><\/div><\/figcaption><\/figure><div class=\"fg-loader\"><\/div><\/div><div class=\"fg-item\"><figure class=\"fg-item-inner\"><a href=\"https:\/\/www.theglade.com\/wp-content\/uploads\/2021\/03\/Genugtuung1000.jpg\" data-attachment-id=\"445\" class=\"fg-thumb\"><span class=\"fg-image-wrap\"><img height=\"250\" width=\"202\" data-src-fg=\"https:\/\/www.theglade.com\/wp-content\/uploads\/cache\/2021\/03\/Genugtuung1000\/375978645.jpg\" class=\"fg-image\" \/><\/span><\/a><figcaption class=\"fg-caption\"><div class=\"fg-caption-inner\"><\/div><\/figcaption><\/figure><div class=\"fg-loader\"><\/div><\/div><div class=\"fg-item\"><figure class=\"fg-item-inner\"><a href=\"https:\/\/www.theglade.com\/wp-content\/uploads\/2021\/03\/feuervomhimmel1000.jpg\" data-attachment-id=\"444\" class=\"fg-thumb\"><span class=\"fg-image-wrap\"><img height=\"250\" width=\"226\" data-src-fg=\"https:\/\/www.theglade.com\/wp-content\/uploads\/cache\/2021\/03\/feuervomhimmel1000\/3001045107.jpg\" class=\"fg-image\" \/><\/span><\/a><figcaption class=\"fg-caption\"><div class=\"fg-caption-inner\"><\/div><\/figcaption><\/figure><div class=\"fg-loader\"><\/div><\/div><div class=\"fg-item\"><figure class=\"fg-item-inner\"><a href=\"https:\/\/www.theglade.com\/wp-content\/uploads\/2021\/03\/DiefolgsameSchwiegertochter1000.jpg\" data-attachment-id=\"442\" class=\"fg-thumb\"><span class=\"fg-image-wrap\"><img height=\"250\" width=\"237\" data-src-fg=\"https:\/\/www.theglade.com\/wp-content\/uploads\/cache\/2021\/03\/DiefolgsameSchwiegertochter1000\/2059408271.jpg\" class=\"fg-image\" \/><\/span><\/a><figcaption class=\"fg-caption\"><div class=\"fg-caption-inner\"><\/div><\/figcaption><\/figure><div class=\"fg-loader\"><\/div><\/div><div class=\"fg-item\"><figure class=\"fg-item-inner\"><a href=\"https:\/\/www.theglade.com\/wp-content\/uploads\/2021\/03\/AmBachKrit1000.jpg\" data-attachment-id=\"446\" class=\"fg-thumb\"><span class=\"fg-image-wrap\"><img height=\"250\" width=\"217\" data-src-fg=\"https:\/\/www.theglade.com\/wp-content\/uploads\/cache\/2021\/03\/AmBachKrit1000\/3500769070.jpg\" class=\"fg-image\" \/><\/span><\/a><figcaption class=\"fg-caption\"><div class=\"fg-caption-inner\"><\/div><\/figcaption><\/figure><div class=\"fg-loader\"><\/div><\/div><div class=\"fg-item\"><figure class=\"fg-item-inner\"><a href=\"https:\/\/www.theglade.com\/wp-content\/uploads\/2021\/03\/Felsenquelle1000.jpg\" data-attachment-id=\"443\" class=\"fg-thumb\"><span class=\"fg-image-wrap\"><img height=\"250\" width=\"248\" data-src-fg=\"https:\/\/www.theglade.com\/wp-content\/uploads\/cache\/2021\/03\/Felsenquelle1000\/933745077.jpg\" class=\"fg-image\" \/><\/span><\/a><figcaption class=\"fg-caption\"><div class=\"fg-caption-inner\"><\/div><\/figcaption><\/figure><div class=\"fg-loader\"><\/div><\/div><div class=\"fg-item\"><figure class=\"fg-item-inner\"><a href=\"https:\/\/www.theglade.com\/wp-content\/uploads\/2021\/03\/DerwuerdigeNachfolger1000.jpg\" data-attachment-id=\"441\" class=\"fg-thumb\"><span class=\"fg-image-wrap\"><img height=\"250\" width=\"208\" data-src-fg=\"https:\/\/www.theglade.com\/wp-content\/uploads\/cache\/2021\/03\/DerwuerdigeNachfolger1000\/2713643084.jpg\" class=\"fg-image\" \/><\/span><\/a><figcaption class=\"fg-caption\"><div class=\"fg-caption-inner\"><\/div><\/figcaption><\/figure><div class=\"fg-loader\"><\/div><\/div><div class=\"fg-item\"><figure class=\"fg-item-inner\"><a href=\"https:\/\/www.theglade.com\/wp-content\/uploads\/2021\/03\/fischwunder.gif\" data-attachment-id=\"452\" class=\"fg-thumb\"><span class=\"fg-image-wrap\"><img height=\"250\" width=\"552\" data-src-fg=\"https:\/\/www.theglade.com\/wp-content\/uploads\/cache\/2021\/03\/fischwunder\/1549943615.png\" class=\"fg-image\" \/><\/span><\/a><figcaption class=\"fg-caption\"><div class=\"fg-caption-inner\"><\/div><\/figcaption><\/figure><div class=\"fg-loader\"><\/div><\/div><div class=\"fg-item\"><figure class=\"fg-item-inner\"><a href=\"https:\/\/www.theglade.com\/wp-content\/uploads\/2021\/03\/06ws-abniel.gif\" data-attachment-id=\"450\" class=\"fg-thumb\"><span class=\"fg-image-wrap\"><img height=\"250\" width=\"238\" data-src-fg=\"https:\/\/www.theglade.com\/wp-content\/uploads\/cache\/2021\/03\/06ws-abniel\/841526835.png\" class=\"fg-image\" \/><\/span><\/a><figcaption class=\"fg-caption\"><div class=\"fg-caption-inner\"><\/div><\/figcaption><\/figure><div class=\"fg-loader\"><\/div><\/div><div class=\"fg-item\"><figure class=\"fg-item-inner\"><a href=\"https:\/\/www.theglade.com\/wp-content\/uploads\/2021\/03\/07ss-engel.gif\" data-attachment-id=\"451\" class=\"fg-thumb\"><span class=\"fg-image-wrap\"><img height=\"250\" width=\"228\" data-src-fg=\"https:\/\/www.theglade.com\/wp-content\/uploads\/cache\/2021\/03\/07ss-engel\/2587993112.png\" class=\"fg-image\" \/><\/span><\/a><figcaption class=\"fg-caption\"><div class=\"fg-caption-inner\"><\/div><\/figcaption><\/figure><div class=\"fg-loader\"><\/div><\/div><div class=\"fg-item\"><figure class=\"fg-item-inner\"><a href=\"https:\/\/www.theglade.com\/wp-content\/uploads\/2021\/03\/teufelinnen.gif\" data-attachment-id=\"454\" class=\"fg-thumb\"><span class=\"fg-image-wrap\"><img height=\"250\" width=\"253\" data-src-fg=\"https:\/\/www.theglade.com\/wp-content\/uploads\/cache\/2021\/03\/teufelinnen\/4022454085.png\" class=\"fg-image\" \/><\/span><\/a><figcaption class=\"fg-caption\"><div class=\"fg-caption-inner\"><\/div><\/figcaption><\/figure><div class=\"fg-loader\"><\/div><\/div><div class=\"fg-item\"><figure class=\"fg-item-inner\"><a href=\"https:\/\/www.theglade.com\/wp-content\/uploads\/2021\/03\/05ws-fakultaetsarche.gif\" data-attachment-id=\"448\" class=\"fg-thumb\"><span class=\"fg-image-wrap\"><img height=\"250\" width=\"261\" data-src-fg=\"https:\/\/www.theglade.com\/wp-content\/uploads\/cache\/2021\/03\/05ws-fakultaetsarche\/3601413740.png\" class=\"fg-image\" \/><\/span><\/a><figcaption class=\"fg-caption\"><div class=\"fg-caption-inner\"><\/div><\/figcaption><\/figure><div class=\"fg-loader\"><\/div><\/div><div class=\"fg-item\"><figure class=\"fg-item-inner\"><a href=\"https:\/\/www.theglade.com\/wp-content\/uploads\/2021\/03\/06ss-fakultaetsarche.gif\" data-attachment-id=\"449\" class=\"fg-thumb\"><span class=\"fg-image-wrap\"><img height=\"250\" width=\"279\" data-src-fg=\"https:\/\/www.theglade.com\/wp-content\/uploads\/cache\/2021\/03\/06ss-fakultaetsarche\/873153336.png\" class=\"fg-image\" \/><\/span><\/a><figcaption class=\"fg-caption\"><div class=\"fg-caption-inner\"><\/div><\/figcaption><\/figure><div class=\"fg-loader\"><\/div><\/div><div class=\"fg-item\"><figure class=\"fg-item-inner\"><a href=\"https:\/\/www.theglade.com\/wp-content\/uploads\/2021\/03\/05ss-quovadis.gif\" data-attachment-id=\"447\" class=\"fg-thumb\"><span class=\"fg-image-wrap\"><img height=\"250\" width=\"182\" data-src-fg=\"https:\/\/www.theglade.com\/wp-content\/uploads\/cache\/2021\/03\/05ss-quovadis\/4282211108.png\" class=\"fg-image\" \/><\/span><\/a><figcaption class=\"fg-caption\"><div class=\"fg-caption-inner\"><\/div><\/figcaption><\/figure><div class=\"fg-loader\"><\/div><\/div><div class=\"fg-item\"><figure class=\"fg-item-inner\"><a href=\"https:\/\/www.theglade.com\/wp-content\/uploads\/2021\/03\/kg6-1augustin800.gif\" data-attachment-id=\"456\" class=\"fg-thumb\"><span class=\"fg-image-wrap\"><img height=\"250\" width=\"297\" data-src-fg=\"https:\/\/www.theglade.com\/wp-content\/uploads\/cache\/2021\/03\/kg6-1augustin800\/2429314543.png\" class=\"fg-image\" \/><\/span><\/a><figcaption class=\"fg-caption\"><div class=\"fg-caption-inner\"><\/div><\/figcaption><\/figure><div class=\"fg-loader\"><\/div><\/div><div class=\"fg-item\"><figure class=\"fg-item-inner\"><a href=\"https:\/\/www.theglade.com\/wp-content\/uploads\/2021\/03\/kg6-2cyprian800.gif\" data-attachment-id=\"457\" class=\"fg-thumb\"><span class=\"fg-image-wrap\"><img height=\"250\" width=\"295\" data-src-fg=\"https:\/\/www.theglade.com\/wp-content\/uploads\/cache\/2021\/03\/kg6-2cyprian800\/202541069.png\" class=\"fg-image\" \/><\/span><\/a><figcaption class=\"fg-caption\"><div class=\"fg-caption-inner\"><\/div><\/figcaption><\/figure><div class=\"fg-loader\"><\/div><\/div><div class=\"fg-item\"><figure class=\"fg-item-inner\"><a href=\"https:\/\/www.theglade.com\/wp-content\/uploads\/2021\/03\/at6-1mose800.gif\" data-attachment-id=\"455\" class=\"fg-thumb\"><span class=\"fg-image-wrap\"><img height=\"250\" width=\"297\" data-src-fg=\"https:\/\/www.theglade.com\/wp-content\/uploads\/cache\/2021\/03\/at6-1mose800\/4186947211.png\" class=\"fg-image\" \/><\/span><\/a><figcaption class=\"fg-caption\"><div class=\"fg-caption-inner\"><\/div><\/figcaption><\/figure><div class=\"fg-loader\"><\/div><\/div><\/div>\r\n\n\n\n<section id=\"section-c0fe0345-a5af-4b13-8f84-d32c326a06e5\" class=\"wp-block-gutentor-divider section-c0fe0345-a5af-4b13-8f84-d32c326a06e5 gutentor-element gutentor-section gutentor-divider text-center\"><div class=\"grid-container\"><div class=\"gutentor-divider-box\"><span><svg xmlns=\"http:\/\/www.w3.org\/2000\/svg\" viewBox=\"0 0 240 40\" preserveAspectRatio=\"none\"><path d=\"M56.2 20c5.3-.1 10.6-.2 16-.3l16-.2c10.6-.1 21.3-.1 31.9-.2 10.6.1 21.3 0 31.9.1l16 .2c5.3.1 10.6.2 16 .3-5.3.1-10.6.2-16 .3l-16 .2c-10.6.1-21.3.1-31.9.1-10.6-.1-21.3 0-31.9-.2l-16-.2c-5.4.1-10.7 0-16-.1z\"><\/path><\/svg><\/span><\/div><\/div><\/section>\n\n\n\n<p><strong>Video:<\/strong> Der Wasserhahn des Lebens (2008)<\/p>\n\n\n\n<figure class=\"wp-block-embed alignleft is-type-video is-provider-youtube wp-block-embed-youtube wp-embed-aspect-4-3 wp-has-aspect-ratio\"><div class=\"wp-block-embed__wrapper\">\n<iframe loading=\"lazy\" title=\"Der Wasserhahn des Lebens\" width=\"780\" height=\"585\" src=\"https:\/\/www.youtube.com\/embed\/HWuWeW29SJE?feature=oembed\" frameborder=\"0\" allow=\"accelerometer; autoplay; clipboard-write; encrypted-media; gyroscope; picture-in-picture\" allowfullscreen><\/iframe>\n<\/div><\/figure>\n\n\n\n<p>Animationsfilm mit Strichm\u00e4nnchen, in dem verschiedene Fr\u00f6mmigkeitsstile und ihre Reaktion auf die Welt (versinnbildlicht durch einen kaputten Wasserhahn) dargestellt werden. Stile: Philosoph, ehemaliger Christ, Orthodoxer, Katholik, Pietist, Charismatiker, Fundamentalist, Lutheraner<\/p>\n","protected":false},"excerpt":{"rendered":"<p>In dieser Rubrik befinden sich Cartoons mit &#8222;theologischem&#8220; Inhalt. Dazu geh\u00f6ren Zeichnungen, die im Studium zur Illustration f\u00fcr Kommentierte Vorlesungsverzeichnisse entstanden sind. Daneben gibt es auch Einzelzeichnungen, die auf ToLeBlog ver\u00f6ffentlicht wurden. Comic-Sets: Diverse theologische Comics: Video: Der Wasserhahn des Lebens (2008) Animationsfilm mit Strichm\u00e4nnchen, in dem verschiedene Fr\u00f6mmigkeitsstile und ihre Reaktion auf die Welt <a class=\"more-link\" href=\"https:\/\/www.theglade.com\/?page_id=863\">weiterlesen&#8230;<\/a><\/p>\n","protected":false},"author":1,"featured_media":1088,"parent":689,"menu_order":0,"comment_status":"closed","ping_status":"closed","template":"","meta":{"footnotes":""},"class_list":["post-863","page","type-page","status-publish","has-post-thumbnail","hentry"],"_links":{"self":[{"href":"https:\/\/www.theglade.com\/index.php?rest_route=\/wp\/v2\/pages\/863","targetHints":{"allow":["GET"]}}],"collection":[{"href":"https:\/\/www.theglade.com\/index.php?rest_route=\/wp\/v2\/pages"}],"about":[{"href":"https:\/\/www.theglade.com\/index.php?rest_route=\/wp\/v2\/types\/page"}],"author":[{"embeddable":true,"href":"https:\/\/www.theglade.com\/index.php?rest_route=\/wp\/v2\/users\/1"}],"replies":[{"embeddable":true,"href":"https:\/\/www.theglade.com\/index.php?rest_route=%2Fwp%2Fv2%2Fcomments&post=863"}],"version-history":[{"count":29,"href":"https:\/\/www.theglade.com\/index.php?rest_route=\/wp\/v2\/pages\/863\/revisions"}],"predecessor-version":[{"id":1283,"href":"https:\/\/www.theglade.com\/index.php?rest_route=\/wp\/v2\/pages\/863\/revisions\/1283"}],"up":[{"embeddable":true,"href":"https:\/\/www.theglade.com\/index.php?rest_route=\/wp\/v2\/pages\/689"}],"wp:featuredmedia":[{"embeddable":true,"href":"https:\/\/www.theglade.com\/index.php?rest_route=\/wp\/v2\/media\/1088"}],"wp:attachment":[{"href":"https:\/\/www.theglade.com\/index.php?rest_route=%2Fwp%2Fv2%2Fmedia&parent=863"}],"curies":[{"name":"wp","href":"https:\/\/api.w.org\/{rel}","templated":true}]}}