{"id":816,"date":"2021-03-08T23:09:49","date_gmt":"2021-03-08T22:09:49","guid":{"rendered":"https:\/\/www.theglade.com\/?page_id=816"},"modified":"2021-03-11T23:32:26","modified_gmt":"2021-03-11T22:32:26","slug":"die-zosse-posse","status":"publish","type":"page","link":"https:\/\/www.theglade.com\/?page_id=816","title":{"rendered":"Die Zosse-Posse"},"content":{"rendered":"\n<figure class=\"wp-block-image size-large floatl\"><img loading=\"lazy\" decoding=\"async\" width=\"170\" height=\"230\" src=\"https:\/\/www.theglade.com\/wp-content\/uploads\/2021\/03\/zosse.gif\" alt=\"\" class=\"wp-image-817\"\/><\/figure>\n\n\n\n<p>Die Zosse-Posse ist eine Gruppe von Freunden, bei der jede\/r durch eine gezeichnete Comicfigur (= das Zosse-Posse-Tier) repr\u00e4sentiert wird. Vorl\u00e4ufer der Zosse-Posse war die Langroup, die als Logo den drei\u00e4ugigen Fisch &#8222;Splinky&#8220; hatte.<\/p>\n\n\n\n<p>Entstanden ist die Zosse-Posse 1998\/99, der Name geht dabei auf ein falsch ausgef\u00fclltes Kreuzwortr\u00e4tsel zur\u00fcck. Die erste offizielle Verwendung des Doppelwortes &#8222;Zosse-Posse&#8220; fand am 5.11.1999 statt, da entstand auch das urspr\u00fcngliche Zosse-Posse-Logo. Es kombiniert mehrere Elemente aus dem damaligen Alltag der Mitglieder, wird heute jedoch nicht mehr verwendet.<\/p>\n\n\n\n<figure class=\"wp-block-image size-large is-resized floatr\"><img decoding=\"async\" src=\"https:\/\/www.theglade.com\/wp-content\/uploads\/2021\/03\/zosselogo1.gif\" alt=\"\" class=\"wp-image-821\" width=\"150\"\/><\/figure>\n\n\n\n<p>Ab 2000 wurde die Zosse-Posse zun\u00e4chst um die &#8222;&amp; friends&#8220; erweitert, sp\u00e4ter kamen noch die &#8222;Assoziierten&#8220; und in der darauf folgenden Generation die &#8222;Kids of Zosse-Posse&#8220; hinzu. Inzwischen ist die Zahl der Zosse-Posse-Tiere durch Vergr\u00f6\u00dferung der Familien auf \u00fcber 30 angestiegen, hinzu kommen viele weitere Figuren aus dem Umfeld der &#8222;Flecka Connection&#8220;.<\/p>\n\n\n\n<p>Die Tiere der Zosse-Posse werden in <a href=\"https:\/\/www.theglade.com\/?page_id=1007\" data-type=\"page\" data-id=\"1007\">zahlreichen Comics<\/a> dargestellt, ein Gro\u00dfteil davon ist auf dieser Webseite zu finden. Au\u00dferdem gibt es mehrere <a href=\"https:\/\/www.theglade.com\/?page_id=693\" data-type=\"page\" data-id=\"693\">Videospiele <\/a>mit Personen der Zosse-Posse.<\/p>\n\n\n\n<p>Die <strong>Gr\u00fcndungsmitglieder der &#8222;Zosse-Posse&#8220;<\/strong> in der ersten Darstellung:<\/p>\n\n\n\n<div class=\"wp-block-image\"><figure class=\"aligncenter size-large\"><img loading=\"lazy\" decoding=\"async\" width=\"533\" height=\"406\" src=\"https:\/\/www.theglade.com\/wp-content\/uploads\/2021\/03\/zosseposse.gif\" alt=\"\" class=\"wp-image-646\"\/><\/figure><\/div>\n\n\n\n<p><strong>Die Zosse-Posse &amp; friends<\/strong>:<\/p>\n\n\n<div class=\"foogallery foogallery-container foogallery-simple_portfolio foogallery-lightbox-foobox fg-simple_portfolio fg-dark fg-border-thin fg-shadow-outline fg-loading-default fg-loaded-fade-in fg-caption-always fg-hover-fade fg-hover-zoom fg-ready fg-caption-always\" id=\"foogallery-gallery-830\" data-foogallery=\"{&quot;item&quot;:{&quot;showCaptionTitle&quot;:true,&quot;showCaptionDescription&quot;:true},&quot;lazy&quot;:true,&quot;src&quot;:&quot;data-src-fg&quot;,&quot;srcset&quot;:&quot;data-srcset-fg&quot;,&quot;template&quot;:{&quot;gutter&quot;:30,&quot;columnWidth&quot;:140,&quot;align&quot;:&quot;center&quot;}}\" data-fg-common-fields=\"1\" >\r\n\t<div class=\"fg-item\"><figure class=\"fg-item-inner\"><a data-caption-title=\"Pilzy\" data-attachment-id=\"286\" class=\"foogallery-thumb  fg-thumb\"><span class=\"fg-image-wrap\"><img title=\"Pilzy\" class=\"bf-img fg-image\" height=\"150\" width=\"140\" data-src-fg=\"https:\/\/www.theglade.com\/wp-content\/uploads\/2021\/03\/pilzy.gif\" \/><\/span><\/a><figcaption class=\"fg-caption\"><div class=\"fg-caption-inner\"><div class=\"fg-caption-title\">Pilzy<\/div><\/div><\/figcaption><\/figure><div class=\"fg-loader\"><\/div><\/div><div class=\"fg-item\"><figure class=\"fg-item-inner\"><a data-caption-title=\"Skatchy\" data-attachment-id=\"292\" class=\"foogallery-thumb  fg-thumb\"><span class=\"fg-image-wrap\"><img title=\"Skatchy\" class=\"bf-img fg-image\" height=\"150\" width=\"140\" data-src-fg=\"https:\/\/www.theglade.com\/wp-content\/uploads\/2021\/03\/skatchy.gif\" \/><\/span><\/a><figcaption class=\"fg-caption\"><div class=\"fg-caption-inner\"><div class=\"fg-caption-title\">Skatchy<\/div><\/div><\/figcaption><\/figure><div class=\"fg-loader\"><\/div><\/div><div class=\"fg-item\"><figure class=\"fg-item-inner\"><a data-caption-title=\"Tynn, die Sau\" data-attachment-id=\"294\" class=\"foogallery-thumb  fg-thumb\"><span class=\"fg-image-wrap\"><img title=\"Tynn, die Sau\" class=\"bf-img fg-image\" height=\"150\" width=\"140\" data-src-fg=\"https:\/\/www.theglade.com\/wp-content\/uploads\/2021\/03\/tynn.gif\" \/><\/span><\/a><figcaption class=\"fg-caption\"><div class=\"fg-caption-inner\"><div class=\"fg-caption-title\">Tynn, die Sau<\/div><\/div><\/figcaption><\/figure><div class=\"fg-loader\"><\/div><\/div><div class=\"fg-item\"><figure class=\"fg-item-inner\"><a data-caption-title=\"Armin, der Metzler\" data-attachment-id=\"301\" class=\"foogallery-thumb  fg-thumb\"><span class=\"fg-image-wrap\"><img title=\"Armin, der Metzler\" class=\"bf-img fg-image\" height=\"150\" width=\"140\" data-src-fg=\"https:\/\/www.theglade.com\/wp-content\/uploads\/2021\/03\/armin.gif\" \/><\/span><\/a><figcaption class=\"fg-caption\"><div class=\"fg-caption-inner\"><div class=\"fg-caption-title\">Armin, der Metzler<\/div><\/div><\/figcaption><\/figure><div class=\"fg-loader\"><\/div><\/div><div class=\"fg-item\"><figure class=\"fg-item-inner\"><a data-caption-title=\"Sabine\" data-attachment-id=\"289\" class=\"foogallery-thumb  fg-thumb\"><span class=\"fg-image-wrap\"><img title=\"Sabine\" class=\"bf-img fg-image\" height=\"150\" width=\"140\" data-src-fg=\"https:\/\/www.theglade.com\/wp-content\/uploads\/2021\/03\/sabine.gif\" \/><\/span><\/a><figcaption class=\"fg-caption\"><div class=\"fg-caption-inner\"><div class=\"fg-caption-title\">Sabine<\/div><\/div><\/figcaption><\/figure><div class=\"fg-loader\"><\/div><\/div><div class=\"fg-item\"><figure class=\"fg-item-inner\"><a data-caption-title=\"Psycho-Khan\" data-attachment-id=\"278\" class=\"foogallery-thumb  fg-thumb\"><span class=\"fg-image-wrap\"><img title=\"Psycho-Khan\" class=\"bf-img fg-image\" height=\"150\" width=\"140\" data-src-fg=\"https:\/\/www.theglade.com\/wp-content\/uploads\/2021\/03\/Khan.gif\" \/><\/span><\/a><figcaption class=\"fg-caption\"><div class=\"fg-caption-inner\"><div class=\"fg-caption-title\">Psycho-Khan<\/div><\/div><\/figcaption><\/figure><div class=\"fg-loader\"><\/div><\/div><div class=\"fg-item\"><figure class=\"fg-item-inner\"><a data-caption-title=\"Alex\" data-attachment-id=\"297\" class=\"foogallery-thumb  fg-thumb\"><span class=\"fg-image-wrap\"><img title=\"Alex\" class=\"bf-img fg-image\" height=\"150\" width=\"140\" data-src-fg=\"https:\/\/www.theglade.com\/wp-content\/uploads\/2021\/03\/alex.gif\" \/><\/span><\/a><figcaption class=\"fg-caption\"><div class=\"fg-caption-inner\"><div class=\"fg-caption-title\">Alex<\/div><\/div><\/figcaption><\/figure><div class=\"fg-loader\"><\/div><\/div><div class=\"fg-item\"><figure class=\"fg-item-inner\"><a data-caption-title=\"Tobi\" data-attachment-id=\"293\" class=\"foogallery-thumb  fg-thumb\"><span class=\"fg-image-wrap\"><img title=\"Tobi\" class=\"bf-img fg-image\" height=\"150\" width=\"140\" data-src-fg=\"https:\/\/www.theglade.com\/wp-content\/uploads\/2021\/03\/tobi.gif\" \/><\/span><\/a><figcaption class=\"fg-caption\"><div class=\"fg-caption-inner\"><div class=\"fg-caption-title\">Tobi<\/div><\/div><\/figcaption><\/figure><div class=\"fg-loader\"><\/div><\/div><div class=\"fg-item\"><figure class=\"fg-item-inner\"><a data-caption-title=\"Lena L\u00f6we\" data-attachment-id=\"280\" class=\"foogallery-thumb  fg-thumb\"><span class=\"fg-image-wrap\"><img title=\"Lena L\u00f6we\" class=\"bf-img fg-image\" height=\"150\" width=\"140\" data-src-fg=\"https:\/\/www.theglade.com\/wp-content\/uploads\/2021\/03\/lena.gif\" \/><\/span><\/a><figcaption class=\"fg-caption\"><div class=\"fg-caption-inner\"><div class=\"fg-caption-title\">Lena L\u00f6we<\/div><\/div><\/figcaption><\/figure><div class=\"fg-loader\"><\/div><\/div><div class=\"fg-item\"><figure class=\"fg-item-inner\"><a data-caption-title=\"Dani Dachs\" data-attachment-id=\"305\" class=\"foogallery-thumb  fg-thumb\"><span class=\"fg-image-wrap\"><img title=\"Dani Dachs\" class=\"bf-img fg-image\" height=\"150\" width=\"140\" data-src-fg=\"https:\/\/www.theglade.com\/wp-content\/uploads\/2021\/03\/dani.gif\" \/><\/span><\/a><figcaption class=\"fg-caption\"><div class=\"fg-caption-inner\"><div class=\"fg-caption-title\">Dani Dachs<\/div><\/div><\/figcaption><\/figure><div class=\"fg-loader\"><\/div><\/div><div class=\"fg-item\"><figure class=\"fg-item-inner\"><a data-caption-title=\"Anja, die irre Igelin\" data-attachment-id=\"299\" class=\"foogallery-thumb  fg-thumb\"><span class=\"fg-image-wrap\"><img title=\"Anja, die irre Igelin\" class=\"bf-img fg-image\" height=\"150\" width=\"140\" data-src-fg=\"https:\/\/www.theglade.com\/wp-content\/uploads\/2021\/03\/anja.gif\" \/><\/span><\/a><figcaption class=\"fg-caption\"><div class=\"fg-caption-inner\"><div class=\"fg-caption-title\">Anja, die irre Igelin<\/div><\/div><\/figcaption><\/figure><div class=\"fg-loader\"><\/div><\/div><div class=\"fg-item\"><figure class=\"fg-item-inner\"><a data-caption-title=\"Regina\" data-attachment-id=\"287\" class=\"foogallery-thumb  fg-thumb\"><span class=\"fg-image-wrap\"><img title=\"Regina\" class=\"bf-img fg-image\" height=\"150\" width=\"140\" data-src-fg=\"https:\/\/www.theglade.com\/wp-content\/uploads\/2021\/03\/regina.gif\" \/><\/span><\/a><figcaption class=\"fg-caption\"><div class=\"fg-caption-inner\"><div class=\"fg-caption-title\">Regina<\/div><\/div><\/figcaption><\/figure><div class=\"fg-loader\"><\/div><\/div><div class=\"fg-item\"><figure class=\"fg-item-inner\"><a data-caption-title=\"RobQ\" data-attachment-id=\"288\" class=\"foogallery-thumb  fg-thumb\"><span class=\"fg-image-wrap\"><img title=\"RobQ\" class=\"bf-img fg-image\" height=\"150\" width=\"140\" data-src-fg=\"https:\/\/www.theglade.com\/wp-content\/uploads\/2021\/03\/robq.gif\" \/><\/span><\/a><figcaption class=\"fg-caption\"><div class=\"fg-caption-inner\"><div class=\"fg-caption-title\">RobQ<\/div><\/div><\/figcaption><\/figure><div class=\"fg-loader\"><\/div><\/div><div class=\"fg-item\"><figure class=\"fg-item-inner\"><a data-caption-title=\"Yvi, das lachende Eichh\u00f6rnchen\" data-attachment-id=\"296\" class=\"foogallery-thumb  fg-thumb\"><span class=\"fg-image-wrap\"><img title=\"Yvi, das lachende Eichh\u00f6rnchen\" class=\"bf-img fg-image\" height=\"150\" width=\"140\" data-src-fg=\"https:\/\/www.theglade.com\/wp-content\/uploads\/2021\/03\/yvi.gif\" \/><\/span><\/a><figcaption class=\"fg-caption\"><div class=\"fg-caption-inner\"><div class=\"fg-caption-title\">Yvi, das lachende Eichh\u00f6rnchen<\/div><\/div><\/figcaption><\/figure><div class=\"fg-loader\"><\/div><\/div><div class=\"fg-item\"><figure class=\"fg-item-inner\"><a data-caption-title=\"D&#039;Ingo\" data-attachment-id=\"272\" class=\"foogallery-thumb  fg-thumb\"><span class=\"fg-image-wrap\"><img title=\"D&#039;Ingo\" class=\"bf-img fg-image\" height=\"150\" width=\"140\" data-src-fg=\"https:\/\/www.theglade.com\/wp-content\/uploads\/2021\/03\/dingo.gif\" \/><\/span><\/a><figcaption class=\"fg-caption\"><div class=\"fg-caption-inner\"><div class=\"fg-caption-title\">D&#8217;Ingo<\/div><\/div><\/figcaption><\/figure><div class=\"fg-loader\"><\/div><\/div><div class=\"fg-item\"><figure class=\"fg-item-inner\"><a data-caption-title=\"Cecilia\" data-attachment-id=\"304\" class=\"foogallery-thumb  fg-thumb\"><span class=\"fg-image-wrap\"><img title=\"Cecilia\" class=\"bf-img fg-image\" height=\"150\" width=\"140\" data-src-fg=\"https:\/\/www.theglade.com\/wp-content\/uploads\/2021\/03\/cecilia.gif\" \/><\/span><\/a><figcaption class=\"fg-caption\"><div class=\"fg-caption-inner\"><div class=\"fg-caption-title\">Cecilia<\/div><\/div><\/figcaption><\/figure><div class=\"fg-loader\"><\/div><\/div><div class=\"fg-item\"><figure class=\"fg-item-inner\"><a data-caption-title=\"Maria Laura\" data-attachment-id=\"283\" class=\"foogallery-thumb  fg-thumb\"><span class=\"fg-image-wrap\"><img title=\"Maria Laura\" class=\"bf-img fg-image\" height=\"150\" width=\"140\" data-src-fg=\"https:\/\/www.theglade.com\/wp-content\/uploads\/2021\/03\/marlau.gif\" \/><\/span><\/a><figcaption class=\"fg-caption\"><div class=\"fg-caption-inner\"><div class=\"fg-caption-title\">Maria Laura<\/div><\/div><\/figcaption><\/figure><div class=\"fg-loader\"><\/div><\/div><div class=\"fg-item\"><figure class=\"fg-item-inner\"><a data-caption-title=\"Wolfi im Schafspelz\" data-attachment-id=\"295\" class=\"foogallery-thumb  fg-thumb\"><span class=\"fg-image-wrap\"><img title=\"Wolfi im Schafspelz\" class=\"bf-img fg-image\" height=\"150\" width=\"140\" data-src-fg=\"https:\/\/www.theglade.com\/wp-content\/uploads\/2021\/03\/wolfi.gif\" \/><\/span><\/a><figcaption class=\"fg-caption\"><div class=\"fg-caption-inner\"><div class=\"fg-caption-title\">Wolfi im Schafspelz<\/div><\/div><\/figcaption><\/figure><div class=\"fg-loader\"><\/div><\/div><div class=\"fg-item\"><figure class=\"fg-item-inner\"><a data-caption-title=\"M\u00e4hlli\" data-attachment-id=\"281\" class=\"foogallery-thumb  fg-thumb\"><span class=\"fg-image-wrap\"><img title=\"M\u00e4hlli\" class=\"bf-img fg-image\" height=\"150\" width=\"140\" data-src-fg=\"https:\/\/www.theglade.com\/wp-content\/uploads\/2021\/03\/maehlli.gif\" \/><\/span><\/a><figcaption class=\"fg-caption\"><div class=\"fg-caption-inner\"><div class=\"fg-caption-title\">M\u00e4hlli<\/div><\/div><\/figcaption><\/figure><div class=\"fg-loader\"><\/div><\/div><div class=\"fg-item\"><figure class=\"fg-item-inner\"><a data-caption-title=\"Jenny Panda\" data-attachment-id=\"273\" class=\"foogallery-thumb  fg-thumb\"><span class=\"fg-image-wrap\"><img title=\"Jenny Panda\" class=\"bf-img fg-image\" height=\"150\" width=\"140\" data-src-fg=\"https:\/\/www.theglade.com\/wp-content\/uploads\/2021\/03\/jenny_figur.png\" \/><\/span><\/a><figcaption class=\"fg-caption\"><div class=\"fg-caption-inner\"><div class=\"fg-caption-title\">Jenny Panda<\/div><\/div><\/figcaption><\/figure><div class=\"fg-loader\"><\/div><\/div><div class=\"fg-item\"><figure class=\"fg-item-inner\"><a data-caption-title=\"Sarah Goldschakal\" data-attachment-id=\"291\" class=\"foogallery-thumb  fg-thumb\"><span class=\"fg-image-wrap\"><img title=\"Sarah Goldschakal\" class=\"bf-img fg-image\" height=\"150\" width=\"140\" data-src-fg=\"https:\/\/www.theglade.com\/wp-content\/uploads\/2021\/03\/sarah_figur.png\" \/><\/span><\/a><figcaption class=\"fg-caption\"><div class=\"fg-caption-inner\"><div class=\"fg-caption-title\">Sarah Goldschakal<\/div><\/div><\/figcaption><\/figure><div class=\"fg-loader\"><\/div><\/div><div class=\"fg-item\"><figure class=\"fg-item-inner\"><a data-caption-title=\"Jens J\u00e4rv\" data-attachment-id=\"274\" class=\"foogallery-thumb  fg-thumb\"><span class=\"fg-image-wrap\"><img title=\"Jens J\u00e4rv\" class=\"bf-img fg-image\" height=\"150\" width=\"140\" data-src-fg=\"https:\/\/www.theglade.com\/wp-content\/uploads\/2021\/03\/jenslogo.png\" \/><\/span><\/a><figcaption class=\"fg-caption\"><div class=\"fg-caption-inner\"><div class=\"fg-caption-title\">Jens J\u00e4rv<\/div><\/div><\/figcaption><\/figure><div class=\"fg-loader\"><\/div><\/div><div class=\"fg-item\"><figure class=\"fg-item-inner\"><a data-caption-title=\"Benni\" data-attachment-id=\"312\" class=\"foogallery-thumb  fg-thumb\"><span class=\"fg-image-wrap\"><img title=\"Benni\" class=\"bf-img fg-image\" height=\"150\" width=\"140\" data-src-fg=\"https:\/\/www.theglade.com\/wp-content\/uploads\/cache\/2021\/03\/benni-e1615242728576\/297107197.png\" \/><\/span><\/a><figcaption class=\"fg-caption\"><div class=\"fg-caption-inner\"><div class=\"fg-caption-title\">Benni<\/div><\/div><\/figcaption><\/figure><div class=\"fg-loader\"><\/div><\/div><\/div>\n\n\n<p>Die <strong>Kids of Zosse-Posse<\/strong>:<\/p>\n\n\n<div class=\"foogallery foogallery-container foogallery-simple_portfolio foogallery-lightbox-foobox fg-simple_portfolio fg-dark fg-border-thin fg-shadow-outline fg-loading-default fg-loaded-fade-in fg-caption-always fg-hover-fade fg-hover-zoom fg-ready fg-caption-always\" id=\"foogallery-gallery-831\" data-foogallery=\"{&quot;item&quot;:{&quot;showCaptionTitle&quot;:true,&quot;showCaptionDescription&quot;:true},&quot;lazy&quot;:true,&quot;src&quot;:&quot;data-src-fg&quot;,&quot;srcset&quot;:&quot;data-srcset-fg&quot;,&quot;template&quot;:{&quot;gutter&quot;:30,&quot;columnWidth&quot;:140,&quot;align&quot;:&quot;center&quot;}}\" data-fg-common-fields=\"1\" >\r\n\t<div class=\"fg-item\"><figure class=\"fg-item-inner\"><a data-caption-title=\"Julia\" data-attachment-id=\"277\" class=\"foogallery-thumb  fg-thumb\"><span class=\"fg-image-wrap\"><img title=\"Julia\" class=\"bf-img fg-image\" height=\"150\" width=\"140\" data-src-fg=\"https:\/\/www.theglade.com\/wp-content\/uploads\/2021\/03\/julialogo.png\" \/><\/span><\/a><figcaption class=\"fg-caption\"><div class=\"fg-caption-inner\"><div class=\"fg-caption-title\">Julia<\/div><\/div><\/figcaption><\/figure><div class=\"fg-loader\"><\/div><\/div><div class=\"fg-item\"><figure class=\"fg-item-inner\"><a data-caption-title=\"Diego.possum\" data-attachment-id=\"307\" class=\"foogallery-thumb  fg-thumb\"><span class=\"fg-image-wrap\"><img title=\"Diego.possum\" class=\"bf-img fg-image\" height=\"150\" width=\"140\" data-src-fg=\"https:\/\/www.theglade.com\/wp-content\/uploads\/2021\/03\/diegologo.png\" \/><\/span><\/a><figcaption class=\"fg-caption\"><div class=\"fg-caption-inner\"><div class=\"fg-caption-title\">Diego.possum<\/div><\/div><\/figcaption><\/figure><div class=\"fg-loader\"><\/div><\/div><div class=\"fg-item\"><figure class=\"fg-item-inner\"><a data-caption-title=\"Salome\" data-attachment-id=\"290\" class=\"foogallery-thumb  fg-thumb\"><span class=\"fg-image-wrap\"><img title=\"Salome\" class=\"bf-img fg-image\" height=\"150\" width=\"140\" data-src-fg=\"https:\/\/www.theglade.com\/wp-content\/uploads\/2021\/03\/salomelogo.png\" \/><\/span><\/a><figcaption class=\"fg-caption\"><div class=\"fg-caption-inner\"><div class=\"fg-caption-title\">Salome<\/div><\/div><\/figcaption><\/figure><div class=\"fg-loader\"><\/div><\/div><div class=\"fg-item\"><figure class=\"fg-item-inner\"><a data-caption-title=\"Klara\" data-attachment-id=\"279\" class=\"foogallery-thumb  fg-thumb\"><span class=\"fg-image-wrap\"><img title=\"Klara\" class=\"bf-img fg-image\" height=\"150\" width=\"140\" data-src-fg=\"https:\/\/www.theglade.com\/wp-content\/uploads\/2021\/03\/klara.png\" \/><\/span><\/a><figcaption class=\"fg-caption\"><div class=\"fg-caption-inner\"><div class=\"fg-caption-title\">Klara<\/div><\/div><\/figcaption><\/figure><div class=\"fg-loader\"><\/div><\/div><div class=\"fg-item\"><figure class=\"fg-item-inner\"><a data-caption-title=\"Anna\" data-attachment-id=\"300\" class=\"foogallery-thumb  fg-thumb\"><span class=\"fg-image-wrap\"><img title=\"Anna\" class=\"bf-img fg-image\" height=\"150\" width=\"140\" data-src-fg=\"https:\/\/www.theglade.com\/wp-content\/uploads\/2021\/03\/annalogo.png\" \/><\/span><\/a><figcaption class=\"fg-caption\"><div class=\"fg-caption-inner\"><div class=\"fg-caption-title\">Anna<\/div><\/div><\/figcaption><\/figure><div class=\"fg-loader\"><\/div><\/div><div class=\"fg-item\"><figure class=\"fg-item-inner\"><a data-caption-title=\"Jonathan\" data-attachment-id=\"276\" class=\"foogallery-thumb  fg-thumb\"><span class=\"fg-image-wrap\"><img title=\"Jonathan\" class=\"bf-img fg-image\" height=\"150\" width=\"140\" data-src-fg=\"https:\/\/www.theglade.com\/wp-content\/uploads\/2021\/03\/Johathan.png\" \/><\/span><\/a><figcaption class=\"fg-caption\"><div class=\"fg-caption-inner\"><div class=\"fg-caption-title\">Jonathan<\/div><\/div><\/figcaption><\/figure><div class=\"fg-loader\"><\/div><\/div><div class=\"fg-item\"><figure class=\"fg-item-inner\"><a data-caption-title=\"Mara\" data-attachment-id=\"282\" class=\"foogallery-thumb  fg-thumb\"><span class=\"fg-image-wrap\"><img title=\"Mara\" class=\"bf-img fg-image\" height=\"150\" width=\"140\" data-src-fg=\"https:\/\/www.theglade.com\/wp-content\/uploads\/2021\/03\/mara_figur.png\" \/><\/span><\/a><figcaption class=\"fg-caption\"><div class=\"fg-caption-inner\"><div class=\"fg-caption-title\">Mara<\/div><\/div><\/figcaption><\/figure><div class=\"fg-loader\"><\/div><\/div><div class=\"fg-item\"><figure class=\"fg-item-inner\"><a data-caption-title=\"Carla\" data-attachment-id=\"302\" class=\"foogallery-thumb  fg-thumb\"><span class=\"fg-image-wrap\"><img title=\"Carla\" class=\"bf-img fg-image\" height=\"150\" width=\"140\" data-src-fg=\"https:\/\/www.theglade.com\/wp-content\/uploads\/2021\/03\/carla_figur.png\" \/><\/span><\/a><figcaption class=\"fg-caption\"><div class=\"fg-caption-inner\"><div class=\"fg-caption-title\">Carla<\/div><\/div><\/figcaption><\/figure><div class=\"fg-loader\"><\/div><\/div><div class=\"fg-item\"><figure class=\"fg-item-inner\"><a data-caption-title=\"Mathilda\" data-attachment-id=\"284\" class=\"foogallery-thumb  fg-thumb\"><span class=\"fg-image-wrap\"><img title=\"Mathilda\" class=\"bf-img fg-image\" height=\"150\" width=\"140\" data-src-fg=\"https:\/\/www.theglade.com\/wp-content\/uploads\/2021\/03\/matilda_figur.png\" \/><\/span><\/a><figcaption class=\"fg-caption\"><div class=\"fg-caption-inner\"><div class=\"fg-caption-title\">Mathilda<\/div><\/div><\/figcaption><\/figure><div class=\"fg-loader\"><\/div><\/div><div class=\"fg-item\"><figure class=\"fg-item-inner\"><a data-caption-title=\"Niklas\" data-attachment-id=\"285\" class=\"foogallery-thumb  fg-thumb\"><span class=\"fg-image-wrap\"><img title=\"Niklas\" class=\"bf-img fg-image\" height=\"150\" width=\"140\" data-src-fg=\"https:\/\/www.theglade.com\/wp-content\/uploads\/2021\/03\/niklas_figur.png\" \/><\/span><\/a><figcaption class=\"fg-caption\"><div class=\"fg-caption-inner\"><div class=\"fg-caption-title\">Niklas<\/div><\/div><\/figcaption><\/figure><div class=\"fg-loader\"><\/div><\/div><div class=\"fg-item\"><figure class=\"fg-item-inner\"><a data-caption-title=\"Carolina Chinchilla\" data-attachment-id=\"303\" class=\"foogallery-thumb  fg-thumb\"><span class=\"fg-image-wrap\"><img title=\"Carolina Chinchilla\" class=\"bf-img fg-image\" height=\"150\" width=\"140\" data-src-fg=\"https:\/\/www.theglade.com\/wp-content\/uploads\/2021\/03\/carolina_figur.png\" \/><\/span><\/a><figcaption class=\"fg-caption\"><div class=\"fg-caption-inner\"><div class=\"fg-caption-title\">Carolina Chinchilla<\/div><\/div><\/figcaption><\/figure><div class=\"fg-loader\"><\/div><\/div><div class=\"fg-item\"><figure class=\"fg-item-inner\"><a data-caption-title=\"Stella\" data-attachment-id=\"310\" class=\"foogallery-thumb  fg-thumb\"><span class=\"fg-image-wrap\"><img title=\"Stella\" class=\"bf-img fg-image\" height=\"150\" width=\"140\" data-src-fg=\"https:\/\/www.theglade.com\/wp-content\/uploads\/cache\/2021\/03\/stella-e1615242789710\/2521771273.png\" \/><\/span><\/a><figcaption class=\"fg-caption\"><div class=\"fg-caption-inner\"><div class=\"fg-caption-title\">Stella<\/div><\/div><\/figcaption><\/figure><div class=\"fg-loader\"><\/div><\/div><div class=\"fg-item\"><figure class=\"fg-item-inner\"><a data-caption-title=\"Lena\" data-attachment-id=\"311\" class=\"foogallery-thumb  fg-thumb\"><span class=\"fg-image-wrap\"><img title=\"Lena\" class=\"bf-img fg-image\" height=\"150\" width=\"140\" data-src-fg=\"https:\/\/www.theglade.com\/wp-content\/uploads\/cache\/2021\/03\/LenaEmilie-e1615242806834\/731176057.png\" \/><\/span><\/a><figcaption class=\"fg-caption\"><div class=\"fg-caption-inner\"><div class=\"fg-caption-title\">Lena<\/div><\/div><\/figcaption><\/figure><div class=\"fg-loader\"><\/div><\/div><div class=\"fg-item\"><figure class=\"fg-item-inner\"><a data-caption-title=\"Joachim\" data-attachment-id=\"309\" class=\"foogallery-thumb  fg-thumb\"><span class=\"fg-image-wrap\"><img title=\"Joachim\" class=\"bf-img fg-image\" height=\"150\" width=\"140\" data-src-fg=\"https:\/\/www.theglade.com\/wp-content\/uploads\/cache\/2021\/03\/joachim-e1615242828251\/2761580064.png\" \/><\/span><\/a><figcaption class=\"fg-caption\"><div class=\"fg-caption-inner\"><div class=\"fg-caption-title\">Joachim<\/div><\/div><\/figcaption><\/figure><div class=\"fg-loader\"><\/div><\/div><div class=\"fg-item\"><figure class=\"fg-item-inner\"><a data-caption-title=\"Samuel\" data-attachment-id=\"308\" class=\"foogallery-thumb  fg-thumb\"><span class=\"fg-image-wrap\"><img title=\"Samuel\" class=\"bf-img fg-image\" height=\"150\" width=\"140\" data-src-fg=\"https:\/\/www.theglade.com\/wp-content\/uploads\/cache\/2021\/03\/samuel-e1615242843564\/4062897199.png\" \/><\/span><\/a><figcaption class=\"fg-caption\"><div class=\"fg-caption-inner\"><div class=\"fg-caption-title\">Samuel<\/div><\/div><\/figcaption><\/figure><div class=\"fg-loader\"><\/div><\/div><\/div>","protected":false},"excerpt":{"rendered":"<p>Die Zosse-Posse ist eine Gruppe von Freunden, bei der jede\/r durch eine gezeichnete Comicfigur (= das Zosse-Posse-Tier) repr\u00e4sentiert wird. Vorl\u00e4ufer der Zosse-Posse war die Langroup, die als Logo den drei\u00e4ugigen Fisch &#8222;Splinky&#8220; hatte. Entstanden ist die Zosse-Posse 1998\/99, der Name geht dabei auf ein falsch ausgef\u00fclltes Kreuzwortr\u00e4tsel zur\u00fcck. Die erste offizielle Verwendung des Doppelwortes &#8222;Zosse-Posse&#8220; <a class=\"more-link\" href=\"https:\/\/www.theglade.com\/?page_id=816\">weiterlesen&#8230;<\/a><\/p>\n","protected":false},"author":1,"featured_media":648,"parent":0,"menu_order":0,"comment_status":"closed","ping_status":"closed","template":"","meta":{"footnotes":""},"class_list":["post-816","page","type-page","status-publish","has-post-thumbnail","hentry"],"_links":{"self":[{"href":"https:\/\/www.theglade.com\/index.php?rest_route=\/wp\/v2\/pages\/816","targetHints":{"allow":["GET"]}}],"collection":[{"href":"https:\/\/www.theglade.com\/index.php?rest_route=\/wp\/v2\/pages"}],"about":[{"href":"https:\/\/www.theglade.com\/index.php?rest_route=\/wp\/v2\/types\/page"}],"author":[{"embeddable":true,"href":"https:\/\/www.theglade.com\/index.php?rest_route=\/wp\/v2\/users\/1"}],"replies":[{"embeddable":true,"href":"https:\/\/www.theglade.com\/index.php?rest_route=%2Fwp%2Fv2%2Fcomments&post=816"}],"version-history":[{"count":12,"href":"https:\/\/www.theglade.com\/index.php?rest_route=\/wp\/v2\/pages\/816\/revisions"}],"predecessor-version":[{"id":1095,"href":"https:\/\/www.theglade.com\/index.php?rest_route=\/wp\/v2\/pages\/816\/revisions\/1095"}],"wp:featuredmedia":[{"embeddable":true,"href":"https:\/\/www.theglade.com\/index.php?rest_route=\/wp\/v2\/media\/648"}],"wp:attachment":[{"href":"https:\/\/www.theglade.com\/index.php?rest_route=%2Fwp%2Fv2%2Fmedia&parent=816"}],"curies":[{"name":"wp","href":"https:\/\/api.w.org\/{rel}","templated":true}]}}