{"id":804,"date":"2021-03-08T22:35:02","date_gmt":"2021-03-08T21:35:02","guid":{"rendered":"https:\/\/www.theglade.com\/?page_id=804"},"modified":"2021-03-11T20:43:39","modified_gmt":"2021-03-11T19:43:39","slug":"webarchiv-domains","status":"publish","type":"page","link":"https:\/\/www.theglade.com\/?page_id=804","title":{"rendered":"Webarchiv &#8211; Domains"},"content":{"rendered":"\n<p>Nach der Einrichtung von theglade.com im Jahr 1997 gab es viele weitere Domains und Webauftritte. Dazu geh\u00f6ren:<\/p>\n\n\n\n<section id=\"section-1a850d77-044f-4cd9-a574-7c21328d893b\" class=\"wp-block-gutentor-divider section-1a850d77-044f-4cd9-a574-7c21328d893b gutentor-element gutentor-section gutentor-divider text-center\"><div class=\"grid-container\"><div class=\"gutentor-divider-box\"><span><svg xmlns=\"http:\/\/www.w3.org\/2000\/svg\" viewBox=\"0 0 240 40\" preserveAspectRatio=\"none\"><path d=\"M56.2 20c5.3-.1 10.6-.2 16-.3l16-.2c10.6-.1 21.3-.1 31.9-.2 10.6.1 21.3 0 31.9.1l16 .2c5.3.1 10.6.2 16 .3-5.3.1-10.6.2-16 .3l-16 .2c-10.6.1-21.3.1-31.9.1-10.6-.1-21.3 0-31.9-.2l-16-.2c-5.4.1-10.7 0-16-.1z\"><\/path><\/svg><\/span><\/div><\/div><\/section>\n\n\n\n<section id=\"gmd23488e\" class=\"wp-block-gutentor-m4 section-gmd23488e gutentor-module gutentor-advanced-columns\"><div class=\"grid-container\"><div class=\"grid-row\">\n<div id=\"col-gm26ce41\" class=\"wp-block-gutentor-m4-col col-gm26ce41 gutentor-single-column  grid-lg-9 grid-md-12 grid-12\"><div id=\"section-gm26ce41\" class=\"section-gm26ce41 gutentor-col-wrap\">\n<p><strong>Schweinehals.de (1999-2003)<\/strong><\/p>\n\n\n\n<p>Auf Schweinehals.de gab es eine Zeit lang Informatives und Lustiges rund um Schweine und das Grillen. Dazu geh\u00f6rten auch die&nbsp;<a href=\"https:\/\/www.theglade.com\/?page_id=952\" data-type=\"page\" data-id=\"952\">Schweinecomics<\/a>, die noch als letzter Rest dieser Seite auf theglade.com zu finden sind.<\/p>\n\n\n\n<p>Der etwas derbe Humor der Seite hat oft Kritik von Tiersch\u00fctzern hervorgerufen.<\/p>\n<\/div><\/div>\n\n\n\n<div id=\"col-gm50d845\" class=\"wp-block-gutentor-m4-col col-gm50d845 gutentor-single-column  grid-lg-3 grid-md-12 grid-12\"><div id=\"section-gm50d845\" class=\"section-gm50d845 gutentor-col-wrap\">\n<figure class=\"wp-block-image size-large\"><a href=\"https:\/\/www.theglade.com\/wp-content\/uploads\/2021\/03\/schw_lyrik.png\"><img loading=\"lazy\" decoding=\"async\" width=\"822\" height=\"582\" src=\"https:\/\/www.theglade.com\/wp-content\/uploads\/2021\/03\/schw_lyrik.png\" alt=\"\" class=\"wp-image-265\" srcset=\"https:\/\/www.theglade.com\/wp-content\/uploads\/2021\/03\/schw_lyrik.png 822w, https:\/\/www.theglade.com\/wp-content\/uploads\/2021\/03\/schw_lyrik-300x212.png 300w, https:\/\/www.theglade.com\/wp-content\/uploads\/2021\/03\/schw_lyrik-768x544.png 768w\" sizes=\"auto, (max-width: 822px) 100vw, 822px\" \/><\/a><\/figure>\n<\/div><\/div>\n<\/div><\/div><\/section>\n\n\n\n<section id=\"section-18422c3a-1778-44ff-b03a-94e39108ddf8\" class=\"wp-block-gutentor-divider section-18422c3a-1778-44ff-b03a-94e39108ddf8 gutentor-element gutentor-section gutentor-divider text-center\"><div class=\"grid-container\"><div class=\"gutentor-divider-box\"><span><svg xmlns=\"http:\/\/www.w3.org\/2000\/svg\" viewBox=\"0 0 240 40\" preserveAspectRatio=\"none\"><path d=\"M56.2 20c5.3-.1 10.6-.2 16-.3l16-.2c10.6-.1 21.3-.1 31.9-.2 10.6.1 21.3 0 31.9.1l16 .2c5.3.1 10.6.2 16 .3-5.3.1-10.6.2-16 .3l-16 .2c-10.6.1-21.3.1-31.9.1-10.6-.1-21.3 0-31.9-.2l-16-.2c-5.4.1-10.7 0-16-.1z\"><\/path><\/svg><\/span><\/div><\/div><\/section>\n\n\n\n<section id=\"gm6f6ca74\" class=\"wp-block-gutentor-m4 section-gm6f6ca74 gutentor-module gutentor-advanced-columns\"><div class=\"grid-container\"><div class=\"grid-row\">\n<div id=\"col-gm247465\" class=\"wp-block-gutentor-m4-col col-gm247465 gutentor-single-column  grid-lg-9 grid-md-12 grid-12\"><div id=\"section-gm247465\" class=\"section-gm247465 gutentor-col-wrap\">\n<p><strong>KhanProductions.de (1999-2003)<\/strong><\/p>\n\n\n\n<p>KhanProductions ist das Label, unter dem alle Inhalte, Webseiten und auch&nbsp;<a href=\"https:\/\/www.theglade.com\/?page_id=693\" data-type=\"page\" data-id=\"693\">Spiele&nbsp;<\/a>mit der Zosse-Posse produziert werden. Auf der Seite waren Comics und weitere Inhalte zu finden, die sich inzwischen zum Teil auf theglade.com befinden.<\/p>\n\n\n\n<p>Folgende Domains wurden oder werden KhanProductions (bzw. theglade.com) zugeordnet:<\/p>\n\n\n\n<ul class=\"wp-block-list\"><li>theglade.com<\/li><li>schweinehals.de (umgeleitet)<\/li><li>killdatailor.de &#8211; Archiv f\u00fcr Bilder und Videos (gel\u00f6scht)<\/li><li>zosse-posse.de &#8211; ab 2004 (umgeleitet)<\/li><li>YouTube-Kanal &#8222;<a href=\"https:\/\/www.youtube.com\/channel\/UCtphROY4C1ctNAbB7Zhil7Q\" target=\"_blank\" rel=\"noreferrer noopener\">KhanProd<\/a>&#8222;<\/li><\/ul>\n<\/div><\/div>\n\n\n\n<div id=\"col-gmb34384\" class=\"wp-block-gutentor-m4-col col-gmb34384 gutentor-single-column  grid-lg-3 grid-md-12 grid-12\"><div id=\"section-gmb34384\" class=\"section-gmb34384 gutentor-col-wrap\">\n<figure class=\"wp-block-image size-large\"><a href=\"https:\/\/www.theglade.com\/wp-content\/uploads\/2021\/03\/khanprod_start.png\"><img loading=\"lazy\" decoding=\"async\" width=\"804\" height=\"640\" src=\"https:\/\/www.theglade.com\/wp-content\/uploads\/2021\/03\/khanprod_start.png\" alt=\"\" class=\"wp-image-264\" srcset=\"https:\/\/www.theglade.com\/wp-content\/uploads\/2021\/03\/khanprod_start.png 804w, https:\/\/www.theglade.com\/wp-content\/uploads\/2021\/03\/khanprod_start-300x239.png 300w, https:\/\/www.theglade.com\/wp-content\/uploads\/2021\/03\/khanprod_start-768x611.png 768w\" sizes=\"auto, (max-width: 804px) 100vw, 804px\" \/><\/a><\/figure>\n<\/div><\/div>\n<\/div><\/div><\/section>\n\n\n\n<section id=\"section-2189ff1c-2ef6-433e-9506-d6c819daa59a\" class=\"wp-block-gutentor-divider section-2189ff1c-2ef6-433e-9506-d6c819daa59a gutentor-element gutentor-section gutentor-divider text-center\"><div class=\"grid-container\"><div class=\"gutentor-divider-box\"><span><svg xmlns=\"http:\/\/www.w3.org\/2000\/svg\" viewBox=\"0 0 240 40\" preserveAspectRatio=\"none\"><path d=\"M56.2 20c5.3-.1 10.6-.2 16-.3l16-.2c10.6-.1 21.3-.1 31.9-.2 10.6.1 21.3 0 31.9.1l16 .2c5.3.1 10.6.2 16 .3-5.3.1-10.6.2-16 .3l-16 .2c-10.6.1-21.3.1-31.9.1-10.6-.1-21.3 0-31.9-.2l-16-.2c-5.4.1-10.7 0-16-.1z\"><\/path><\/svg><\/span><\/div><\/div><\/section>\n\n\n\n<section id=\"gm6ce5da8\" class=\"wp-block-gutentor-m4 section-gm6ce5da8 gutentor-module gutentor-advanced-columns\"><div class=\"grid-container\"><div class=\"grid-row\">\n<div id=\"col-gme683ad\" class=\"wp-block-gutentor-m4-col col-gme683ad gutentor-single-column  grid-lg-9 grid-md-12 grid-12\"><div id=\"section-gme683ad\" class=\"section-gme683ad gutentor-col-wrap\">\n<p><strong>tscs.net (2000-)<\/strong><\/p>\n\n\n\n<p>tscs.net wurde als seri\u00f6ses Gegen\u00fcber zu KhanProductions eingerichtet.<\/p>\n\n\n\n<p>Fremde Webseiten werden unter diesem Label erstellt, hierzu geh\u00f6rten in den vergangenen Jahren z.B. Seiten f\u00fcr Universit\u00e4tseinrichtungen, f\u00fcr Firmen oder Vereine. Auch Abdruckgenehmigungen f\u00fcr Grafiken von theglade.com laufen \u00fcber&nbsp;<a rel=\"noreferrer noopener\" target=\"_blank\" href=\"http:\/\/www.tscs.net\/\">tscs.net<\/a>, das f\u00fcr &#8222;Tobias Schneider Creative Stuff&#8220; steht. Mit diesem Label sind auch Apps bzw. Games f\u00fcr mobile Ger\u00e4te entwickelt worden.<\/p>\n\n\n\n<p>Folgende Domains, Webauftritte und Apps sind unter dem Label tscs.net erstellt:<\/p>\n\n\n\n<ul class=\"wp-block-list\"><li>(theglade.com)<\/li><li><a href=\"http:\/\/www.theglade.com\/toleblog\">ToLeBlog<\/a><\/li><li><a rel=\"noreferrer noopener\" target=\"_blank\" href=\"http:\/\/www.tobias-schneider.net\/\">tobias-schneider.net<\/a><\/li><li><a rel=\"noreferrer noopener\" target=\"_blank\" href=\"http:\/\/www.dschungelkirche.de\/\">dschungelkirche.de<\/a>&nbsp;\/&nbsp;<a rel=\"noreferrer noopener\" target=\"_blank\" href=\"http:\/\/www.jungle.church\/\">jungle.church<\/a><\/li><li><a rel=\"noreferrer noopener\" target=\"_blank\" href=\"http:\/\/www.pixel-luther.de\/\">pixel-luther.de<\/a> (Game)<\/li><li><a rel=\"noreferrer noopener\" href=\"http:\/\/www.r3v3r3nd.de\" target=\"_blank\">r3v3r3nd.de<\/a> (YouTube-Kanal)<\/li><li><a rel=\"noreferrer noopener\" href=\"http:\/\/7underattack.tscs.net\" target=\"_blank\">7underattack.tscs.net<\/a> (Game)<\/li><li><a rel=\"noreferrer noopener\" href=\"http:\/\/www.lorek4landtag.de\" data-type=\"URL\" data-id=\"http:\/\/www.lorek4landtag.de\" target=\"_blank\">lorek4landtag.de<\/a> (Game)<\/li><\/ul>\n<\/div><\/div>\n\n\n\n<div id=\"col-gmfd3b06\" class=\"wp-block-gutentor-m4-col col-gmfd3b06 gutentor-single-column  grid-lg-3 grid-md-12 grid-12\"><div id=\"section-gmfd3b06\" class=\"section-gmfd3b06 gutentor-col-wrap\">\n<figure class=\"wp-block-image size-large\"><a href=\"https:\/\/www.theglade.com\/wp-content\/uploads\/2021\/03\/tscs1_start.png\"><img loading=\"lazy\" decoding=\"async\" width=\"644\" height=\"500\" src=\"https:\/\/www.theglade.com\/wp-content\/uploads\/2021\/03\/tscs1_start.png\" alt=\"\" class=\"wp-image-269\" srcset=\"https:\/\/www.theglade.com\/wp-content\/uploads\/2021\/03\/tscs1_start.png 644w, https:\/\/www.theglade.com\/wp-content\/uploads\/2021\/03\/tscs1_start-300x233.png 300w\" sizes=\"auto, (max-width: 644px) 100vw, 644px\" \/><\/a><\/figure>\n<\/div><\/div>\n<\/div><\/div><\/section>\n\n\n\n<section id=\"section-2c8cc3c8-5911-49be-ab89-41cbfec70be1\" class=\"wp-block-gutentor-divider section-2c8cc3c8-5911-49be-ab89-41cbfec70be1 gutentor-element gutentor-section gutentor-divider text-center\"><div class=\"grid-container\"><div class=\"gutentor-divider-box\"><span><svg xmlns=\"http:\/\/www.w3.org\/2000\/svg\" viewBox=\"0 0 240 40\" preserveAspectRatio=\"none\"><path d=\"M56.2 20c5.3-.1 10.6-.2 16-.3l16-.2c10.6-.1 21.3-.1 31.9-.2 10.6.1 21.3 0 31.9.1l16 .2c5.3.1 10.6.2 16 .3-5.3.1-10.6.2-16 .3l-16 .2c-10.6.1-21.3.1-31.9.1-10.6-.1-21.3 0-31.9-.2l-16-.2c-5.4.1-10.7 0-16-.1z\"><\/path><\/svg><\/span><\/div><\/div><\/section>\n","protected":false},"excerpt":{"rendered":"<p>Nach der Einrichtung von theglade.com im Jahr 1997 gab es viele weitere Domains und Webauftritte. Dazu geh\u00f6ren:<\/p>\n","protected":false},"author":1,"featured_media":0,"parent":695,"menu_order":0,"comment_status":"closed","ping_status":"closed","template":"","meta":{"footnotes":""},"class_list":["post-804","page","type-page","status-publish","hentry"],"_links":{"self":[{"href":"https:\/\/www.theglade.com\/index.php?rest_route=\/wp\/v2\/pages\/804","targetHints":{"allow":["GET"]}}],"collection":[{"href":"https:\/\/www.theglade.com\/index.php?rest_route=\/wp\/v2\/pages"}],"about":[{"href":"https:\/\/www.theglade.com\/index.php?rest_route=\/wp\/v2\/types\/page"}],"author":[{"embeddable":true,"href":"https:\/\/www.theglade.com\/index.php?rest_route=\/wp\/v2\/users\/1"}],"replies":[{"embeddable":true,"href":"https:\/\/www.theglade.com\/index.php?rest_route=%2Fwp%2Fv2%2Fcomments&post=804"}],"version-history":[{"count":8,"href":"https:\/\/www.theglade.com\/index.php?rest_route=\/wp\/v2\/pages\/804\/revisions"}],"predecessor-version":[{"id":1272,"href":"https:\/\/www.theglade.com\/index.php?rest_route=\/wp\/v2\/pages\/804\/revisions\/1272"}],"up":[{"embeddable":true,"href":"https:\/\/www.theglade.com\/index.php?rest_route=\/wp\/v2\/pages\/695"}],"wp:attachment":[{"href":"https:\/\/www.theglade.com\/index.php?rest_route=%2Fwp%2Fv2%2Fmedia&parent=804"}],"curies":[{"name":"wp","href":"https:\/\/api.w.org\/{rel}","templated":true}]}}