{"id":695,"date":"2021-03-08T18:39:02","date_gmt":"2021-03-08T17:39:02","guid":{"rendered":"https:\/\/www.theglade.com\/?page_id=695"},"modified":"2021-03-08T22:35:42","modified_gmt":"2021-03-08T21:35:42","slug":"archiv","status":"publish","type":"page","link":"https:\/\/www.theglade.com\/?page_id=695","title":{"rendered":"Webarchiv"},"content":{"rendered":"\n<p>theglade.com besteht seit 1997. In dieser Zeit hat sich die Seite immer wieder ver\u00e4ndert:<\/p>\n\n\n\n<section id=\"section-56543e43-daab-4df1-9bc7-689b1124a7de\" class=\"wp-block-gutentor-divider section-56543e43-daab-4df1-9bc7-689b1124a7de gutentor-element gutentor-section gutentor-divider text-center\"><div class=\"grid-container\"><div class=\"gutentor-divider-box\"><span><svg xmlns=\"http:\/\/www.w3.org\/2000\/svg\" viewBox=\"0 0 240 40\" preserveAspectRatio=\"none\"><path d=\"M56.2 20c5.3-.1 10.6-.2 16-.3l16-.2c10.6-.1 21.3-.1 31.9-.2 10.6.1 21.3 0 31.9.1l16 .2c5.3.1 10.6.2 16 .3-5.3.1-10.6.2-16 .3l-16 .2c-10.6.1-21.3.1-31.9.1-10.6-.1-21.3 0-31.9-.2l-16-.2c-5.4.1-10.7 0-16-.1z\"><\/path><\/svg><\/span><\/div><\/div><\/section>\n\n\n\n<section id=\"gm820958e\" class=\"wp-block-gutentor-m4 section-gm820958e gutentor-module gutentor-advanced-columns\"><div class=\"grid-container\"><div class=\"grid-row\">\n<div id=\"col-gm2ee686\" class=\"wp-block-gutentor-m4-col col-gm2ee686 gutentor-single-column  grid-lg-2 grid-md-12 grid-12\"><div id=\"section-gm2ee686\" class=\"section-gm2ee686 gutentor-col-wrap\">\n<figure class=\"wp-block-image size-large is-style-default\"><a href=\"https:\/\/www.theglade.com\/wp-content\/uploads\/2021\/03\/gladev1_start.png\"><img loading=\"lazy\" decoding=\"async\" width=\"785\" height=\"693\" src=\"https:\/\/www.theglade.com\/wp-content\/uploads\/2021\/03\/gladev1_start.png\" alt=\"\" class=\"wp-image-258\" srcset=\"https:\/\/www.theglade.com\/wp-content\/uploads\/2021\/03\/gladev1_start.png 785w, https:\/\/www.theglade.com\/wp-content\/uploads\/2021\/03\/gladev1_start-300x265.png 300w, https:\/\/www.theglade.com\/wp-content\/uploads\/2021\/03\/gladev1_start-768x678.png 768w\" sizes=\"auto, (max-width: 785px) 100vw, 785px\" \/><\/a><\/figure>\n<\/div><\/div>\n\n\n\n<div id=\"col-gmffbe27\" class=\"wp-block-gutentor-m4-col col-gmffbe27 gutentor-single-column  grid-lg-8 grid-md-12 grid-12\"><div id=\"section-gmffbe27\" class=\"section-gmffbe27 gutentor-col-wrap\">\n<p><strong>theglade.com Version 1 (1997-2000)<\/strong><\/p>\n\n\n\n<p>Eine aus heutiger Sicht einfache Seite mit Kommentaren und Bildern zu aktuellen Geschehnissen.<\/p>\n\n\n\n<p>Khan, der Tiger war schon ab 1996 ein Internetpseudonym und wurde sp\u00e4ter zur zeichnerischen Grundlage f\u00fcr die&nbsp;<a href=\"http:\/\/theglade.com\/cms\/front_content.php?idart=81\">Figuren der Zosse-Posse<\/a>.<\/p>\n<\/div><\/div>\n\n\n\n<div id=\"col-gm6799eb\" class=\"wp-block-gutentor-m4-col col-gm6799eb gutentor-single-column  grid-lg-2 grid-md-12 grid-12\"><div id=\"section-gm6799eb\" class=\"section-gm6799eb gutentor-col-wrap\">\n<figure class=\"wp-block-image size-large\"><a href=\"https:\/\/www.theglade.com\/wp-content\/uploads\/2021\/03\/gladev1_inhalt.png\"><img loading=\"lazy\" decoding=\"async\" width=\"869\" height=\"535\" src=\"https:\/\/www.theglade.com\/wp-content\/uploads\/2021\/03\/gladev1_inhalt.png\" alt=\"\" class=\"wp-image-257\" srcset=\"https:\/\/www.theglade.com\/wp-content\/uploads\/2021\/03\/gladev1_inhalt.png 869w, https:\/\/www.theglade.com\/wp-content\/uploads\/2021\/03\/gladev1_inhalt-300x185.png 300w, https:\/\/www.theglade.com\/wp-content\/uploads\/2021\/03\/gladev1_inhalt-768x473.png 768w\" sizes=\"auto, (max-width: 869px) 100vw, 869px\" \/><\/a><\/figure>\n<\/div><\/div>\n<\/div><\/div><\/section>\n\n\n\n<section id=\"section-6a6c9fb2-b9fa-408a-beca-f74461f1ef76\" class=\"wp-block-gutentor-divider section-6a6c9fb2-b9fa-408a-beca-f74461f1ef76 gutentor-element gutentor-section gutentor-divider text-center\"><div class=\"grid-container\"><div class=\"gutentor-divider-box\"><span><svg xmlns=\"http:\/\/www.w3.org\/2000\/svg\" viewBox=\"0 0 240 40\" preserveAspectRatio=\"none\"><path d=\"M56.2 20c5.3-.1 10.6-.2 16-.3l16-.2c10.6-.1 21.3-.1 31.9-.2 10.6.1 21.3 0 31.9.1l16 .2c5.3.1 10.6.2 16 .3-5.3.1-10.6.2-16 .3l-16 .2c-10.6.1-21.3.1-31.9.1-10.6-.1-21.3 0-31.9-.2l-16-.2c-5.4.1-10.7 0-16-.1z\"><\/path><\/svg><\/span><\/div><\/div><\/section>\n\n\n\n<section id=\"gm7d70dc2\" class=\"wp-block-gutentor-m4 section-gm7d70dc2 gutentor-module gutentor-advanced-columns\"><div class=\"grid-container\"><div class=\"grid-row\">\n<div id=\"col-gm369111\" class=\"wp-block-gutentor-m4-col col-gm369111 gutentor-single-column  grid-lg-2 grid-md-12 grid-12\"><div id=\"section-gm369111\" class=\"section-gm369111 gutentor-col-wrap\">\n<figure class=\"wp-block-image size-large is-style-default\"><a href=\"https:\/\/www.theglade.com\/wp-content\/uploads\/2021\/03\/gladev2_start.png\"><img loading=\"lazy\" decoding=\"async\" width=\"744\" height=\"525\" src=\"https:\/\/www.theglade.com\/wp-content\/uploads\/2021\/03\/gladev2_start.png\" alt=\"\" class=\"wp-image-260\" srcset=\"https:\/\/www.theglade.com\/wp-content\/uploads\/2021\/03\/gladev2_start.png 744w, https:\/\/www.theglade.com\/wp-content\/uploads\/2021\/03\/gladev2_start-300x212.png 300w\" sizes=\"auto, (max-width: 744px) 100vw, 744px\" \/><\/a><\/figure>\n<\/div><\/div>\n\n\n\n<div id=\"col-gmc8d498\" class=\"wp-block-gutentor-m4-col col-gmc8d498 gutentor-single-column  grid-lg-8 grid-md-12 grid-12\"><div id=\"section-gmc8d498\" class=\"section-gmc8d498 gutentor-col-wrap\">\n<p><strong>theglade.com Version 2 (2000-2005)<\/strong><\/p>\n\n\n\n<p>Grafisch etwas aufw\u00e4ndiger, aber vom Inhalt her einfach gehalten. Regelm\u00e4\u00dfige Beitr\u00e4ge unter &#8222;Pics&#8217;n&#8217;Stuff&#8220; waren Bilderr\u00e4tsel und monatliche Hitlisten, \u00e4hnlich eines Blogs.<br><br>W\u00e4hrend dieser Zeit hatte ich\u00a0<a href=\"https:\/\/www.theglade.com\/?page_id=804\" data-type=\"page\" data-id=\"804\">viele Webseiten mit unterschiedlichen Inhalten<\/a>, die sp\u00e4ter zusammengefasst wurden.<\/p>\n<\/div><\/div>\n\n\n\n<div id=\"col-gm3516a4\" class=\"wp-block-gutentor-m4-col col-gm3516a4 gutentor-single-column  grid-lg-2 grid-md-12 grid-12\"><div id=\"section-gm3516a4\" class=\"section-gm3516a4 gutentor-col-wrap\">\n<figure class=\"wp-block-image size-large\"><a href=\"https:\/\/www.theglade.com\/wp-content\/uploads\/2021\/03\/gladev2_inhalt.png\"><img loading=\"lazy\" decoding=\"async\" width=\"991\" height=\"711\" src=\"https:\/\/www.theglade.com\/wp-content\/uploads\/2021\/03\/gladev2_inhalt.png\" alt=\"\" class=\"wp-image-259\" srcset=\"https:\/\/www.theglade.com\/wp-content\/uploads\/2021\/03\/gladev2_inhalt.png 991w, https:\/\/www.theglade.com\/wp-content\/uploads\/2021\/03\/gladev2_inhalt-300x215.png 300w, https:\/\/www.theglade.com\/wp-content\/uploads\/2021\/03\/gladev2_inhalt-768x551.png 768w\" sizes=\"auto, (max-width: 991px) 100vw, 991px\" \/><\/a><\/figure>\n\n\n\n<p><\/p>\n<\/div><\/div>\n<\/div><\/div><\/section>\n\n\n\n<section id=\"section-0cccc68a-99d6-4828-9e17-9fcf41c798ff\" class=\"wp-block-gutentor-divider section-0cccc68a-99d6-4828-9e17-9fcf41c798ff gutentor-element gutentor-section gutentor-divider text-center\"><div class=\"grid-container\"><div class=\"gutentor-divider-box\"><span><svg xmlns=\"http:\/\/www.w3.org\/2000\/svg\" viewBox=\"0 0 240 40\" preserveAspectRatio=\"none\"><path d=\"M56.2 20c5.3-.1 10.6-.2 16-.3l16-.2c10.6-.1 21.3-.1 31.9-.2 10.6.1 21.3 0 31.9.1l16 .2c5.3.1 10.6.2 16 .3-5.3.1-10.6.2-16 .3l-16 .2c-10.6.1-21.3.1-31.9.1-10.6-.1-21.3 0-31.9-.2l-16-.2c-5.4.1-10.7 0-16-.1z\"><\/path><\/svg><\/span><\/div><\/div><\/section>\n\n\n\n<section id=\"gm6a15bc4\" class=\"wp-block-gutentor-m4 section-gm6a15bc4 gutentor-module gutentor-advanced-columns\"><div class=\"grid-container\"><div class=\"grid-row\">\n<div id=\"col-gm232ebd\" class=\"wp-block-gutentor-m4-col col-gm232ebd gutentor-single-column  grid-lg-2 grid-md-12 grid-12\"><div id=\"section-gm232ebd\" class=\"section-gm232ebd gutentor-col-wrap\">\n<figure class=\"wp-block-image size-large is-style-default\"><a href=\"https:\/\/www.theglade.com\/wp-content\/uploads\/2021\/03\/gladev3_start.png\"><img loading=\"lazy\" decoding=\"async\" width=\"849\" height=\"540\" src=\"https:\/\/www.theglade.com\/wp-content\/uploads\/2021\/03\/gladev3_start.png\" alt=\"\" class=\"wp-image-262\" srcset=\"https:\/\/www.theglade.com\/wp-content\/uploads\/2021\/03\/gladev3_start.png 849w, https:\/\/www.theglade.com\/wp-content\/uploads\/2021\/03\/gladev3_start-300x191.png 300w, https:\/\/www.theglade.com\/wp-content\/uploads\/2021\/03\/gladev3_start-768x488.png 768w\" sizes=\"auto, (max-width: 849px) 100vw, 849px\" \/><\/a><\/figure>\n<\/div><\/div>\n\n\n\n<div id=\"col-gm9aed01\" class=\"wp-block-gutentor-m4-col col-gm9aed01 gutentor-single-column  grid-lg-8 grid-md-12 grid-12\"><div id=\"section-gm9aed01\" class=\"section-gm9aed01 gutentor-col-wrap\">\n<p><strong>theglade.com Version 3 (2005-2014)<\/strong><\/p>\n\n\n\n<p>Aus vielen Auftritten wurde ein einziges Portal, das alle Bereiche abdeckte.\u00a0<a href=\"https:\/\/www.theglade.com\/?page_id=804\" data-type=\"page\" data-id=\"804\">Alte Domains<\/a>\u00a0wurden umgeleitet und ein Gro\u00dfteil des Gesamtarchivs eingebaut.<\/p>\n\n\n\n<p>Fast ein Jahrzehnt wurden neue Inhalte eingestellt, wenn auch die aktuellen Beitr\u00e4ge in sp\u00e4teren Jahren fast ausschlie\u00dflich im&nbsp;<a href=\"http:\/\/www.theglade.com\/toleblog\">ToLeBlog&nbsp;<\/a>zu finden waren.<\/p>\n<\/div><\/div>\n\n\n\n<div id=\"col-gmfa3e8b\" class=\"wp-block-gutentor-m4-col col-gmfa3e8b gutentor-single-column  grid-lg-2 grid-md-12 grid-12\"><div id=\"section-gmfa3e8b\" class=\"section-gmfa3e8b gutentor-col-wrap\">\n<figure class=\"wp-block-image size-large\"><a href=\"https:\/\/www.theglade.com\/wp-content\/uploads\/2021\/03\/gladev3_inhalt.png\"><img loading=\"lazy\" decoding=\"async\" width=\"1010\" height=\"715\" src=\"https:\/\/www.theglade.com\/wp-content\/uploads\/2021\/03\/gladev3_inhalt.png\" alt=\"\" class=\"wp-image-261\" srcset=\"https:\/\/www.theglade.com\/wp-content\/uploads\/2021\/03\/gladev3_inhalt.png 1010w, https:\/\/www.theglade.com\/wp-content\/uploads\/2021\/03\/gladev3_inhalt-300x212.png 300w, https:\/\/www.theglade.com\/wp-content\/uploads\/2021\/03\/gladev3_inhalt-768x544.png 768w\" sizes=\"auto, (max-width: 1010px) 100vw, 1010px\" \/><\/a><\/figure>\n\n\n\n<p><\/p>\n<\/div><\/div>\n<\/div><\/div><\/section>\n\n\n\n<section id=\"section-a123e33c-54bb-44be-b7d7-25771505e33a\" class=\"wp-block-gutentor-divider section-a123e33c-54bb-44be-b7d7-25771505e33a gutentor-element gutentor-section gutentor-divider text-center\"><div class=\"grid-container\"><div class=\"gutentor-divider-box\"><span><svg xmlns=\"http:\/\/www.w3.org\/2000\/svg\" viewBox=\"0 0 240 40\" preserveAspectRatio=\"none\"><path d=\"M56.2 20c5.3-.1 10.6-.2 16-.3l16-.2c10.6-.1 21.3-.1 31.9-.2 10.6.1 21.3 0 31.9.1l16 .2c5.3.1 10.6.2 16 .3-5.3.1-10.6.2-16 .3l-16 .2c-10.6.1-21.3.1-31.9.1-10.6-.1-21.3 0-31.9-.2l-16-.2c-5.4.1-10.7 0-16-.1z\"><\/path><\/svg><\/span><\/div><\/div><\/section>\n\n\n\n<section id=\"gme6d884d\" class=\"wp-block-gutentor-m4 section-gme6d884d gutentor-module gutentor-advanced-columns\"><div class=\"grid-container\"><div class=\"grid-row\">\n<div id=\"col-gm98e7b4\" class=\"wp-block-gutentor-m4-col col-gm98e7b4 gutentor-single-column  grid-lg-2 grid-md-12 grid-12\"><div id=\"section-gm98e7b4\" class=\"section-gm98e7b4 gutentor-col-wrap\">\n<figure class=\"wp-block-image size-large is-style-default\"><a href=\"https:\/\/www.theglade.com\/wp-content\/uploads\/2021\/03\/theglade_v4.png\"><img loading=\"lazy\" decoding=\"async\" width=\"984\" height=\"754\" src=\"https:\/\/www.theglade.com\/wp-content\/uploads\/2021\/03\/theglade_v4.png\" alt=\"\" class=\"wp-image-270\" srcset=\"https:\/\/www.theglade.com\/wp-content\/uploads\/2021\/03\/theglade_v4.png 984w, https:\/\/www.theglade.com\/wp-content\/uploads\/2021\/03\/theglade_v4-300x230.png 300w, https:\/\/www.theglade.com\/wp-content\/uploads\/2021\/03\/theglade_v4-768x588.png 768w\" sizes=\"auto, (max-width: 984px) 100vw, 984px\" \/><\/a><\/figure>\n<\/div><\/div>\n\n\n\n<div id=\"col-gmbaf233\" class=\"wp-block-gutentor-m4-col col-gmbaf233 gutentor-single-column  grid-lg-8 grid-md-12 grid-12\"><div id=\"section-gmbaf233\" class=\"section-gmbaf233 gutentor-col-wrap\">\n<p><strong>theglade.com Version 4 (2014 &#8211; 2021)<\/strong><\/p>\n\n\n\n<p>Beim Relaunch wurden viele Inhalte entfernt. Dazu geh\u00f6rt vor allem die Rubrik &#8222;Pics&#8217;n&#8217;Stuff&#8220; sowie das gesamte Archiv mit Bilder und Videos. Das meiste hiervon war sowohl technisch als auch inhaltlich veraltet und eine \u00f6ffentliche Pr\u00e4sentation im Internet ist nicht mehr sinnvoll. Der Schwerpunkt von theglade.com lag ab diesem Zeitpunkt auch durch die neue Optik der Seite auf den&nbsp;<a href=\"http:\/\/theglade.com\/cms\/front_content.php?idart=9\">Cartoons und Comics<\/a>.<\/p>\n<\/div><\/div>\n\n\n\n<div id=\"col-gm4eec5a\" class=\"wp-block-gutentor-m4-col col-gm4eec5a gutentor-single-column  grid-lg-2 grid-md-12 grid-12\"><div id=\"section-gm4eec5a\" class=\"section-gm4eec5a gutentor-col-wrap\">\n<figure class=\"wp-block-image size-large\"><a href=\"https:\/\/www.theglade.com\/wp-content\/uploads\/2021\/03\/theglade_v4_inhalt-e1615238744509.png\"><img decoding=\"async\" src=\"https:\/\/www.theglade.com\/wp-content\/uploads\/2021\/03\/theglade_v4_inhalt-1024x723.png\" alt=\"\" class=\"wp-image-271\"\/><\/a><\/figure>\n\n\n\n<p><\/p>\n<\/div><\/div>\n<\/div><\/div><\/section>\n\n\n\n<section id=\"section-3f357afc-dce2-49d9-9382-2188cd71dedd\" class=\"wp-block-gutentor-divider section-3f357afc-dce2-49d9-9382-2188cd71dedd gutentor-element gutentor-section gutentor-divider text-center\"><div class=\"grid-container\"><div class=\"gutentor-divider-box\"><span><svg xmlns=\"http:\/\/www.w3.org\/2000\/svg\" viewBox=\"0 0 240 40\" preserveAspectRatio=\"none\"><path d=\"M56.2 20c5.3-.1 10.6-.2 16-.3l16-.2c10.6-.1 21.3-.1 31.9-.2 10.6.1 21.3 0 31.9.1l16 .2c5.3.1 10.6.2 16 .3-5.3.1-10.6.2-16 .3l-16 .2c-10.6.1-21.3.1-31.9.1-10.6-.1-21.3 0-31.9-.2l-16-.2c-5.4.1-10.7 0-16-.1z\"><\/path><\/svg><\/span><\/div><\/div><\/section>\n\n\n\n<p><strong>theglade.com Version 5 (ab 2021)<\/strong><\/p>\n\n\n\n<p>Wichtigste \u00c4nderung an der neuen Seite ist der Wechsel des Systems. Nach 16 Jahren mit Contenido wurde die Seite komplett neu mit WordPress aufgesetzt, aber inhaltlich kaum ver\u00e4ndert. Um das Google-Ranking nicht zu verlieren, l\u00e4uft die fr\u00fchere Seite noch parallel mit Weiterleitungen. Die Seite wurde insgesamt nochmals verschlankt und noch mehr auf den Cartoon-Bereich reduziert. Die Flash-Videos werden nicht mehr unterst\u00fctzt und wurden deshalb entfernt.<\/p>\n","protected":false},"excerpt":{"rendered":"<p>theglade.com besteht seit 1997. In dieser Zeit hat sich die Seite immer wieder ver\u00e4ndert: theglade.com Version 5 (ab 2021) Wichtigste \u00c4nderung an der neuen Seite ist der Wechsel des Systems. Nach 16 Jahren mit Contenido wurde die Seite komplett neu mit WordPress aufgesetzt, aber inhaltlich kaum ver\u00e4ndert. Um das Google-Ranking nicht zu verlieren, l\u00e4uft die <a class=\"more-link\" href=\"https:\/\/www.theglade.com\/?page_id=695\">weiterlesen&#8230;<\/a><\/p>\n","protected":false},"author":1,"featured_media":0,"parent":0,"menu_order":0,"comment_status":"closed","ping_status":"closed","template":"","meta":{"footnotes":""},"class_list":["post-695","page","type-page","status-publish","hentry"],"_links":{"self":[{"href":"https:\/\/www.theglade.com\/index.php?rest_route=\/wp\/v2\/pages\/695","targetHints":{"allow":["GET"]}}],"collection":[{"href":"https:\/\/www.theglade.com\/index.php?rest_route=\/wp\/v2\/pages"}],"about":[{"href":"https:\/\/www.theglade.com\/index.php?rest_route=\/wp\/v2\/types\/page"}],"author":[{"embeddable":true,"href":"https:\/\/www.theglade.com\/index.php?rest_route=\/wp\/v2\/users\/1"}],"replies":[{"embeddable":true,"href":"https:\/\/www.theglade.com\/index.php?rest_route=%2Fwp%2Fv2%2Fcomments&post=695"}],"version-history":[{"count":23,"href":"https:\/\/www.theglade.com\/index.php?rest_route=\/wp\/v2\/pages\/695\/revisions"}],"predecessor-version":[{"id":806,"href":"https:\/\/www.theglade.com\/index.php?rest_route=\/wp\/v2\/pages\/695\/revisions\/806"}],"wp:attachment":[{"href":"https:\/\/www.theglade.com\/index.php?rest_route=%2Fwp%2Fv2%2Fmedia&parent=695"}],"curies":[{"name":"wp","href":"https:\/\/api.w.org\/{rel}","templated":true}]}}