{"id":1144,"date":"2021-03-10T11:41:10","date_gmt":"2021-03-10T10:41:10","guid":{"rendered":"https:\/\/www.theglade.com\/?page_id=1144"},"modified":"2021-03-11T20:45:19","modified_gmt":"2021-03-11T19:45:19","slug":"legend-of-zosse-posse-stonecutters-return","status":"publish","type":"page","link":"https:\/\/www.theglade.com\/?page_id=1144","title":{"rendered":"Legend of Zosse-Posse: Stonecutter&#8217;s return"},"content":{"rendered":"\n<div id=\"section-g8d76bf\" class=\"wp-block-gutentor-e6 section-g8d76bf gutentor-element gutentor-element-image floatl\"><div class=\"gutentor-element-image-box\"><div class=\"gutentor-image-thumb\"><img decoding=\"async\" class=\"normal-image\" src=\"https:\/\/www.theglade.com\/wp-content\/uploads\/2021\/03\/lozp-titel-235x300.png\"\/><\/div><\/div><\/div>\n\n\n\n<p>Dieses Spiel ist das bisher umfangreichste und hatte mehrere Jahre Entwicklungszeit. Das Spiel orientiert sich an den alten Zelda-Spielen und hat eine vergleichbare Spielmechanik. Es wurde zwischen 2007 und 2009 mit BlitzBasic programmiert.<\/p>\n\n\n\n<p><strong>Inhalt: <\/strong><\/p>\n\n\n\n<p>Mach dich als Armin, der Metzler, auf den diffizilen und verdammt anstrengenden Weg das Zosse-Posse-Land vom fiesen Dr. B\u00f6sau zu befreien. Besuch deine Freunde und Familie um Hilfe zu bekommen. K\u00e4mpfe dich gegen Powerenten, Aga-Kr\u00f6ten und die b\u00f6se Melony durch W\u00fcste, Sumpf und Wald, bis du am Ende im finalen Kampf dem schrecklichen Dr. B\u00f6sau Auge in Auge gegen\u00fcberstehst!<br><\/p>\n\n\n\n<figure class=\"wp-block-embed alignright is-type-video is-provider-youtube wp-block-embed-youtube floatr wp-embed-aspect-16-9 wp-has-aspect-ratio\"><div class=\"wp-block-embed__wrapper\">\n<iframe loading=\"lazy\" title=\"Legend of Zosse-Posse: Intro und Finale\" width=\"780\" height=\"439\" src=\"https:\/\/www.youtube.com\/embed\/qr0wixObYoo?feature=oembed\" frameborder=\"0\" allow=\"accelerometer; autoplay; clipboard-write; encrypted-media; gyroscope; picture-in-picture\" allowfullscreen><\/iframe>\n<\/div><\/figure>\n\n\n\n<p><strong>Features:<\/strong><\/p>\n\n\n\n<ul class=\"wp-block-list\"><li>Abstruse Aufgaben<\/li><li>Lokalkolorit<\/li><li>zahlreiche Anspielungen<\/li><li>Schweinshaxen included<\/li><li>Originalsounds<\/li><li>Sprich mit (fast) allen <a href=\"https:\/\/www.theglade.com\/?page_id=816\" data-type=\"page\" data-id=\"816\">Zosse-Posse-Figuren<\/a><\/li><li>Zahlreiche Feinde: Enten, Powerenten, Stinger, FireStinger, Melony, Kaktena, Iceballs, Aga-Kr\u00f6ten, Hailinge, Ram-Tam-Tom und das Sumpfmonster<\/li><li>Spielst\u00e4nde abspeicherbar<\/li><li>Titelmusik featuring Pila-Pilgrims<\/li><\/ul>\n\n\n\n<section id=\"gm7592da2\" class=\"wp-block-gutentor-m2 section-gm7592da2 gutentor-module gutentor-dynamic-columns\"><div class=\"grid-container\"><div class=\"grid-row\">\n<div id=\"col-gm5cde2e\" class=\"wp-block-gutentor-m2-col col-gm5cde2e gutentor-module gutentor-dynamic-single-column grid-lg-4 grid-md-4 grid-12\"><div id=\"section-gm5cde2e\" class=\"section-gm5cde2e gutentor-single-col\">\n<div id=\"section-g597d1f\" class=\"wp-block-gutentor-e6 section-g597d1f gutentor-element gutentor-element-image\"><div class=\"gutentor-element-image-box\"><div class=\"gutentor-image-thumb\"><img decoding=\"async\" class=\"normal-image\" src=\"https:\/\/www.theglade.com\/wp-content\/uploads\/2021\/03\/lozp-screenshot1.png\"\/><\/div><\/div><\/div>\n<\/div><\/div>\n\n\n\n<div id=\"col-gm38f983\" class=\"wp-block-gutentor-m2-col col-gm38f983 gutentor-module gutentor-dynamic-single-column grid-lg-4 grid-md-4 grid-12\"><div id=\"section-gm38f983\" class=\"section-gm38f983 gutentor-single-col\">\n<div id=\"section-ge9c839\" class=\"wp-block-gutentor-e6 section-ge9c839 gutentor-element gutentor-element-image\"><div class=\"gutentor-element-image-box\"><div class=\"gutentor-image-thumb\"><img decoding=\"async\" class=\"normal-image\" src=\"https:\/\/www.theglade.com\/wp-content\/uploads\/2021\/03\/lozp-screenshot2.png\"\/><\/div><\/div><\/div>\n<\/div><\/div>\n\n\n\n<div id=\"col-gm6fa3a0\" class=\"wp-block-gutentor-m2-col col-gm6fa3a0 gutentor-module gutentor-dynamic-single-column grid-lg-4 grid-md-4 grid-12\"><div id=\"section-gm6fa3a0\" class=\"section-gm6fa3a0 gutentor-single-col\">\n<div id=\"section-gea2d56\" class=\"wp-block-gutentor-e6 section-gea2d56 gutentor-element gutentor-element-image\"><div class=\"gutentor-element-image-box\"><div class=\"gutentor-image-thumb\"><img decoding=\"async\" class=\"normal-image\" src=\"https:\/\/www.theglade.com\/wp-content\/uploads\/2021\/03\/screenshot3_400.jpg\"\/><\/div><\/div><\/div>\n<\/div><\/div>\n<\/div><\/div><\/section>\n\n\n\n<p> <\/p>\n\n\n\n<p><strong>Aktuelle Version:<\/strong><\/p>\n\n\n\n<p>Final 0.1<br>(Build: 24.01.2010<\/p>\n\n\n\n<p><a href=\"https:\/\/www.theglade.com\/wp-content\/uploads\/2021\/03\/lozp.zip\">Download<\/a>&nbsp;<\/p>\n","protected":false},"excerpt":{"rendered":"<p>Dieses Spiel ist das bisher umfangreichste und hatte mehrere Jahre Entwicklungszeit. Das Spiel orientiert sich an den alten Zelda-Spielen und hat eine vergleichbare Spielmechanik. Es wurde zwischen 2007 und 2009 mit BlitzBasic programmiert. Inhalt: Mach dich als Armin, der Metzler, auf den diffizilen und verdammt anstrengenden Weg das Zosse-Posse-Land vom fiesen Dr. B\u00f6sau zu befreien. <a class=\"more-link\" href=\"https:\/\/www.theglade.com\/?page_id=1144\">weiterlesen&#8230;<\/a><\/p>\n","protected":false},"author":1,"featured_media":0,"parent":693,"menu_order":0,"comment_status":"closed","ping_status":"closed","template":"","meta":{"footnotes":""},"class_list":["post-1144","page","type-page","status-publish","hentry"],"_links":{"self":[{"href":"https:\/\/www.theglade.com\/index.php?rest_route=\/wp\/v2\/pages\/1144","targetHints":{"allow":["GET"]}}],"collection":[{"href":"https:\/\/www.theglade.com\/index.php?rest_route=\/wp\/v2\/pages"}],"about":[{"href":"https:\/\/www.theglade.com\/index.php?rest_route=\/wp\/v2\/types\/page"}],"author":[{"embeddable":true,"href":"https:\/\/www.theglade.com\/index.php?rest_route=\/wp\/v2\/users\/1"}],"replies":[{"embeddable":true,"href":"https:\/\/www.theglade.com\/index.php?rest_route=%2Fwp%2Fv2%2Fcomments&post=1144"}],"version-history":[{"count":7,"href":"https:\/\/www.theglade.com\/index.php?rest_route=\/wp\/v2\/pages\/1144\/revisions"}],"predecessor-version":[{"id":1273,"href":"https:\/\/www.theglade.com\/index.php?rest_route=\/wp\/v2\/pages\/1144\/revisions\/1273"}],"up":[{"embeddable":true,"href":"https:\/\/www.theglade.com\/index.php?rest_route=\/wp\/v2\/pages\/693"}],"wp:attachment":[{"href":"https:\/\/www.theglade.com\/index.php?rest_route=%2Fwp%2Fv2%2Fmedia&parent=1144"}],"curies":[{"name":"wp","href":"https:\/\/api.w.org\/{rel}","templated":true}]}}