{"id":1129,"date":"2021-03-10T11:26:21","date_gmt":"2021-03-10T10:26:21","guid":{"rendered":"https:\/\/www.theglade.com\/?page_id=1129"},"modified":"2021-03-10T11:31:40","modified_gmt":"2021-03-10T10:31:40","slug":"pfarrplan-run","status":"publish","type":"page","link":"https:\/\/www.theglade.com\/?page_id=1129","title":{"rendered":"Pfarrplan RUN!!"},"content":{"rendered":"\n<div id=\"section-g6cc885\" class=\"wp-block-gutentor-e6 section-g6cc885 gutentor-element gutentor-element-image floatl\"><div class=\"gutentor-element-image-box\"><div class=\"gutentor-image-thumb\"><img decoding=\"async\" class=\"normal-image\" src=\"https:\/\/www.theglade.com\/wp-content\/uploads\/2021\/03\/screenshot1-300x169.png\"\/><\/div><\/div><\/div>\n\n\n\n<p>In der Evangelischen Landeskirche W\u00fcrttembergs m\u00fcssen Pfarrstellen gek\u00fcrzt werden. Der Prozess zum Pfarrplan 2024 ist m\u00fchsam und anstrengend.<br><br>In diesem einfachen Runner-Spiel wird der Prozess spielerisch erfahrbar. Die Hauptfigur, ein kleiner Gemeindepfarrer, rennt und springt durch die verschiedenen Regionen der Landeskirche. Ziel ist es immer, genug Gemeindeglieder einzusammeln um am Ende \u00fcber der Pastorationsdichte zu liegen. Es winkt am Ende der Erhalt der Pfarrstelle.<br><br>Auf dem Weg gibt es nicht nur Abgr\u00fcnde, sondern auch Brandbriefe, die den Prozess verhindern wollen. Zum Gl\u00fcck st\u00e4rken viele Sitzungsbrezeln auf dem Weg.<\/p>\n\n\n\n<p>Das Spiel ist eigentlich f\u00fcr Android entwickelt, es gibt jedoch auch eine im Browser spielbare Variante, die jedoch nicht ganz so fl\u00fcssig l\u00e4uft und auch vereinzelt Grafikfehler haben kann. Eine Ver\u00f6ffentlichung f\u00fcr iOS fand nicht statt.<\/p>\n\n\n\n<p>Das Spiel ist in <a href=\"https:\/\/play.google.com\/store\/apps\/details?id=com.tscs.pfarrplanrun\" target=\"_blank\" rel=\"noreferrer noopener\">Google Play<\/a> f\u00fcr Android Ger\u00e4te verf\u00fcgbar.<\/p>\n\n\n\n<p>Hier die Browservariante, Steuerung per Maus oder \u201cLeertaste\u201d.<\/p>\n\n\n\n<iframe src='https:\/\/www.theglade.com\/pfarrplanrun\/sample-index.html' width='568' height='320' allowtransparency='true' scrolling='no' style='border:none;' \/><\/iframe>\n\n\n\n<p><\/p>\n\n\n\n<p><strong>Aktuelle Version:<\/strong><\/p>\n\n\n\n<p>1.2.1 final<br>(Build: 26.03.2017)<\/p>\n\n\n\n<p>Dieses Spiel ist ein rein privates Projekt, alle Zahlen und Elemente des Spiels sind fiktiv. Jegliche \u00c4hnlichkeit mit realen Personen und Institutionen ist (unter)bewusst.<\/p>\n","protected":false},"excerpt":{"rendered":"<p>In der Evangelischen Landeskirche W\u00fcrttembergs m\u00fcssen Pfarrstellen gek\u00fcrzt werden. Der Prozess zum Pfarrplan 2024 ist m\u00fchsam und anstrengend. In diesem einfachen Runner-Spiel wird der Prozess spielerisch erfahrbar. Die Hauptfigur, ein kleiner Gemeindepfarrer, rennt und springt durch die verschiedenen Regionen der Landeskirche. Ziel ist es immer, genug Gemeindeglieder einzusammeln um am Ende \u00fcber der Pastorationsdichte zu <a class=\"more-link\" href=\"https:\/\/www.theglade.com\/?page_id=1129\">weiterlesen&#8230;<\/a><\/p>\n","protected":false},"author":1,"featured_media":0,"parent":693,"menu_order":0,"comment_status":"closed","ping_status":"closed","template":"","meta":{"footnotes":""},"class_list":["post-1129","page","type-page","status-publish","hentry"],"_links":{"self":[{"href":"https:\/\/www.theglade.com\/index.php?rest_route=\/wp\/v2\/pages\/1129","targetHints":{"allow":["GET"]}}],"collection":[{"href":"https:\/\/www.theglade.com\/index.php?rest_route=\/wp\/v2\/pages"}],"about":[{"href":"https:\/\/www.theglade.com\/index.php?rest_route=\/wp\/v2\/types\/page"}],"author":[{"embeddable":true,"href":"https:\/\/www.theglade.com\/index.php?rest_route=\/wp\/v2\/users\/1"}],"replies":[{"embeddable":true,"href":"https:\/\/www.theglade.com\/index.php?rest_route=%2Fwp%2Fv2%2Fcomments&post=1129"}],"version-history":[{"count":8,"href":"https:\/\/www.theglade.com\/index.php?rest_route=\/wp\/v2\/pages\/1129\/revisions"}],"predecessor-version":[{"id":1138,"href":"https:\/\/www.theglade.com\/index.php?rest_route=\/wp\/v2\/pages\/1129\/revisions\/1138"}],"up":[{"embeddable":true,"href":"https:\/\/www.theglade.com\/index.php?rest_route=\/wp\/v2\/pages\/693"}],"wp:attachment":[{"href":"https:\/\/www.theglade.com\/index.php?rest_route=%2Fwp%2Fv2%2Fmedia&parent=1129"}],"curies":[{"name":"wp","href":"https:\/\/api.w.org\/{rel}","templated":true}]}}