{"id":1024,"date":"2021-03-10T11:34:28","date_gmt":"2021-03-10T10:34:28","guid":{"rendered":"https:\/\/www.theglade.com\/?page_id=1024"},"modified":"2021-03-10T11:36:49","modified_gmt":"2021-03-10T10:36:49","slug":"steinmetz-run","status":"publish","type":"page","link":"https:\/\/www.theglade.com\/?page_id=1024","title":{"rendered":"Steinmetz RUN!!"},"content":{"rendered":"\n<div id=\"section-g2003cf\" class=\"wp-block-gutentor-e6 section-g2003cf gutentor-element gutentor-element-image floatl\"><div class=\"gutentor-element-image-box\"><div class=\"gutentor-image-thumb\"><img decoding=\"async\" class=\"normal-image\" src=\"https:\/\/www.theglade.com\/wp-content\/uploads\/2021\/03\/screenshot3a-300x169.png\"\/><\/div><\/div><\/div>\n\n\n\n<p>\u201cSteinmetz RUN!! \u2013 J\u00e4ger der verlorenen Haxen\u201d ist ein einfacher Runner. Ziel ist es, durch Spr\u00fcnge m\u00f6glichst alle Haxen in einem Level einzusammeln um sie zu Lothar Besenb\u00e4r in den Besen zu bringen. Der Einsatz wird dann durch guten Maier-Wein belohnt.<\/p>\n\n\n\n<p>Das Spiel ist momentan auf 8 Level beschr\u00e4nkt und verwendet zum Teil Grafiken und Sounds aus vorherigen Spielen. <\/p>\n\n\n\n<p>Das Spiel ist eigentlich f\u00fcr Android entwickelt, es gibt jedoch auch eine im Browser spielbare Variante, die jedoch nicht ganz so fl\u00fcssig l\u00e4uft und auch Schriftfehler bei den Umlauten hat. Eine Ver\u00f6ffentlichung f\u00fcr iOS nicht erfolgt.<\/p>\n\n\n\n<p>Das Spiel ist in <a href=\"https:\/\/play.google.com\/store\/apps\/details?id=com.khanproductions.steinmetzrun\" target=\"_blank\" rel=\"noreferrer noopener\">Google Play<\/a> f\u00fcr Android Ger\u00e4te verf\u00fcgbar. Es ist allerdings \u2013 kein Scherz \u2013 erst <strong>ab 18<\/strong> freigegeben! Grund daf\u00fcr: Verweis und Anreiz\/Verkl\u00e4rung von Alkohol.<\/p>\n\n\n\n<p>Hier die Browservariante, Steuerung per Maus oder \u201cLeertaste\u201d.<\/p>\n\n\n\n<iframe src='https:\/\/www.theglade.com\/steinmetzrun\/sample-index.html' width='568' height='320' allowtransparency='true' scrolling='no' style='border:none;' \/><\/iframe>\n\n\n\n<p><\/p>\n\n\n\n<p><strong>Aktuelle Version:<\/strong><\/p>\n\n\n\n<p>beta 1.0.9<br>(Build: 26.01.2017)<\/p>\n","protected":false},"excerpt":{"rendered":"<p>\u201cSteinmetz RUN!! \u2013 J\u00e4ger der verlorenen Haxen\u201d ist ein einfacher Runner. Ziel ist es, durch Spr\u00fcnge m\u00f6glichst alle Haxen in einem Level einzusammeln um sie zu Lothar Besenb\u00e4r in den Besen zu bringen. Der Einsatz wird dann durch guten Maier-Wein belohnt. Das Spiel ist momentan auf 8 Level beschr\u00e4nkt und verwendet zum Teil Grafiken und <a class=\"more-link\" href=\"https:\/\/www.theglade.com\/?page_id=1024\">weiterlesen&#8230;<\/a><\/p>\n","protected":false},"author":1,"featured_media":0,"parent":693,"menu_order":0,"comment_status":"closed","ping_status":"closed","template":"","meta":{"footnotes":""},"class_list":["post-1024","page","type-page","status-publish","hentry"],"_links":{"self":[{"href":"https:\/\/www.theglade.com\/index.php?rest_route=\/wp\/v2\/pages\/1024","targetHints":{"allow":["GET"]}}],"collection":[{"href":"https:\/\/www.theglade.com\/index.php?rest_route=\/wp\/v2\/pages"}],"about":[{"href":"https:\/\/www.theglade.com\/index.php?rest_route=\/wp\/v2\/types\/page"}],"author":[{"embeddable":true,"href":"https:\/\/www.theglade.com\/index.php?rest_route=\/wp\/v2\/users\/1"}],"replies":[{"embeddable":true,"href":"https:\/\/www.theglade.com\/index.php?rest_route=%2Fwp%2Fv2%2Fcomments&post=1024"}],"version-history":[{"count":3,"href":"https:\/\/www.theglade.com\/index.php?rest_route=\/wp\/v2\/pages\/1024\/revisions"}],"predecessor-version":[{"id":1143,"href":"https:\/\/www.theglade.com\/index.php?rest_route=\/wp\/v2\/pages\/1024\/revisions\/1143"}],"up":[{"embeddable":true,"href":"https:\/\/www.theglade.com\/index.php?rest_route=\/wp\/v2\/pages\/693"}],"wp:attachment":[{"href":"https:\/\/www.theglade.com\/index.php?rest_route=%2Fwp%2Fv2%2Fmedia&parent=1024"}],"curies":[{"name":"wp","href":"https:\/\/api.w.org\/{rel}","templated":true}]}}