{"id":1019,"date":"2021-03-10T00:16:14","date_gmt":"2021-03-09T23:16:14","guid":{"rendered":"https:\/\/www.theglade.com\/?page_id=1019"},"modified":"2021-03-10T00:18:20","modified_gmt":"2021-03-09T23:18:20","slug":"flecka-connection","status":"publish","type":"page","link":"https:\/\/www.theglade.com\/?page_id=1019","title":{"rendered":"Flecka-Connection"},"content":{"rendered":"\n<p>Zosse-Posse meets Schwoiga: L\u00e4ngst ist nicht nur die Zosse-Posse selbst Inhalt diverser Comics, sondern auch die Geschehnisse im Ort rund um einzelne Figuren.<\/p>\n\n\n\n<p>In dieser Rubrik befinden sich solche Zeichnungen von lustigen Begebenheiten aus Schwaikheim sowie die daf\u00fcr entworfenen Figuren. Ein komplettes B\u00fcchlein \u00fcber die Flecka-Connection ist &#8222;<a href=\"https:\/\/www.theglade.com\/?page_id=1021\" data-type=\"page\" data-id=\"1021\">Schwaikheimer DenkArt<\/a>&#8222;.<\/p>\n\n\n<div class=\"foogallery foogallery-container foogallery-justified foogallery-lightbox-foobox fg-justified fg-light fg-shadow-outline fg-loading-default fg-loaded-fade-in fg-caption-always fg-hover-fade fg-hover-zoom2 fg-ready\" id=\"foogallery-gallery-1003\" data-foogallery=\"{&quot;item&quot;:{&quot;showCaptionTitle&quot;:true,&quot;showCaptionDescription&quot;:false},&quot;lazy&quot;:true,&quot;src&quot;:&quot;data-src-fg&quot;,&quot;srcset&quot;:&quot;data-srcset-fg&quot;,&quot;template&quot;:{&quot;rowHeight&quot;:200,&quot;maxRowHeight&quot;:&quot;150%&quot;,&quot;margins&quot;:20,&quot;lastRow&quot;:&quot;nojustify&quot;}}\" data-fg-common-fields=\"1\" >\r\n\t<div class=\"fg-item\"><figure class=\"fg-item-inner\"><a href=\"https:\/\/www.theglade.com\/wp-content\/uploads\/2021\/03\/imwiththecommander2.png\" data-attachment-id=\"1004\" class=\"fg-thumb\"><span class=\"fg-image-wrap\"><img height=\"250\" width=\"273\" data-src-fg=\"https:\/\/www.theglade.com\/wp-content\/uploads\/cache\/2021\/03\/imwiththecommander2\/3621270337.png\" class=\"fg-image\" \/><\/span><\/a><figcaption class=\"fg-caption\"><div class=\"fg-caption-inner\"><\/div><\/figcaption><\/figure><div class=\"fg-loader\"><\/div><\/div><div class=\"fg-item\"><figure class=\"fg-item-inner\"><a href=\"https:\/\/www.theglade.com\/wp-content\/uploads\/2021\/03\/3xwilly.png\" data-attachment-id=\"1005\" class=\"fg-thumb\"><span class=\"fg-image-wrap\"><img height=\"250\" width=\"372\" data-src-fg=\"https:\/\/www.theglade.com\/wp-content\/uploads\/cache\/2021\/03\/3xwilly\/1955276830.png\" class=\"fg-image\" \/><\/span><\/a><figcaption class=\"fg-caption\"><div class=\"fg-caption-inner\"><\/div><\/figcaption><\/figure><div class=\"fg-loader\"><\/div><\/div><div class=\"fg-item\"><figure class=\"fg-item-inner\"><a href=\"https:\/\/www.theglade.com\/wp-content\/uploads\/2021\/03\/robby_1000.png\" data-attachment-id=\"660\" class=\"fg-thumb\"><span class=\"fg-image-wrap\"><img height=\"250\" width=\"315\" data-src-fg=\"https:\/\/www.theglade.com\/wp-content\/uploads\/cache\/2021\/03\/robby_1000\/4025343699.png\" class=\"fg-image\" \/><\/span><\/a><figcaption class=\"fg-caption\"><div class=\"fg-caption-inner\"><\/div><\/figcaption><\/figure><div class=\"fg-loader\"><\/div><\/div><div class=\"fg-item\"><figure class=\"fg-item-inner\"><a href=\"https:\/\/www.theglade.com\/wp-content\/uploads\/2021\/03\/dieter51_1000.jpg\" data-attachment-id=\"651\" class=\"fg-thumb\"><span class=\"fg-image-wrap\"><img height=\"250\" width=\"173\" data-src-fg=\"https:\/\/www.theglade.com\/wp-content\/uploads\/cache\/2021\/03\/dieter51_1000\/2274460276.jpg\" class=\"fg-image\" \/><\/span><\/a><figcaption class=\"fg-caption\"><div class=\"fg-caption-inner\"><\/div><\/figcaption><\/figure><div class=\"fg-loader\"><\/div><\/div><div class=\"fg-item\"><figure class=\"fg-item-inner\"><a href=\"https:\/\/www.theglade.com\/wp-content\/uploads\/2021\/03\/neujahr2010.jpg\" data-attachment-id=\"658\" class=\"fg-thumb\"><span class=\"fg-image-wrap\"><img height=\"250\" width=\"317\" data-src-fg=\"https:\/\/www.theglade.com\/wp-content\/uploads\/cache\/2021\/03\/neujahr2010\/210931062.jpg\" class=\"fg-image\" \/><\/span><\/a><figcaption class=\"fg-caption\"><div class=\"fg-caption-inner\"><\/div><\/figcaption><\/figure><div class=\"fg-loader\"><\/div><\/div><div class=\"fg-item\"><figure class=\"fg-item-inner\"><a href=\"https:\/\/www.theglade.com\/wp-content\/uploads\/2021\/03\/murmelclan1000.jpg\" data-attachment-id=\"657\" class=\"fg-thumb\"><span class=\"fg-image-wrap\"><img height=\"250\" width=\"573\" data-src-fg=\"https:\/\/www.theglade.com\/wp-content\/uploads\/cache\/2021\/03\/murmelclan1000\/3775448622.jpg\" class=\"fg-image\" \/><\/span><\/a><figcaption class=\"fg-caption\"><div class=\"fg-caption-inner\"><\/div><\/figcaption><\/figure><div class=\"fg-loader\"><\/div><\/div><div class=\"fg-item\"><figure class=\"fg-item-inner\"><a href=\"https:\/\/www.theglade.com\/wp-content\/uploads\/2021\/03\/murmel_uli800.jpg\" data-attachment-id=\"656\" class=\"fg-thumb\"><span class=\"fg-image-wrap\"><img height=\"250\" width=\"224\" data-src-fg=\"https:\/\/www.theglade.com\/wp-content\/uploads\/cache\/2021\/03\/murmel_uli800\/1704869386.jpg\" class=\"fg-image\" \/><\/span><\/a><figcaption class=\"fg-caption\"><div class=\"fg-caption-inner\"><\/div><\/figcaption><\/figure><div class=\"fg-loader\"><\/div><\/div><div class=\"fg-item\"><figure class=\"fg-item-inner\"><a href=\"https:\/\/www.theglade.com\/wp-content\/uploads\/2021\/03\/drhippo700.gif\" data-attachment-id=\"652\" class=\"fg-thumb\"><span class=\"fg-image-wrap\"><img height=\"250\" width=\"300\" data-src-fg=\"https:\/\/www.theglade.com\/wp-content\/uploads\/cache\/2021\/03\/drhippo700\/1449199312.png\" class=\"fg-image\" \/><\/span><\/a><figcaption class=\"fg-caption\"><div class=\"fg-caption-inner\"><\/div><\/figcaption><\/figure><div class=\"fg-loader\"><\/div><\/div><div class=\"fg-item\"><figure class=\"fg-item-inner\"><a href=\"https:\/\/www.theglade.com\/wp-content\/uploads\/2021\/03\/apophiz_amphore800.gif\" data-attachment-id=\"662\" class=\"fg-thumb\"><span class=\"fg-image-wrap\"><img height=\"250\" width=\"340\" data-src-fg=\"https:\/\/www.theglade.com\/wp-content\/uploads\/cache\/2021\/03\/apophiz_amphore800\/3099354752.png\" class=\"fg-image\" \/><\/span><\/a><figcaption class=\"fg-caption\"><div class=\"fg-caption-inner\"><\/div><\/figcaption><\/figure><div class=\"fg-loader\"><\/div><\/div><div class=\"fg-item\"><figure class=\"fg-item-inner\"><a href=\"https:\/\/www.theglade.com\/wp-content\/uploads\/2021\/03\/magischermaki600.png\" data-attachment-id=\"655\" class=\"fg-thumb\"><span class=\"fg-image-wrap\"><img height=\"250\" width=\"170\" data-src-fg=\"https:\/\/www.theglade.com\/wp-content\/uploads\/cache\/2021\/03\/magischermaki600\/1313020967.png\" class=\"fg-image\" \/><\/span><\/a><figcaption class=\"fg-caption\"><div class=\"fg-caption-inner\"><\/div><\/figcaption><\/figure><div class=\"fg-loader\"><\/div><\/div><div class=\"fg-item\"><figure class=\"fg-item-inner\"><a href=\"https:\/\/www.theglade.com\/wp-content\/uploads\/2021\/03\/brucleopard600.gif\" data-attachment-id=\"650\" class=\"fg-thumb\"><span class=\"fg-image-wrap\"><img height=\"250\" width=\"241\" data-src-fg=\"https:\/\/www.theglade.com\/wp-content\/uploads\/cache\/2021\/03\/brucleopard600\/4276070282.png\" class=\"fg-image\" \/><\/span><\/a><figcaption class=\"fg-caption\"><div class=\"fg-caption-inner\"><\/div><\/figcaption><\/figure><div class=\"fg-loader\"><\/div><\/div><div class=\"fg-item\"><figure class=\"fg-item-inner\"><a href=\"https:\/\/www.theglade.com\/wp-content\/uploads\/2021\/03\/Foto-Holzpuzzle-1.png\" data-attachment-id=\"654\" class=\"fg-thumb\"><span class=\"fg-image-wrap\"><img height=\"250\" width=\"447\" data-src-fg=\"https:\/\/www.theglade.com\/wp-content\/uploads\/cache\/2021\/03\/Foto-Holzpuzzle-1\/637168593.png\" class=\"fg-image\" \/><\/span><\/a><figcaption class=\"fg-caption\"><div class=\"fg-caption-inner\"><\/div><\/figcaption><\/figure><div class=\"fg-loader\"><\/div><\/div><div class=\"fg-item\"><figure class=\"fg-item-inner\"><a href=\"https:\/\/www.theglade.com\/wp-content\/uploads\/2021\/03\/Flecka-Connection1024.jpg\" data-attachment-id=\"653\" class=\"fg-thumb\"><span class=\"fg-image-wrap\"><img height=\"250\" width=\"371\" data-src-fg=\"https:\/\/www.theglade.com\/wp-content\/uploads\/cache\/2021\/03\/Flecka-Connection1024\/268477764.jpg\" class=\"fg-image\" \/><\/span><\/a><figcaption class=\"fg-caption\"><div class=\"fg-caption-inner\"><\/div><\/figcaption><\/figure><div class=\"fg-loader\"><\/div><\/div><\/div>\r\n","protected":false},"excerpt":{"rendered":"<p>Zosse-Posse meets Schwoiga: L\u00e4ngst ist nicht nur die Zosse-Posse selbst Inhalt diverser Comics, sondern auch die Geschehnisse im Ort rund um einzelne Figuren. In dieser Rubrik befinden sich solche Zeichnungen von lustigen Begebenheiten aus Schwaikheim sowie die daf\u00fcr entworfenen Figuren. Ein komplettes B\u00fcchlein \u00fcber die Flecka-Connection ist &#8222;Schwaikheimer DenkArt&#8222;.<\/p>\n","protected":false},"author":1,"featured_media":0,"parent":1007,"menu_order":0,"comment_status":"closed","ping_status":"closed","template":"","meta":{"footnotes":""},"class_list":["post-1019","page","type-page","status-publish","hentry"],"_links":{"self":[{"href":"https:\/\/www.theglade.com\/index.php?rest_route=\/wp\/v2\/pages\/1019","targetHints":{"allow":["GET"]}}],"collection":[{"href":"https:\/\/www.theglade.com\/index.php?rest_route=\/wp\/v2\/pages"}],"about":[{"href":"https:\/\/www.theglade.com\/index.php?rest_route=\/wp\/v2\/types\/page"}],"author":[{"embeddable":true,"href":"https:\/\/www.theglade.com\/index.php?rest_route=\/wp\/v2\/users\/1"}],"replies":[{"embeddable":true,"href":"https:\/\/www.theglade.com\/index.php?rest_route=%2Fwp%2Fv2%2Fcomments&post=1019"}],"version-history":[{"count":2,"href":"https:\/\/www.theglade.com\/index.php?rest_route=\/wp\/v2\/pages\/1019\/revisions"}],"predecessor-version":[{"id":1023,"href":"https:\/\/www.theglade.com\/index.php?rest_route=\/wp\/v2\/pages\/1019\/revisions\/1023"}],"up":[{"embeddable":true,"href":"https:\/\/www.theglade.com\/index.php?rest_route=\/wp\/v2\/pages\/1007"}],"wp:attachment":[{"href":"https:\/\/www.theglade.com\/index.php?rest_route=%2Fwp%2Fv2%2Fmedia&parent=1019"}],"curies":[{"name":"wp","href":"https:\/\/api.w.org\/{rel}","templated":true}]}}