{"id":1017,"date":"2021-03-10T00:14:27","date_gmt":"2021-03-09T23:14:27","guid":{"rendered":"https:\/\/www.theglade.com\/?page_id=1017"},"modified":"2021-03-10T00:14:27","modified_gmt":"2021-03-09T23:14:27","slug":"wild-killer-things-australia","status":"publish","type":"page","link":"https:\/\/www.theglade.com\/?page_id=1017","title":{"rendered":"Wild Killer Things: Australia"},"content":{"rendered":"\n<p>Dieses kleine B\u00fcchlein entstand als Abschiedsgeschenk f\u00fcr Armin, als er f\u00fcr ein halbes Jahr nach Australien ging.<\/p>\n\n\n<div class=\"foogallery foogallery-container foogallery-justified foogallery-lightbox-foobox fg-justified fg-light fg-shadow-outline fg-loading-default fg-loaded-fade-in fg-caption-always fg-hover-fade fg-hover-zoom2 fg-ready\" id=\"foogallery-gallery-988\" data-foogallery=\"{&quot;item&quot;:{&quot;showCaptionTitle&quot;:true,&quot;showCaptionDescription&quot;:false},&quot;lazy&quot;:true,&quot;src&quot;:&quot;data-src-fg&quot;,&quot;srcset&quot;:&quot;data-srcset-fg&quot;,&quot;template&quot;:{&quot;rowHeight&quot;:200,&quot;maxRowHeight&quot;:&quot;150%&quot;,&quot;margins&quot;:20,&quot;lastRow&quot;:&quot;nojustify&quot;}}\" data-fg-common-fields=\"1\" >\r\n\t<div class=\"fg-item\"><figure class=\"fg-item-inner\"><a href=\"https:\/\/www.theglade.com\/wp-content\/uploads\/2021\/03\/00Deckblatt.gif\" data-attachment-id=\"521\" class=\"fg-thumb\"><span class=\"fg-image-wrap\"><img height=\"250\" width=\"289\" data-src-fg=\"https:\/\/www.theglade.com\/wp-content\/uploads\/cache\/2021\/03\/00Deckblatt\/3840923793.png\" class=\"fg-image\" \/><\/span><\/a><figcaption class=\"fg-caption\"><div class=\"fg-caption-inner\"><\/div><\/figcaption><\/figure><div class=\"fg-loader\"><\/div><\/div><div class=\"fg-item\"><figure class=\"fg-item-inner\"><a href=\"https:\/\/www.theglade.com\/wp-content\/uploads\/2021\/03\/01.gif\" data-attachment-id=\"522\" class=\"fg-thumb\"><span class=\"fg-image-wrap\"><img height=\"250\" width=\"293\" data-src-fg=\"https:\/\/www.theglade.com\/wp-content\/uploads\/cache\/2021\/03\/01\/1981875927.png\" class=\"fg-image\" \/><\/span><\/a><figcaption class=\"fg-caption\"><div class=\"fg-caption-inner\"><\/div><\/figcaption><\/figure><div class=\"fg-loader\"><\/div><\/div><div class=\"fg-item\"><figure class=\"fg-item-inner\"><a href=\"https:\/\/www.theglade.com\/wp-content\/uploads\/2021\/03\/24.gif\" data-attachment-id=\"519\" class=\"fg-thumb\"><span class=\"fg-image-wrap\"><img height=\"250\" width=\"276\" data-src-fg=\"https:\/\/www.theglade.com\/wp-content\/uploads\/cache\/2021\/03\/24\/3663257530.png\" class=\"fg-image\" \/><\/span><\/a><figcaption class=\"fg-caption\"><div class=\"fg-caption-inner\"><\/div><\/figcaption><\/figure><div class=\"fg-loader\"><\/div><\/div><div class=\"fg-item\"><figure class=\"fg-item-inner\"><a href=\"https:\/\/www.theglade.com\/wp-content\/uploads\/2021\/03\/23.gif\" data-attachment-id=\"518\" class=\"fg-thumb\"><span class=\"fg-image-wrap\"><img height=\"250\" width=\"276\" data-src-fg=\"https:\/\/www.theglade.com\/wp-content\/uploads\/cache\/2021\/03\/23\/3246737567.png\" class=\"fg-image\" \/><\/span><\/a><figcaption class=\"fg-caption\"><div class=\"fg-caption-inner\"><\/div><\/figcaption><\/figure><div class=\"fg-loader\"><\/div><\/div><div class=\"fg-item\"><figure class=\"fg-item-inner\"><a href=\"https:\/\/www.theglade.com\/wp-content\/uploads\/2021\/03\/22.gif\" data-attachment-id=\"517\" class=\"fg-thumb\"><span class=\"fg-image-wrap\"><img height=\"250\" width=\"298\" data-src-fg=\"https:\/\/www.theglade.com\/wp-content\/uploads\/cache\/2021\/03\/22\/4070597461.png\" class=\"fg-image\" \/><\/span><\/a><figcaption class=\"fg-caption\"><div class=\"fg-caption-inner\"><\/div><\/figcaption><\/figure><div class=\"fg-loader\"><\/div><\/div><div class=\"fg-item\"><figure class=\"fg-item-inner\"><a href=\"https:\/\/www.theglade.com\/wp-content\/uploads\/2021\/03\/21.gif\" data-attachment-id=\"516\" class=\"fg-thumb\"><span class=\"fg-image-wrap\"><img height=\"250\" width=\"282\" data-src-fg=\"https:\/\/www.theglade.com\/wp-content\/uploads\/cache\/2021\/03\/21\/1832385162.png\" class=\"fg-image\" \/><\/span><\/a><figcaption class=\"fg-caption\"><div class=\"fg-caption-inner\"><\/div><\/figcaption><\/figure><div class=\"fg-loader\"><\/div><\/div><div class=\"fg-item\"><figure class=\"fg-item-inner\"><a href=\"https:\/\/www.theglade.com\/wp-content\/uploads\/2021\/03\/20.gif\" data-attachment-id=\"515\" class=\"fg-thumb\"><span class=\"fg-image-wrap\"><img height=\"250\" width=\"276\" data-src-fg=\"https:\/\/www.theglade.com\/wp-content\/uploads\/cache\/2021\/03\/20\/2461292624.png\" class=\"fg-image\" \/><\/span><\/a><figcaption class=\"fg-caption\"><div class=\"fg-caption-inner\"><\/div><\/figcaption><\/figure><div class=\"fg-loader\"><\/div><\/div><div class=\"fg-item\"><figure class=\"fg-item-inner\"><a href=\"https:\/\/www.theglade.com\/wp-content\/uploads\/2021\/03\/19.gif\" data-attachment-id=\"514\" class=\"fg-thumb\"><span class=\"fg-image-wrap\"><img height=\"250\" width=\"266\" data-src-fg=\"https:\/\/www.theglade.com\/wp-content\/uploads\/cache\/2021\/03\/19\/2775507330.png\" class=\"fg-image\" \/><\/span><\/a><figcaption class=\"fg-caption\"><div class=\"fg-caption-inner\"><\/div><\/figcaption><\/figure><div class=\"fg-loader\"><\/div><\/div><div class=\"fg-item\"><figure class=\"fg-item-inner\"><a href=\"https:\/\/www.theglade.com\/wp-content\/uploads\/2021\/03\/18.gif\" data-attachment-id=\"513\" class=\"fg-thumb\"><span class=\"fg-image-wrap\"><img height=\"250\" width=\"288\" data-src-fg=\"https:\/\/www.theglade.com\/wp-content\/uploads\/cache\/2021\/03\/18\/512703400.png\" class=\"fg-image\" \/><\/span><\/a><figcaption class=\"fg-caption\"><div class=\"fg-caption-inner\"><\/div><\/figcaption><\/figure><div class=\"fg-loader\"><\/div><\/div><div class=\"fg-item\"><figure class=\"fg-item-inner\"><a href=\"https:\/\/www.theglade.com\/wp-content\/uploads\/2021\/03\/17.gif\" data-attachment-id=\"512\" class=\"fg-thumb\"><span class=\"fg-image-wrap\"><img height=\"250\" width=\"284\" data-src-fg=\"https:\/\/www.theglade.com\/wp-content\/uploads\/cache\/2021\/03\/17\/3602364216.png\" class=\"fg-image\" \/><\/span><\/a><figcaption class=\"fg-caption\"><div class=\"fg-caption-inner\"><\/div><\/figcaption><\/figure><div class=\"fg-loader\"><\/div><\/div><div class=\"fg-item\"><figure class=\"fg-item-inner\"><a href=\"https:\/\/www.theglade.com\/wp-content\/uploads\/2021\/03\/16.gif\" data-attachment-id=\"511\" class=\"fg-thumb\"><span class=\"fg-image-wrap\"><img height=\"250\" width=\"274\" data-src-fg=\"https:\/\/www.theglade.com\/wp-content\/uploads\/cache\/2021\/03\/16\/691279330.png\" class=\"fg-image\" \/><\/span><\/a><figcaption class=\"fg-caption\"><div class=\"fg-caption-inner\"><\/div><\/figcaption><\/figure><div class=\"fg-loader\"><\/div><\/div><div class=\"fg-item\"><figure class=\"fg-item-inner\"><a href=\"https:\/\/www.theglade.com\/wp-content\/uploads\/2021\/03\/15.gif\" data-attachment-id=\"510\" class=\"fg-thumb\"><span class=\"fg-image-wrap\"><img height=\"250\" width=\"280\" data-src-fg=\"https:\/\/www.theglade.com\/wp-content\/uploads\/cache\/2021\/03\/15\/3064171581.png\" class=\"fg-image\" \/><\/span><\/a><figcaption class=\"fg-caption\"><div class=\"fg-caption-inner\"><\/div><\/figcaption><\/figure><div class=\"fg-loader\"><\/div><\/div><div class=\"fg-item\"><figure class=\"fg-item-inner\"><a href=\"https:\/\/www.theglade.com\/wp-content\/uploads\/2021\/03\/14.gif\" data-attachment-id=\"509\" class=\"fg-thumb\"><span class=\"fg-image-wrap\"><img height=\"250\" width=\"276\" data-src-fg=\"https:\/\/www.theglade.com\/wp-content\/uploads\/cache\/2021\/03\/14\/3433793382.png\" class=\"fg-image\" \/><\/span><\/a><figcaption class=\"fg-caption\"><div class=\"fg-caption-inner\"><\/div><\/figcaption><\/figure><div class=\"fg-loader\"><\/div><\/div><div class=\"fg-item\"><figure class=\"fg-item-inner\"><a href=\"https:\/\/www.theglade.com\/wp-content\/uploads\/2021\/03\/13.gif\" data-attachment-id=\"508\" class=\"fg-thumb\"><span class=\"fg-image-wrap\"><img height=\"250\" width=\"280\" data-src-fg=\"https:\/\/www.theglade.com\/wp-content\/uploads\/cache\/2021\/03\/13\/3614838851.png\" class=\"fg-image\" \/><\/span><\/a><figcaption class=\"fg-caption\"><div class=\"fg-caption-inner\"><\/div><\/figcaption><\/figure><div class=\"fg-loader\"><\/div><\/div><div class=\"fg-item\"><figure class=\"fg-item-inner\"><a href=\"https:\/\/www.theglade.com\/wp-content\/uploads\/2021\/03\/12.gif\" data-attachment-id=\"507\" class=\"fg-thumb\"><span class=\"fg-image-wrap\"><img height=\"250\" width=\"278\" data-src-fg=\"https:\/\/www.theglade.com\/wp-content\/uploads\/cache\/2021\/03\/12\/3830659977.png\" class=\"fg-image\" \/><\/span><\/a><figcaption class=\"fg-caption\"><div class=\"fg-caption-inner\"><\/div><\/figcaption><\/figure><div class=\"fg-loader\"><\/div><\/div><div class=\"fg-item\"><figure class=\"fg-item-inner\"><a href=\"https:\/\/www.theglade.com\/wp-content\/uploads\/2021\/03\/11.gif\" data-attachment-id=\"506\" class=\"fg-thumb\"><span class=\"fg-image-wrap\"><img height=\"250\" width=\"280\" data-src-fg=\"https:\/\/www.theglade.com\/wp-content\/uploads\/cache\/2021\/03\/11\/2076484182.png\" class=\"fg-image\" \/><\/span><\/a><figcaption class=\"fg-caption\"><div class=\"fg-caption-inner\"><\/div><\/figcaption><\/figure><div class=\"fg-loader\"><\/div><\/div><div class=\"fg-item\"><figure class=\"fg-item-inner\"><a href=\"https:\/\/www.theglade.com\/wp-content\/uploads\/2021\/03\/10.gif\" data-attachment-id=\"505\" class=\"fg-thumb\"><span class=\"fg-image-wrap\"><img height=\"250\" width=\"295\" data-src-fg=\"https:\/\/www.theglade.com\/wp-content\/uploads\/cache\/2021\/03\/10\/2219245708.png\" class=\"fg-image\" \/><\/span><\/a><figcaption class=\"fg-caption\"><div class=\"fg-caption-inner\"><\/div><\/figcaption><\/figure><div class=\"fg-loader\"><\/div><\/div><div class=\"fg-item\"><figure class=\"fg-item-inner\"><a href=\"https:\/\/www.theglade.com\/wp-content\/uploads\/2021\/03\/09.gif\" data-attachment-id=\"504\" class=\"fg-thumb\"><span class=\"fg-image-wrap\"><img height=\"250\" width=\"286\" data-src-fg=\"https:\/\/www.theglade.com\/wp-content\/uploads\/cache\/2021\/03\/09\/2641072600.png\" class=\"fg-image\" \/><\/span><\/a><figcaption class=\"fg-caption\"><div class=\"fg-caption-inner\"><\/div><\/figcaption><\/figure><div class=\"fg-loader\"><\/div><\/div><div class=\"fg-item\"><figure class=\"fg-item-inner\"><a href=\"https:\/\/www.theglade.com\/wp-content\/uploads\/2021\/03\/08.gif\" data-attachment-id=\"503\" class=\"fg-thumb\"><span class=\"fg-image-wrap\"><img height=\"250\" width=\"274\" data-src-fg=\"https:\/\/www.theglade.com\/wp-content\/uploads\/cache\/2021\/03\/08\/646597618.png\" class=\"fg-image\" \/><\/span><\/a><figcaption class=\"fg-caption\"><div class=\"fg-caption-inner\"><\/div><\/figcaption><\/figure><div class=\"fg-loader\"><\/div><\/div><div class=\"fg-item\"><figure class=\"fg-item-inner\"><a href=\"https:\/\/www.theglade.com\/wp-content\/uploads\/2021\/03\/07.gif\" data-attachment-id=\"502\" class=\"fg-thumb\"><span class=\"fg-image-wrap\"><img height=\"250\" width=\"274\" data-src-fg=\"https:\/\/www.theglade.com\/wp-content\/uploads\/cache\/2021\/03\/07\/4004693858.png\" class=\"fg-image\" \/><\/span><\/a><figcaption class=\"fg-caption\"><div class=\"fg-caption-inner\"><\/div><\/figcaption><\/figure><div class=\"fg-loader\"><\/div><\/div><div class=\"fg-item\"><figure class=\"fg-item-inner\"><a href=\"https:\/\/www.theglade.com\/wp-content\/uploads\/2021\/03\/06.gif\" data-attachment-id=\"501\" class=\"fg-thumb\"><span class=\"fg-image-wrap\"><img height=\"250\" width=\"277\" data-src-fg=\"https:\/\/www.theglade.com\/wp-content\/uploads\/cache\/2021\/03\/06\/288449976.png\" class=\"fg-image\" \/><\/span><\/a><figcaption class=\"fg-caption\"><div class=\"fg-caption-inner\"><\/div><\/figcaption><\/figure><div class=\"fg-loader\"><\/div><\/div><div class=\"fg-item\"><figure class=\"fg-item-inner\"><a href=\"https:\/\/www.theglade.com\/wp-content\/uploads\/2021\/03\/05.gif\" data-attachment-id=\"500\" class=\"fg-thumb\"><span class=\"fg-image-wrap\"><img height=\"250\" width=\"278\" data-src-fg=\"https:\/\/www.theglade.com\/wp-content\/uploads\/cache\/2021\/03\/05\/2393308263.png\" class=\"fg-image\" \/><\/span><\/a><figcaption class=\"fg-caption\"><div class=\"fg-caption-inner\"><\/div><\/figcaption><\/figure><div class=\"fg-loader\"><\/div><\/div><div class=\"fg-item\"><figure class=\"fg-item-inner\"><a href=\"https:\/\/www.theglade.com\/wp-content\/uploads\/2021\/03\/04.gif\" data-attachment-id=\"499\" class=\"fg-thumb\"><span class=\"fg-image-wrap\"><img height=\"250\" width=\"268\" data-src-fg=\"https:\/\/www.theglade.com\/wp-content\/uploads\/cache\/2021\/03\/04\/812123921.png\" class=\"fg-image\" \/><\/span><\/a><figcaption class=\"fg-caption\"><div class=\"fg-caption-inner\"><\/div><\/figcaption><\/figure><div class=\"fg-loader\"><\/div><\/div><div class=\"fg-item\"><figure class=\"fg-item-inner\"><a href=\"https:\/\/www.theglade.com\/wp-content\/uploads\/2021\/03\/03.gif\" data-attachment-id=\"498\" class=\"fg-thumb\"><span class=\"fg-image-wrap\"><img height=\"250\" width=\"279\" data-src-fg=\"https:\/\/www.theglade.com\/wp-content\/uploads\/cache\/2021\/03\/03\/733319220.png\" class=\"fg-image\" \/><\/span><\/a><figcaption class=\"fg-caption\"><div class=\"fg-caption-inner\"><\/div><\/figcaption><\/figure><div class=\"fg-loader\"><\/div><\/div><div class=\"fg-item\"><figure class=\"fg-item-inner\"><a href=\"https:\/\/www.theglade.com\/wp-content\/uploads\/2021\/03\/02.gif\" data-attachment-id=\"497\" class=\"fg-thumb\"><span class=\"fg-image-wrap\"><img height=\"250\" width=\"279\" data-src-fg=\"https:\/\/www.theglade.com\/wp-content\/uploads\/cache\/2021\/03\/02\/412138494.png\" class=\"fg-image\" \/><\/span><\/a><figcaption class=\"fg-caption\"><div class=\"fg-caption-inner\"><\/div><\/figcaption><\/figure><div class=\"fg-loader\"><\/div><\/div><div class=\"fg-item\"><figure class=\"fg-item-inner\"><a href=\"https:\/\/www.theglade.com\/wp-content\/uploads\/2021\/03\/25rueckseite.gif\" data-attachment-id=\"520\" class=\"fg-thumb\"><span class=\"fg-image-wrap\"><img height=\"250\" width=\"287\" data-src-fg=\"https:\/\/www.theglade.com\/wp-content\/uploads\/cache\/2021\/03\/25rueckseite\/4022536521.png\" class=\"fg-image\" \/><\/span><\/a><figcaption class=\"fg-caption\"><div class=\"fg-caption-inner\"><\/div><\/figcaption><\/figure><div class=\"fg-loader\"><\/div><\/div><\/div>\r\n","protected":false},"excerpt":{"rendered":"<p>Dieses kleine B\u00fcchlein entstand als Abschiedsgeschenk f\u00fcr Armin, als er f\u00fcr ein halbes Jahr nach Australien ging.<\/p>\n","protected":false},"author":1,"featured_media":0,"parent":1007,"menu_order":0,"comment_status":"closed","ping_status":"closed","template":"","meta":{"footnotes":""},"class_list":["post-1017","page","type-page","status-publish","hentry"],"_links":{"self":[{"href":"https:\/\/www.theglade.com\/index.php?rest_route=\/wp\/v2\/pages\/1017","targetHints":{"allow":["GET"]}}],"collection":[{"href":"https:\/\/www.theglade.com\/index.php?rest_route=\/wp\/v2\/pages"}],"about":[{"href":"https:\/\/www.theglade.com\/index.php?rest_route=\/wp\/v2\/types\/page"}],"author":[{"embeddable":true,"href":"https:\/\/www.theglade.com\/index.php?rest_route=\/wp\/v2\/users\/1"}],"replies":[{"embeddable":true,"href":"https:\/\/www.theglade.com\/index.php?rest_route=%2Fwp%2Fv2%2Fcomments&post=1017"}],"version-history":[{"count":1,"href":"https:\/\/www.theglade.com\/index.php?rest_route=\/wp\/v2\/pages\/1017\/revisions"}],"predecessor-version":[{"id":1018,"href":"https:\/\/www.theglade.com\/index.php?rest_route=\/wp\/v2\/pages\/1017\/revisions\/1018"}],"up":[{"embeddable":true,"href":"https:\/\/www.theglade.com\/index.php?rest_route=\/wp\/v2\/pages\/1007"}],"wp:attachment":[{"href":"https:\/\/www.theglade.com\/index.php?rest_route=%2Fwp%2Fv2%2Fmedia&parent=1017"}],"curies":[{"name":"wp","href":"https:\/\/api.w.org\/{rel}","templated":true}]}}